{"id":3657,"date":"2016-04-05T02:40:43","date_gmt":"2016-04-05T00:40:43","guid":{"rendered":"https:\/\/raulbartolome.com\/?post_type=product&#038;p=3657"},"modified":"2025-01-21T01:45:39","modified_gmt":"2025-01-21T00:45:39","slug":"improvement-opportunities-for-engineering-services-providers-in-automotive-original-equipment-manufacturers-electrical-electronics-systems","status":"publish","type":"product","link":"https:\/\/raulbartolome.com\/es\/producto\/improvement-opportunities-for-engineering-services-providers-in-automotive-original-equipment-manufacturers-electrical-electronics-systems\/","title":{"rendered":"Oportunidades de mejora para proveedores de servicios de ingenier\u00eda en fabricantes de equipos originales automotrices Sistemas el\u00e9ctricos\/electr\u00f3nicos"},"content":{"rendered":"","protected":false},"excerpt":{"rendered":"<p>El objetivo de este ensayo es identificar oportunidades de mejora para las empresas proveedoras de servicios de ingenier\u00eda (ESP) en el campo del desarrollo de sistemas el\u00e9ctricos\/electr\u00f3nicos (E\/E) de fabricaci\u00f3n de equipos originales (OEM) automotrices. Las mejoras se identifican comparando ESP en la industria automotriz con la industria de TI utilizando Agile Software Development (ASD) con Scrum.<\/p>\n<p>El camino l\u00f3gico seguido en este ensayo es:<\/p>\n<ol>\n<li>Contexto de las empresas ESP en sistemas E\/E OEM de automoci\u00f3n.<\/li>\n<li>Herramienta de indicador clave de rendimiento (KPI) para la evaluaci\u00f3n de ESP.<\/li>\n<li>An\u00e1lisis de ESP en sistema OEM E\/E utilizando V-Model.<\/li>\n<li>An\u00e1lisis de ESP en la industria TI utilizando Scrum.<\/li>\n<li>Comparaci\u00f3n de resultados de KPIs.<\/li>\n<li>Conclusiones.<\/li>\n<\/ol>\n<p>La descarga incluye el trabajo completo en pdf.<\/p>","protected":false},"featured_media":3063,"comment_status":"open","ping_status":"closed","template":"","meta":{"ocean_post_layout":"","ocean_both_sidebars_style":"","ocean_both_sidebars_content_width":0,"ocean_both_sidebars_sidebars_width":0,"ocean_sidebar":"0","ocean_second_sidebar":"0","ocean_disable_margins":"enable","ocean_add_body_class":"","ocean_shortcode_before_top_bar":"","ocean_shortcode_after_top_bar":"","ocean_shortcode_before_header":"","ocean_shortcode_after_header":"","ocean_has_shortcode":"","ocean_shortcode_after_title":"","ocean_shortcode_before_footer_widgets":"","ocean_shortcode_after_footer_widgets":"","ocean_shortcode_before_footer_bottom":"","ocean_shortcode_after_footer_bottom":"","ocean_display_top_bar":"default","ocean_display_header":"default","ocean_header_style":"","ocean_center_header_left_menu":"0","ocean_custom_header_template":"0","ocean_custom_logo":0,"ocean_custom_retina_logo":0,"ocean_custom_logo_max_width":0,"ocean_custom_logo_tablet_max_width":0,"ocean_custom_logo_mobile_max_width":0,"ocean_custom_logo_max_height":0,"ocean_custom_logo_tablet_max_height":0,"ocean_custom_logo_mobile_max_height":0,"ocean_header_custom_menu":"0","ocean_menu_typo_font_family":"0","ocean_menu_typo_font_subset":"","ocean_menu_typo_font_size":0,"ocean_menu_typo_font_size_tablet":0,"ocean_menu_typo_font_size_mobile":0,"ocean_menu_typo_font_size_unit":"px","ocean_menu_typo_font_weight":"","ocean_menu_typo_font_weight_tablet":"","ocean_menu_typo_font_weight_mobile":"","ocean_menu_typo_transform":"","ocean_menu_typo_transform_tablet":"","ocean_menu_typo_transform_mobile":"","ocean_menu_typo_line_height":0,"ocean_menu_typo_line_height_tablet":0,"ocean_menu_typo_line_height_mobile":0,"ocean_menu_typo_line_height_unit":"","ocean_menu_typo_spacing":0,"ocean_menu_typo_spacing_tablet":0,"ocean_menu_typo_spacing_mobile":0,"ocean_menu_typo_spacing_unit":"","ocean_menu_link_color":"","ocean_menu_link_color_hover":"","ocean_menu_link_color_active":"","ocean_menu_link_background":"","ocean_menu_link_hover_background":"","ocean_menu_link_active_background":"","ocean_menu_social_links_bg":"","ocean_menu_social_hover_links_bg":"","ocean_menu_social_links_color":"","ocean_menu_social_hover_links_color":"","ocean_disable_title":"enable","ocean_disable_heading":"enable","ocean_post_title":"","ocean_post_subheading":"","ocean_post_title_style":"background-image","ocean_post_title_background_color":"","ocean_post_title_background":3063,"ocean_post_title_bg_image_position":"","ocean_post_title_bg_image_attachment":"","ocean_post_title_bg_image_repeat":"","ocean_post_title_bg_image_size":"","ocean_post_title_height":0,"ocean_post_title_bg_overlay":0.5,"ocean_post_title_bg_overlay_color":"","ocean_disable_breadcrumbs":"default","ocean_breadcrumbs_color":"","ocean_breadcrumbs_separator_color":"","ocean_breadcrumbs_links_color":"","ocean_breadcrumbs_links_hover_color":"","ocean_display_footer_widgets":"default","ocean_display_footer_bottom":"default","ocean_custom_footer_template":"0","osh_disable_topbar_sticky":"default","osh_disable_header_sticky":"default","osh_sticky_header_style":"default","osh_sticky_header_effect":"","osh_custom_sticky_logo":0,"osh_custom_retina_sticky_logo":0,"osh_custom_sticky_logo_height":0,"osh_background_color":"","osh_links_color":"","osh_links_hover_color":"","osh_links_active_color":"","osh_links_bg_color":"","osh_links_hover_bg_color":"","osh_links_active_bg_color":"","osh_menu_social_links_color":"","osh_menu_social_hover_links_color":""},"product_brand":[],"product_cat":[328],"product_tag":[861,872,340,338,330,339,337],"class_list":{"0":"post-3657","1":"product","2":"type-product","3":"status-publish","4":"has-post-thumbnail","6":"product_cat-management","7":"product_tag-academic","8":"product_tag-all","9":"product_tag-engineering-services","10":"product_tag-kpis","11":"product_tag-mba","12":"product_tag-project-management","13":"product_tag-scrum","15":"entry","16":"has-media","18":"first","19":"instock","20":"downloadable","21":"virtual","22":"taxable","23":"purchasable","24":"product-type-simple","25":"col","26":"span_1_of_3","27":"owp-content-center","28":"owp-thumbs-layout-horizontal","29":"owp-btn-normal","30":"owp-tabs-layout-section","31":"has-no-thumbnails"},"yoast_head":"<!-- This site is optimized with the Yoast SEO plugin v27.3 - https:\/\/yoast.com\/product\/yoast-seo-wordpress\/ -->\n<title>Improvement Opportunities for Engineering Services Providers in Automotive Original Equipment Manufacturers Electrical\/Electronics Systems - Ra\u00fal Bartolom\u00e9<\/title>\n<meta name=\"robots\" content=\"index, follow, max-snippet:-1, max-image-preview:large, max-video-preview:-1\" \/>\n<link rel=\"canonical\" href=\"https:\/\/raulbartolome.com\/es\/producto\/improvement-opportunities-for-engineering-services-providers-in-automotive-original-equipment-manufacturers-electrical-electronics-systems\/\" \/>\n<meta property=\"og:locale\" content=\"es_ES\" \/>\n<meta property=\"og:type\" content=\"article\" \/>\n<meta property=\"og:title\" content=\"Improvement Opportunities for Engineering Services Providers in Automotive Original Equipment Manufacturers Electrical\/Electronics Systems - Ra\u00fal Bartolom\u00e9\" \/>\n<meta property=\"og:description\" content=\"The aim of this assay is to identify improvement opportunities for Engineering Services Provider (ESP)\u00a0companies in the field of automotive Original Equipment Manufacture (OEM) Electrical\/Electronics (E\/E) system development. The improvements are identified by comparing ESP in automotive industry with IT industry using Agile Software Development (ASD) with Scrum.  The logical path followed in this assay is:   Context of ESP companies in automotive OEM E\/E systems.  Key Performance Indicator (KPI) tool for evaluation of ESP.  Analysis of ESP in OEM E\/E System using V-Model.  Analysis of ESP in IT industry using with Scrum.  Comparison of KPIs results.  Conclusions.  The download includes the complete assignment in pdf.\" \/>\n<meta property=\"og:url\" content=\"https:\/\/raulbartolome.com\/es\/producto\/improvement-opportunities-for-engineering-services-providers-in-automotive-original-equipment-manufacturers-electrical-electronics-systems\/\" \/>\n<meta property=\"og:site_name\" content=\"Ra\u00fal Bartolom\u00e9\" \/>\n<meta property=\"article:publisher\" content=\"https:\/\/www.facebook.com\/rbartolomecastro\" \/>\n<meta property=\"article:modified_time\" content=\"2025-01-21T00:45:39+00:00\" \/>\n<meta property=\"og:image\" content=\"https:\/\/raulbartolome.com\/wp-content\/uploads\/2019\/05\/Improvement-Opportunities-for-Engineering-Services-Providers-in-Automotive-Original-Equipment-Manufacturers-ElectricalElectronics-Systems.-Inspiration-in-Agile-Software-Development-with-Scrum.png\" \/>\n\t<meta property=\"og:image:width\" content=\"1442\" \/>\n\t<meta property=\"og:image:height\" content=\"2014\" \/>\n\t<meta property=\"og:image:type\" content=\"image\/png\" \/>\n<meta name=\"twitter:card\" content=\"summary_large_image\" \/>\n<meta name=\"twitter:site\" content=\"@raulbartolome\" \/>\n<script type=\"application\/ld+json\" class=\"yoast-schema-graph\">{\"@context\":\"https:\\\/\\\/schema.org\",\"@graph\":[{\"@type\":\"WebPage\",\"@id\":\"https:\\\/\\\/raulbartolome.com\\\/product\\\/improvement-opportunities-for-engineering-services-providers-in-automotive-original-equipment-manufacturers-electrical-electronics-systems\\\/\",\"url\":\"https:\\\/\\\/raulbartolome.com\\\/product\\\/improvement-opportunities-for-engineering-services-providers-in-automotive-original-equipment-manufacturers-electrical-electronics-systems\\\/\",\"name\":\"Improvement Opportunities for Engineering Services Providers in Automotive Original Equipment Manufacturers Electrical\\\/Electronics Systems - Ra\u00fal Bartolom\u00e9\",\"isPartOf\":{\"@id\":\"https:\\\/\\\/raulbartolome.com\\\/#website\"},\"primaryImageOfPage\":{\"@id\":\"https:\\\/\\\/raulbartolome.com\\\/product\\\/improvement-opportunities-for-engineering-services-providers-in-automotive-original-equipment-manufacturers-electrical-electronics-systems\\\/#primaryimage\"},\"image\":{\"@id\":\"https:\\\/\\\/raulbartolome.com\\\/product\\\/improvement-opportunities-for-engineering-services-providers-in-automotive-original-equipment-manufacturers-electrical-electronics-systems\\\/#primaryimage\"},\"thumbnailUrl\":\"https:\\\/\\\/raulbartolome.com\\\/wp-content\\\/uploads\\\/2019\\\/05\\\/Improvement-Opportunities-for-Engineering-Services-Providers-in-Automotive-Original-Equipment-Manufacturers-ElectricalElectronics-Systems.-Inspiration-in-Agile-Software-Development-with-Scrum.png\",\"datePublished\":\"2016-04-05T00:40:43+00:00\",\"dateModified\":\"2025-01-21T00:45:39+00:00\",\"breadcrumb\":{\"@id\":\"https:\\\/\\\/raulbartolome.com\\\/product\\\/improvement-opportunities-for-engineering-services-providers-in-automotive-original-equipment-manufacturers-electrical-electronics-systems\\\/#breadcrumb\"},\"inLanguage\":\"es\",\"potentialAction\":[{\"@type\":\"ReadAction\",\"target\":[\"https:\\\/\\\/raulbartolome.com\\\/product\\\/improvement-opportunities-for-engineering-services-providers-in-automotive-original-equipment-manufacturers-electrical-electronics-systems\\\/\"]}]},{\"@type\":\"ImageObject\",\"inLanguage\":\"es\",\"@id\":\"https:\\\/\\\/raulbartolome.com\\\/product\\\/improvement-opportunities-for-engineering-services-providers-in-automotive-original-equipment-manufacturers-electrical-electronics-systems\\\/#primaryimage\",\"url\":\"https:\\\/\\\/raulbartolome.com\\\/wp-content\\\/uploads\\\/2019\\\/05\\\/Improvement-Opportunities-for-Engineering-Services-Providers-in-Automotive-Original-Equipment-Manufacturers-ElectricalElectronics-Systems.-Inspiration-in-Agile-Software-Development-with-Scrum.png\",\"contentUrl\":\"https:\\\/\\\/raulbartolome.com\\\/wp-content\\\/uploads\\\/2019\\\/05\\\/Improvement-Opportunities-for-Engineering-Services-Providers-in-Automotive-Original-Equipment-Manufacturers-ElectricalElectronics-Systems.-Inspiration-in-Agile-Software-Development-with-Scrum.png\",\"width\":1442,\"height\":2014},{\"@type\":\"BreadcrumbList\",\"@id\":\"https:\\\/\\\/raulbartolome.com\\\/product\\\/improvement-opportunities-for-engineering-services-providers-in-automotive-original-equipment-manufacturers-electrical-electronics-systems\\\/#breadcrumb\",\"itemListElement\":[{\"@type\":\"ListItem\",\"position\":1,\"name\":\"Ra\u00fal Bartolom\u00e9\",\"item\":\"https:\\\/\\\/raulbartolome.com\\\/\"},{\"@type\":\"ListItem\",\"position\":2,\"name\":\"Downloads\",\"item\":\"https:\\\/\\\/raulbartolome.com\\\/downloads\\\/\"},{\"@type\":\"ListItem\",\"position\":3,\"name\":\"Management\",\"item\":\"https:\\\/\\\/raulbartolome.com\\\/product-category\\\/management\\\/\"},{\"@type\":\"ListItem\",\"position\":4,\"name\":\"Improvement Opportunities for Engineering Services Providers in Automotive Original Equipment Manufacturers Electrical\\\/Electronics Systems\"}]},{\"@type\":\"WebSite\",\"@id\":\"https:\\\/\\\/raulbartolome.com\\\/#website\",\"url\":\"https:\\\/\\\/raulbartolome.com\\\/\",\"name\":\"Ra\u00fal Bartolom\u00e9\",\"description\":\"Engineering, Management and Finance\",\"publisher\":{\"@id\":\"https:\\\/\\\/raulbartolome.com\\\/#\\\/schema\\\/person\\\/728a70a0ee01a96dc17e5dd8c5f8e95e\"},\"potentialAction\":[{\"@type\":\"SearchAction\",\"target\":{\"@type\":\"EntryPoint\",\"urlTemplate\":\"https:\\\/\\\/raulbartolome.com\\\/?s={search_term_string}\"},\"query-input\":{\"@type\":\"PropertyValueSpecification\",\"valueRequired\":true,\"valueName\":\"search_term_string\"}}],\"inLanguage\":\"es\"},{\"@type\":[\"Person\",\"Organization\"],\"@id\":\"https:\\\/\\\/raulbartolome.com\\\/#\\\/schema\\\/person\\\/728a70a0ee01a96dc17e5dd8c5f8e95e\",\"name\":\"Ra\u00fal Bartolom\u00e9\",\"image\":{\"@type\":\"ImageObject\",\"inLanguage\":\"es\",\"@id\":\"https:\\\/\\\/raulbartolome.com\\\/wp-content\\\/uploads\\\/2020\\\/02\\\/Raul-Bartolome-IMG_1090-2.jpeg\",\"url\":\"https:\\\/\\\/raulbartolome.com\\\/wp-content\\\/uploads\\\/2020\\\/02\\\/Raul-Bartolome-IMG_1090-2.jpeg\",\"contentUrl\":\"https:\\\/\\\/raulbartolome.com\\\/wp-content\\\/uploads\\\/2020\\\/02\\\/Raul-Bartolome-IMG_1090-2.jpeg\",\"width\":640,\"height\":640,\"caption\":\"Ra\u00fal Bartolom\u00e9\"},\"logo\":{\"@id\":\"https:\\\/\\\/raulbartolome.com\\\/wp-content\\\/uploads\\\/2020\\\/02\\\/Raul-Bartolome-IMG_1090-2.jpeg\"},\"sameAs\":[\"https:\\\/\\\/raulbartolome.com\\\/\",\"https:\\\/\\\/www.facebook.com\\\/rbartolomecastro\",\"https:\\\/\\\/www.instagram.com\\\/rbartolomec\\\/\",\"https:\\\/\\\/www.linkedin.com\\\/in\\\/rbartolomecastro\",\"https:\\\/\\\/x.com\\\/raulbartolome\",\"https:\\\/\\\/www.youtube.com\\\/channel\\\/UCY7Pef7CeZf-8t9ALthQRqA\\\/\"]}]}<\/script>\n<!-- \/ Yoast SEO plugin. -->","yoast_head_json":{"title":"Improvement Opportunities for Engineering Services Providers in Automotive Original Equipment Manufacturers Electrical\/Electronics Systems - Ra\u00fal Bartolom\u00e9","robots":{"index":"index","follow":"follow","max-snippet":"max-snippet:-1","max-image-preview":"max-image-preview:large","max-video-preview":"max-video-preview:-1"},"canonical":"https:\/\/raulbartolome.com\/es\/producto\/improvement-opportunities-for-engineering-services-providers-in-automotive-original-equipment-manufacturers-electrical-electronics-systems\/","og_locale":"es_ES","og_type":"article","og_title":"Improvement Opportunities for Engineering Services Providers in Automotive Original Equipment Manufacturers Electrical\/Electronics Systems - Ra\u00fal Bartolom\u00e9","og_description":"The aim of this assay is to identify improvement opportunities for Engineering Services Provider (ESP)\u00a0companies in the field of automotive Original Equipment Manufacture (OEM) Electrical\/Electronics (E\/E) system development. The improvements are identified by comparing ESP in automotive industry with IT industry using Agile Software Development (ASD) with Scrum.  The logical path followed in this assay is:   Context of ESP companies in automotive OEM E\/E systems.  Key Performance Indicator (KPI) tool for evaluation of ESP.  Analysis of ESP in OEM E\/E System using V-Model.  Analysis of ESP in IT industry using with Scrum.  Comparison of KPIs results.  Conclusions.  The download includes the complete assignment in pdf.","og_url":"https:\/\/raulbartolome.com\/es\/producto\/improvement-opportunities-for-engineering-services-providers-in-automotive-original-equipment-manufacturers-electrical-electronics-systems\/","og_site_name":"Ra\u00fal Bartolom\u00e9","article_publisher":"https:\/\/www.facebook.com\/rbartolomecastro","article_modified_time":"2025-01-21T00:45:39+00:00","og_image":[{"width":1442,"height":2014,"url":"https:\/\/raulbartolome.com\/wp-content\/uploads\/2019\/05\/Improvement-Opportunities-for-Engineering-Services-Providers-in-Automotive-Original-Equipment-Manufacturers-ElectricalElectronics-Systems.-Inspiration-in-Agile-Software-Development-with-Scrum.png","type":"image\/png"}],"twitter_card":"summary_large_image","twitter_site":"@raulbartolome","schema":{"@context":"https:\/\/schema.org","@graph":[{"@type":"WebPage","@id":"https:\/\/raulbartolome.com\/product\/improvement-opportunities-for-engineering-services-providers-in-automotive-original-equipment-manufacturers-electrical-electronics-systems\/","url":"https:\/\/raulbartolome.com\/product\/improvement-opportunities-for-engineering-services-providers-in-automotive-original-equipment-manufacturers-electrical-electronics-systems\/","name":"Improvement Opportunities for Engineering Services Providers in Automotive Original Equipment Manufacturers Electrical\/Electronics Systems - Ra\u00fal Bartolom\u00e9","isPartOf":{"@id":"https:\/\/raulbartolome.com\/#website"},"primaryImageOfPage":{"@id":"https:\/\/raulbartolome.com\/product\/improvement-opportunities-for-engineering-services-providers-in-automotive-original-equipment-manufacturers-electrical-electronics-systems\/#primaryimage"},"image":{"@id":"https:\/\/raulbartolome.com\/product\/improvement-opportunities-for-engineering-services-providers-in-automotive-original-equipment-manufacturers-electrical-electronics-systems\/#primaryimage"},"thumbnailUrl":"https:\/\/raulbartolome.com\/wp-content\/uploads\/2019\/05\/Improvement-Opportunities-for-Engineering-Services-Providers-in-Automotive-Original-Equipment-Manufacturers-ElectricalElectronics-Systems.-Inspiration-in-Agile-Software-Development-with-Scrum.png","datePublished":"2016-04-05T00:40:43+00:00","dateModified":"2025-01-21T00:45:39+00:00","breadcrumb":{"@id":"https:\/\/raulbartolome.com\/product\/improvement-opportunities-for-engineering-services-providers-in-automotive-original-equipment-manufacturers-electrical-electronics-systems\/#breadcrumb"},"inLanguage":"es","potentialAction":[{"@type":"ReadAction","target":["https:\/\/raulbartolome.com\/product\/improvement-opportunities-for-engineering-services-providers-in-automotive-original-equipment-manufacturers-electrical-electronics-systems\/"]}]},{"@type":"ImageObject","inLanguage":"es","@id":"https:\/\/raulbartolome.com\/product\/improvement-opportunities-for-engineering-services-providers-in-automotive-original-equipment-manufacturers-electrical-electronics-systems\/#primaryimage","url":"https:\/\/raulbartolome.com\/wp-content\/uploads\/2019\/05\/Improvement-Opportunities-for-Engineering-Services-Providers-in-Automotive-Original-Equipment-Manufacturers-ElectricalElectronics-Systems.-Inspiration-in-Agile-Software-Development-with-Scrum.png","contentUrl":"https:\/\/raulbartolome.com\/wp-content\/uploads\/2019\/05\/Improvement-Opportunities-for-Engineering-Services-Providers-in-Automotive-Original-Equipment-Manufacturers-ElectricalElectronics-Systems.-Inspiration-in-Agile-Software-Development-with-Scrum.png","width":1442,"height":2014},{"@type":"BreadcrumbList","@id":"https:\/\/raulbartolome.com\/product\/improvement-opportunities-for-engineering-services-providers-in-automotive-original-equipment-manufacturers-electrical-electronics-systems\/#breadcrumb","itemListElement":[{"@type":"ListItem","position":1,"name":"Ra\u00fal Bartolom\u00e9","item":"https:\/\/raulbartolome.com\/"},{"@type":"ListItem","position":2,"name":"Downloads","item":"https:\/\/raulbartolome.com\/downloads\/"},{"@type":"ListItem","position":3,"name":"Management","item":"https:\/\/raulbartolome.com\/product-category\/management\/"},{"@type":"ListItem","position":4,"name":"Improvement Opportunities for Engineering Services Providers in Automotive Original Equipment Manufacturers Electrical\/Electronics Systems"}]},{"@type":"WebSite","@id":"https:\/\/raulbartolome.com\/#website","url":"https:\/\/raulbartolome.com\/","name":"Ra\u00fal Bartolom\u00e9","description":"Ingenier\u00eda, Gesti\u00f3n y Finanzas","publisher":{"@id":"https:\/\/raulbartolome.com\/#\/schema\/person\/728a70a0ee01a96dc17e5dd8c5f8e95e"},"potentialAction":[{"@type":"SearchAction","target":{"@type":"EntryPoint","urlTemplate":"https:\/\/raulbartolome.com\/?s={search_term_string}"},"query-input":{"@type":"PropertyValueSpecification","valueRequired":true,"valueName":"search_term_string"}}],"inLanguage":"es"},{"@type":["Person","Organization"],"@id":"https:\/\/raulbartolome.com\/#\/schema\/person\/728a70a0ee01a96dc17e5dd8c5f8e95e","name":"Ra\u00fal Bartolom\u00e9","image":{"@type":"ImageObject","inLanguage":"es","@id":"https:\/\/raulbartolome.com\/wp-content\/uploads\/2020\/02\/Raul-Bartolome-IMG_1090-2.jpeg","url":"https:\/\/raulbartolome.com\/wp-content\/uploads\/2020\/02\/Raul-Bartolome-IMG_1090-2.jpeg","contentUrl":"https:\/\/raulbartolome.com\/wp-content\/uploads\/2020\/02\/Raul-Bartolome-IMG_1090-2.jpeg","width":640,"height":640,"caption":"Ra\u00fal Bartolom\u00e9"},"logo":{"@id":"https:\/\/raulbartolome.com\/wp-content\/uploads\/2020\/02\/Raul-Bartolome-IMG_1090-2.jpeg"},"sameAs":["https:\/\/raulbartolome.com\/","https:\/\/www.facebook.com\/rbartolomecastro","https:\/\/www.instagram.com\/rbartolomec\/","https:\/\/www.linkedin.com\/in\/rbartolomecastro","https:\/\/x.com\/raulbartolome","https:\/\/www.youtube.com\/channel\/UCY7Pef7CeZf-8t9ALthQRqA\/"]}]}},"_links":{"self":[{"href":"https:\/\/raulbartolome.com\/es\/wp-json\/wp\/v2\/product\/3657","targetHints":{"allow":["GET"]}}],"collection":[{"href":"https:\/\/raulbartolome.com\/es\/wp-json\/wp\/v2\/product"}],"about":[{"href":"https:\/\/raulbartolome.com\/es\/wp-json\/wp\/v2\/types\/product"}],"replies":[{"embeddable":true,"href":"https:\/\/raulbartolome.com\/es\/wp-json\/wp\/v2\/comments?post=3657"}],"wp:featuredmedia":[{"embeddable":true,"href":"https:\/\/raulbartolome.com\/es\/wp-json\/wp\/v2\/media\/3063"}],"wp:attachment":[{"href":"https:\/\/raulbartolome.com\/es\/wp-json\/wp\/v2\/media?parent=3657"}],"wp:term":[{"taxonomy":"product_brand","embeddable":true,"href":"https:\/\/raulbartolome.com\/es\/wp-json\/wp\/v2\/product_brand?post=3657"},{"taxonomy":"product_cat","embeddable":true,"href":"https:\/\/raulbartolome.com\/es\/wp-json\/wp\/v2\/product_cat?post=3657"},{"taxonomy":"product_tag","embeddable":true,"href":"https:\/\/raulbartolome.com\/es\/wp-json\/wp\/v2\/product_tag?post=3657"}],"curies":[{"name":"gracias","href":"https:\/\/api.w.org\/{rel}","templated":true}]}}