{"id":2271,"date":"2016-09-02T17:59:13","date_gmt":"2016-09-02T15:59:13","guid":{"rendered":"http:\/\/raulbartolome.com\/?page_id=2271"},"modified":"2023-05-18T15:54:03","modified_gmt":"2023-05-18T13:54:03","slug":"critical-review-of-the-article-organizational-ethics-individual-ethics-and-ethical-intentions-in-international-decision-making-essay-and-learning-log","status":"publish","type":"product","link":"https:\/\/raulbartolome.com\/es\/producto\/critical-review-of-the-article-organizational-ethics-individual-ethics-and-ethical-intentions-in-international-decision-making-essay-and-learning-log\/","title":{"rendered":"Revisi\u00f3n cr\u00edtica del art\u00edculo: \u201c\u00c9tica organizacional, \u00e9tica individual e intenciones \u00e9ticas en la toma de decisiones internacionales\u201d"},"content":{"rendered":"","protected":false},"excerpt":{"rendered":"<p>El objetivo del art\u00edculo \u201c\u00c9tica organizacional, \u00e9tica individual e intenciones \u00e9ticas en la toma de decisiones internacionales\u201d de Elango, et al. (2010) es \u201cprobar la relaci\u00f3n entre la \u00c9tica Individual (EI) y la \u00c9tica Organizacional (OE) sobre la intenci\u00f3n de comportarse \u00e9ticamente por parte de los encuestados (Intenci\u00f3n \u00c9tica o EI)\u201d en entornos internacionales de toma de decisiones. Esta es la pregunta de investigaci\u00f3n empresarial, aunque no se destaca expl\u00edcitamente. El t\u00e9rmino \u201cprobar la relaci\u00f3n\u201d es ambiguo, no explica qu\u00e9 relaci\u00f3n se probar\u00e1.<\/p>\n<p>La discusi\u00f3n es narrativa y coherente con los resultados del an\u00e1lisis de datos. Los resultados dan argumentos a los autores para hacer cuatro recomendaciones. En primer lugar, la empresa debe seleccionar reclutadores con altos est\u00e1ndares \u00e9ticos para aumentar la EO. En segundo lugar, programas de formaci\u00f3n o ejemplos reales de dilemas \u00e9ticos para mejorar la IE. En tercer lugar, es m\u00e1s probable que los gerentes m\u00e1s j\u00f3venes se vean influenciados por la OE. Finalmente, la congruencia \u00e9tica es importante en los negocios internacionales (Elango, et al., 2010).<\/p>\n<p>Este art\u00edculo es un buen trabajo, bien estructurado y con una s\u00f3lida revisi\u00f3n de la literatura, sin embargo, se han identificado algunas debilidades durante este an\u00e1lisis cr\u00edtico. Probablemente los autores estaban sesgados por la literatura existente y olvidaron alg\u00fan an\u00e1lisis cr\u00edtico.<\/p>\n<p>La descarga incluye el trabajo completo en pdf.<\/p>","protected":false},"featured_media":3208,"comment_status":"open","ping_status":"closed","template":"","meta":{"ocean_post_layout":"","ocean_both_sidebars_style":"","ocean_both_sidebars_content_width":0,"ocean_both_sidebars_sidebars_width":0,"ocean_sidebar":"0","ocean_second_sidebar":"0","ocean_disable_margins":"enable","ocean_add_body_class":"","ocean_shortcode_before_top_bar":"","ocean_shortcode_after_top_bar":"","ocean_shortcode_before_header":"","ocean_shortcode_after_header":"","ocean_has_shortcode":"","ocean_shortcode_after_title":"","ocean_shortcode_before_footer_widgets":"","ocean_shortcode_after_footer_widgets":"","ocean_shortcode_before_footer_bottom":"","ocean_shortcode_after_footer_bottom":"","ocean_display_top_bar":"default","ocean_display_header":"default","ocean_header_style":"","ocean_center_header_left_menu":"0","ocean_custom_header_template":"0","ocean_custom_logo":0,"ocean_custom_retina_logo":0,"ocean_custom_logo_max_width":0,"ocean_custom_logo_tablet_max_width":0,"ocean_custom_logo_mobile_max_width":0,"ocean_custom_logo_max_height":0,"ocean_custom_logo_tablet_max_height":0,"ocean_custom_logo_mobile_max_height":0,"ocean_header_custom_menu":"0","ocean_menu_typo_font_family":"0","ocean_menu_typo_font_subset":"","ocean_menu_typo_font_size":0,"ocean_menu_typo_font_size_tablet":0,"ocean_menu_typo_font_size_mobile":0,"ocean_menu_typo_font_size_unit":"px","ocean_menu_typo_font_weight":"","ocean_menu_typo_font_weight_tablet":"","ocean_menu_typo_font_weight_mobile":"","ocean_menu_typo_transform":"","ocean_menu_typo_transform_tablet":"","ocean_menu_typo_transform_mobile":"","ocean_menu_typo_line_height":0,"ocean_menu_typo_line_height_tablet":0,"ocean_menu_typo_line_height_mobile":0,"ocean_menu_typo_line_height_unit":"","ocean_menu_typo_spacing":0,"ocean_menu_typo_spacing_tablet":0,"ocean_menu_typo_spacing_mobile":0,"ocean_menu_typo_spacing_unit":"","ocean_menu_link_color":"","ocean_menu_link_color_hover":"","ocean_menu_link_color_active":"","ocean_menu_link_background":"","ocean_menu_link_hover_background":"","ocean_menu_link_active_background":"","ocean_menu_social_links_bg":"","ocean_menu_social_hover_links_bg":"","ocean_menu_social_links_color":"","ocean_menu_social_hover_links_color":"","ocean_disable_title":"enable","ocean_disable_heading":"enable","ocean_post_title":"","ocean_post_subheading":"","ocean_post_title_style":"background-image","ocean_post_title_background_color":"","ocean_post_title_background":3208,"ocean_post_title_bg_image_position":"","ocean_post_title_bg_image_attachment":"","ocean_post_title_bg_image_repeat":"","ocean_post_title_bg_image_size":"","ocean_post_title_height":0,"ocean_post_title_bg_overlay":0.5,"ocean_post_title_bg_overlay_color":"","ocean_disable_breadcrumbs":"default","ocean_breadcrumbs_color":"","ocean_breadcrumbs_separator_color":"","ocean_breadcrumbs_links_color":"","ocean_breadcrumbs_links_hover_color":"","ocean_display_footer_widgets":"default","ocean_display_footer_bottom":"default","ocean_custom_footer_template":"0","osh_disable_topbar_sticky":"default","osh_disable_header_sticky":"default","osh_sticky_header_style":"default","osh_sticky_header_effect":"","osh_custom_sticky_logo":0,"osh_custom_retina_sticky_logo":0,"osh_custom_sticky_logo_height":0,"osh_background_color":"","osh_links_color":"","osh_links_hover_color":"","osh_links_active_color":"","osh_links_bg_color":"","osh_links_hover_bg_color":"","osh_links_active_bg_color":"","osh_menu_social_links_color":"","osh_menu_social_hover_links_color":""},"product_brand":[],"product_cat":[328],"product_tag":[861,872,361,362,330,466],"class_list":{"0":"post-2271","1":"product","2":"type-product","3":"status-publish","4":"has-post-thumbnail","6":"product_cat-management","7":"product_tag-academic","8":"product_tag-all","9":"product_tag-business","10":"product_tag-economics","11":"product_tag-mba","12":"product_tag-technology","14":"entry","15":"has-media","17":"first","18":"instock","19":"downloadable","20":"virtual","21":"taxable","22":"purchasable","23":"product-type-simple","24":"col","25":"span_1_of_3","26":"owp-content-center","27":"owp-thumbs-layout-horizontal","28":"owp-btn-normal","29":"owp-tabs-layout-section","30":"has-no-thumbnails"},"yoast_head":"<!-- This site is optimized with the Yoast SEO plugin v27.5 - https:\/\/yoast.com\/product\/yoast-seo-wordpress\/ -->\n<title>Critical review of the article: &quot;Organizational Ethics, Individual Ethics, and Ethical Intentions in International Decision-Making&quot; - Ra\u00fal Bartolom\u00e9<\/title>\n<meta name=\"robots\" content=\"index, follow, max-snippet:-1, max-image-preview:large, max-video-preview:-1\" \/>\n<link rel=\"canonical\" href=\"https:\/\/raulbartolome.com\/es\/producto\/critical-review-of-the-article-organizational-ethics-individual-ethics-and-ethical-intentions-in-international-decision-making-essay-and-learning-log\/\" \/>\n<meta property=\"og:locale\" content=\"es_ES\" \/>\n<meta property=\"og:type\" content=\"article\" \/>\n<meta property=\"og:title\" content=\"Critical review of the article: &quot;Organizational Ethics, Individual Ethics, and Ethical Intentions in International Decision-Making&quot; - Ra\u00fal Bartolom\u00e9\" \/>\n<meta property=\"og:description\" content=\"The goal of the article \u201cOrganizational Ethics, Individual Ethics, and Ethical Intentions in International Decision-Making\u201d from Elango, et al. (2010) is to \u201ctest the relationship between Individual Ethics (IE) and Organizational Ethics (OE) on the intention to behave ethically by respondents (Ethical Intention or EI)\u201d in international decision-making environments. This is the business research question although is not explicitly highlighted. The term \u201ctest the relationship\u201d is ambiguous, it does not explain what relationship will be tested.  The discussion is narrative and coherent with the data analysis results. The results give arguments to the authors to make four recommendations. Firstly, the company should select recruiters with high ethical standards to increase OE. Secondly, training programs or actual examples of ethical dilemmas to improve IE. Thirdly, younger managers are more likely to be influenced by OE. Finally, ethical congruence is important in international business (Elango, et al., 2010).  This paper is a good piece of work, well-structured and with a solid literature review, however it has been identified some weakness during this critical analysis. Probably authors were biased by existing literature and forgot some critical analysis.  The download includes the complete assignment in pdf.\" \/>\n<meta property=\"og:url\" content=\"https:\/\/raulbartolome.com\/es\/producto\/critical-review-of-the-article-organizational-ethics-individual-ethics-and-ethical-intentions-in-international-decision-making-essay-and-learning-log\/\" \/>\n<meta property=\"og:site_name\" content=\"Ra\u00fal Bartolom\u00e9\" \/>\n<meta property=\"article:publisher\" content=\"https:\/\/www.facebook.com\/rbartolomecastro\" \/>\n<meta property=\"article:modified_time\" content=\"2023-05-18T13:54:03+00:00\" \/>\n<meta property=\"og:image\" content=\"https:\/\/raulbartolome.com\/wp-content\/uploads\/2019\/05\/Critical-review-of-the-article.png\" \/>\n\t<meta property=\"og:image:width\" content=\"1110\" \/>\n\t<meta property=\"og:image:height\" content=\"1472\" \/>\n\t<meta property=\"og:image:type\" content=\"image\/png\" \/>\n<meta name=\"twitter:card\" content=\"summary_large_image\" \/>\n<meta name=\"twitter:site\" content=\"@raulbartolome\" \/>\n<script type=\"application\/ld+json\" class=\"yoast-schema-graph\">{\"@context\":\"https:\\\/\\\/schema.org\",\"@graph\":[{\"@type\":\"WebPage\",\"@id\":\"https:\\\/\\\/raulbartolome.com\\\/product\\\/critical-review-of-the-article-organizational-ethics-individual-ethics-and-ethical-intentions-in-international-decision-making-essay-and-learning-log\\\/\",\"url\":\"https:\\\/\\\/raulbartolome.com\\\/product\\\/critical-review-of-the-article-organizational-ethics-individual-ethics-and-ethical-intentions-in-international-decision-making-essay-and-learning-log\\\/\",\"name\":\"Critical review of the article: \\\"Organizational Ethics, Individual Ethics, and Ethical Intentions in International Decision-Making\\\" - Ra\u00fal Bartolom\u00e9\",\"isPartOf\":{\"@id\":\"https:\\\/\\\/raulbartolome.com\\\/#website\"},\"primaryImageOfPage\":{\"@id\":\"https:\\\/\\\/raulbartolome.com\\\/product\\\/critical-review-of-the-article-organizational-ethics-individual-ethics-and-ethical-intentions-in-international-decision-making-essay-and-learning-log\\\/#primaryimage\"},\"image\":{\"@id\":\"https:\\\/\\\/raulbartolome.com\\\/product\\\/critical-review-of-the-article-organizational-ethics-individual-ethics-and-ethical-intentions-in-international-decision-making-essay-and-learning-log\\\/#primaryimage\"},\"thumbnailUrl\":\"https:\\\/\\\/raulbartolome.com\\\/wp-content\\\/uploads\\\/2019\\\/05\\\/Critical-review-of-the-article.png\",\"datePublished\":\"2016-09-02T15:59:13+00:00\",\"dateModified\":\"2023-05-18T13:54:03+00:00\",\"breadcrumb\":{\"@id\":\"https:\\\/\\\/raulbartolome.com\\\/product\\\/critical-review-of-the-article-organizational-ethics-individual-ethics-and-ethical-intentions-in-international-decision-making-essay-and-learning-log\\\/#breadcrumb\"},\"inLanguage\":\"es\",\"potentialAction\":[{\"@type\":\"ReadAction\",\"target\":[\"https:\\\/\\\/raulbartolome.com\\\/product\\\/critical-review-of-the-article-organizational-ethics-individual-ethics-and-ethical-intentions-in-international-decision-making-essay-and-learning-log\\\/\"]}]},{\"@type\":\"ImageObject\",\"inLanguage\":\"es\",\"@id\":\"https:\\\/\\\/raulbartolome.com\\\/product\\\/critical-review-of-the-article-organizational-ethics-individual-ethics-and-ethical-intentions-in-international-decision-making-essay-and-learning-log\\\/#primaryimage\",\"url\":\"https:\\\/\\\/raulbartolome.com\\\/wp-content\\\/uploads\\\/2019\\\/05\\\/Critical-review-of-the-article.png\",\"contentUrl\":\"https:\\\/\\\/raulbartolome.com\\\/wp-content\\\/uploads\\\/2019\\\/05\\\/Critical-review-of-the-article.png\",\"width\":1110,\"height\":1472},{\"@type\":\"BreadcrumbList\",\"@id\":\"https:\\\/\\\/raulbartolome.com\\\/product\\\/critical-review-of-the-article-organizational-ethics-individual-ethics-and-ethical-intentions-in-international-decision-making-essay-and-learning-log\\\/#breadcrumb\",\"itemListElement\":[{\"@type\":\"ListItem\",\"position\":1,\"name\":\"Ra\u00fal Bartolom\u00e9\",\"item\":\"https:\\\/\\\/raulbartolome.com\\\/\"},{\"@type\":\"ListItem\",\"position\":2,\"name\":\"Downloads\",\"item\":\"https:\\\/\\\/raulbartolome.com\\\/downloads\\\/\"},{\"@type\":\"ListItem\",\"position\":3,\"name\":\"Management\",\"item\":\"https:\\\/\\\/raulbartolome.com\\\/product-category\\\/management\\\/\"},{\"@type\":\"ListItem\",\"position\":4,\"name\":\"Critical review of the article: &#8220;Organizational Ethics, Individual Ethics, and Ethical Intentions in International Decision-Making&#8221;\"}]},{\"@type\":\"WebSite\",\"@id\":\"https:\\\/\\\/raulbartolome.com\\\/#website\",\"url\":\"https:\\\/\\\/raulbartolome.com\\\/\",\"name\":\"Ra\u00fal Bartolom\u00e9\",\"description\":\"Engineering, Management and Finance\",\"publisher\":{\"@id\":\"https:\\\/\\\/raulbartolome.com\\\/#\\\/schema\\\/person\\\/728a70a0ee01a96dc17e5dd8c5f8e95e\"},\"potentialAction\":[{\"@type\":\"SearchAction\",\"target\":{\"@type\":\"EntryPoint\",\"urlTemplate\":\"https:\\\/\\\/raulbartolome.com\\\/?s={search_term_string}\"},\"query-input\":{\"@type\":\"PropertyValueSpecification\",\"valueRequired\":true,\"valueName\":\"search_term_string\"}}],\"inLanguage\":\"es\"},{\"@type\":[\"Person\",\"Organization\"],\"@id\":\"https:\\\/\\\/raulbartolome.com\\\/#\\\/schema\\\/person\\\/728a70a0ee01a96dc17e5dd8c5f8e95e\",\"name\":\"Ra\u00fal Bartolom\u00e9\",\"image\":{\"@type\":\"ImageObject\",\"inLanguage\":\"es\",\"@id\":\"https:\\\/\\\/raulbartolome.com\\\/wp-content\\\/uploads\\\/2020\\\/02\\\/Raul-Bartolome-IMG_1090-2.jpeg\",\"url\":\"https:\\\/\\\/raulbartolome.com\\\/wp-content\\\/uploads\\\/2020\\\/02\\\/Raul-Bartolome-IMG_1090-2.jpeg\",\"contentUrl\":\"https:\\\/\\\/raulbartolome.com\\\/wp-content\\\/uploads\\\/2020\\\/02\\\/Raul-Bartolome-IMG_1090-2.jpeg\",\"width\":640,\"height\":640,\"caption\":\"Ra\u00fal Bartolom\u00e9\"},\"logo\":{\"@id\":\"https:\\\/\\\/raulbartolome.com\\\/wp-content\\\/uploads\\\/2020\\\/02\\\/Raul-Bartolome-IMG_1090-2.jpeg\"},\"sameAs\":[\"https:\\\/\\\/raulbartolome.com\\\/\",\"https:\\\/\\\/www.facebook.com\\\/rbartolomecastro\",\"https:\\\/\\\/www.instagram.com\\\/rbartolomec\\\/\",\"https:\\\/\\\/www.linkedin.com\\\/in\\\/rbartolomecastro\",\"https:\\\/\\\/x.com\\\/raulbartolome\",\"https:\\\/\\\/www.youtube.com\\\/channel\\\/UCY7Pef7CeZf-8t9ALthQRqA\\\/\"]}]}<\/script>\n<!-- \/ Yoast SEO plugin. -->","yoast_head_json":{"title":"Critical review of the article: \"Organizational Ethics, Individual Ethics, and Ethical Intentions in International Decision-Making\" - Ra\u00fal Bartolom\u00e9","robots":{"index":"index","follow":"follow","max-snippet":"max-snippet:-1","max-image-preview":"max-image-preview:large","max-video-preview":"max-video-preview:-1"},"canonical":"https:\/\/raulbartolome.com\/es\/producto\/critical-review-of-the-article-organizational-ethics-individual-ethics-and-ethical-intentions-in-international-decision-making-essay-and-learning-log\/","og_locale":"es_ES","og_type":"article","og_title":"Critical review of the article: \"Organizational Ethics, Individual Ethics, and Ethical Intentions in International Decision-Making\" - Ra\u00fal Bartolom\u00e9","og_description":"The goal of the article \u201cOrganizational Ethics, Individual Ethics, and Ethical Intentions in International Decision-Making\u201d from Elango, et al. (2010) is to \u201ctest the relationship between Individual Ethics (IE) and Organizational Ethics (OE) on the intention to behave ethically by respondents (Ethical Intention or EI)\u201d in international decision-making environments. This is the business research question although is not explicitly highlighted. The term \u201ctest the relationship\u201d is ambiguous, it does not explain what relationship will be tested.  The discussion is narrative and coherent with the data analysis results. The results give arguments to the authors to make four recommendations. Firstly, the company should select recruiters with high ethical standards to increase OE. Secondly, training programs or actual examples of ethical dilemmas to improve IE. Thirdly, younger managers are more likely to be influenced by OE. Finally, ethical congruence is important in international business (Elango, et al., 2010).  This paper is a good piece of work, well-structured and with a solid literature review, however it has been identified some weakness during this critical analysis. Probably authors were biased by existing literature and forgot some critical analysis.  The download includes the complete assignment in pdf.","og_url":"https:\/\/raulbartolome.com\/es\/producto\/critical-review-of-the-article-organizational-ethics-individual-ethics-and-ethical-intentions-in-international-decision-making-essay-and-learning-log\/","og_site_name":"Ra\u00fal Bartolom\u00e9","article_publisher":"https:\/\/www.facebook.com\/rbartolomecastro","article_modified_time":"2023-05-18T13:54:03+00:00","og_image":[{"width":1110,"height":1472,"url":"https:\/\/raulbartolome.com\/wp-content\/uploads\/2019\/05\/Critical-review-of-the-article.png","type":"image\/png"}],"twitter_card":"summary_large_image","twitter_site":"@raulbartolome","schema":{"@context":"https:\/\/schema.org","@graph":[{"@type":"WebPage","@id":"https:\/\/raulbartolome.com\/product\/critical-review-of-the-article-organizational-ethics-individual-ethics-and-ethical-intentions-in-international-decision-making-essay-and-learning-log\/","url":"https:\/\/raulbartolome.com\/product\/critical-review-of-the-article-organizational-ethics-individual-ethics-and-ethical-intentions-in-international-decision-making-essay-and-learning-log\/","name":"Critical review of the article: \"Organizational Ethics, Individual Ethics, and Ethical Intentions in International Decision-Making\" - Ra\u00fal Bartolom\u00e9","isPartOf":{"@id":"https:\/\/raulbartolome.com\/#website"},"primaryImageOfPage":{"@id":"https:\/\/raulbartolome.com\/product\/critical-review-of-the-article-organizational-ethics-individual-ethics-and-ethical-intentions-in-international-decision-making-essay-and-learning-log\/#primaryimage"},"image":{"@id":"https:\/\/raulbartolome.com\/product\/critical-review-of-the-article-organizational-ethics-individual-ethics-and-ethical-intentions-in-international-decision-making-essay-and-learning-log\/#primaryimage"},"thumbnailUrl":"https:\/\/raulbartolome.com\/wp-content\/uploads\/2019\/05\/Critical-review-of-the-article.png","datePublished":"2016-09-02T15:59:13+00:00","dateModified":"2023-05-18T13:54:03+00:00","breadcrumb":{"@id":"https:\/\/raulbartolome.com\/product\/critical-review-of-the-article-organizational-ethics-individual-ethics-and-ethical-intentions-in-international-decision-making-essay-and-learning-log\/#breadcrumb"},"inLanguage":"es","potentialAction":[{"@type":"ReadAction","target":["https:\/\/raulbartolome.com\/product\/critical-review-of-the-article-organizational-ethics-individual-ethics-and-ethical-intentions-in-international-decision-making-essay-and-learning-log\/"]}]},{"@type":"ImageObject","inLanguage":"es","@id":"https:\/\/raulbartolome.com\/product\/critical-review-of-the-article-organizational-ethics-individual-ethics-and-ethical-intentions-in-international-decision-making-essay-and-learning-log\/#primaryimage","url":"https:\/\/raulbartolome.com\/wp-content\/uploads\/2019\/05\/Critical-review-of-the-article.png","contentUrl":"https:\/\/raulbartolome.com\/wp-content\/uploads\/2019\/05\/Critical-review-of-the-article.png","width":1110,"height":1472},{"@type":"BreadcrumbList","@id":"https:\/\/raulbartolome.com\/product\/critical-review-of-the-article-organizational-ethics-individual-ethics-and-ethical-intentions-in-international-decision-making-essay-and-learning-log\/#breadcrumb","itemListElement":[{"@type":"ListItem","position":1,"name":"Ra\u00fal Bartolom\u00e9","item":"https:\/\/raulbartolome.com\/"},{"@type":"ListItem","position":2,"name":"Downloads","item":"https:\/\/raulbartolome.com\/downloads\/"},{"@type":"ListItem","position":3,"name":"Management","item":"https:\/\/raulbartolome.com\/product-category\/management\/"},{"@type":"ListItem","position":4,"name":"Critical review of the article: &#8220;Organizational Ethics, Individual Ethics, and Ethical Intentions in International Decision-Making&#8221;"}]},{"@type":"WebSite","@id":"https:\/\/raulbartolome.com\/#website","url":"https:\/\/raulbartolome.com\/","name":"Ra\u00fal Bartolom\u00e9","description":"Ingenier\u00eda, Gesti\u00f3n y Finanzas","publisher":{"@id":"https:\/\/raulbartolome.com\/#\/schema\/person\/728a70a0ee01a96dc17e5dd8c5f8e95e"},"potentialAction":[{"@type":"SearchAction","target":{"@type":"EntryPoint","urlTemplate":"https:\/\/raulbartolome.com\/?s={search_term_string}"},"query-input":{"@type":"PropertyValueSpecification","valueRequired":true,"valueName":"search_term_string"}}],"inLanguage":"es"},{"@type":["Person","Organization"],"@id":"https:\/\/raulbartolome.com\/#\/schema\/person\/728a70a0ee01a96dc17e5dd8c5f8e95e","name":"Ra\u00fal Bartolom\u00e9","image":{"@type":"ImageObject","inLanguage":"es","@id":"https:\/\/raulbartolome.com\/wp-content\/uploads\/2020\/02\/Raul-Bartolome-IMG_1090-2.jpeg","url":"https:\/\/raulbartolome.com\/wp-content\/uploads\/2020\/02\/Raul-Bartolome-IMG_1090-2.jpeg","contentUrl":"https:\/\/raulbartolome.com\/wp-content\/uploads\/2020\/02\/Raul-Bartolome-IMG_1090-2.jpeg","width":640,"height":640,"caption":"Ra\u00fal Bartolom\u00e9"},"logo":{"@id":"https:\/\/raulbartolome.com\/wp-content\/uploads\/2020\/02\/Raul-Bartolome-IMG_1090-2.jpeg"},"sameAs":["https:\/\/raulbartolome.com\/","https:\/\/www.facebook.com\/rbartolomecastro","https:\/\/www.instagram.com\/rbartolomec\/","https:\/\/www.linkedin.com\/in\/rbartolomecastro","https:\/\/x.com\/raulbartolome","https:\/\/www.youtube.com\/channel\/UCY7Pef7CeZf-8t9ALthQRqA\/"]}]}},"_links":{"self":[{"href":"https:\/\/raulbartolome.com\/es\/wp-json\/wp\/v2\/product\/2271","targetHints":{"allow":["GET"]}}],"collection":[{"href":"https:\/\/raulbartolome.com\/es\/wp-json\/wp\/v2\/product"}],"about":[{"href":"https:\/\/raulbartolome.com\/es\/wp-json\/wp\/v2\/types\/product"}],"replies":[{"embeddable":true,"href":"https:\/\/raulbartolome.com\/es\/wp-json\/wp\/v2\/comments?post=2271"}],"wp:featuredmedia":[{"embeddable":true,"href":"https:\/\/raulbartolome.com\/es\/wp-json\/wp\/v2\/media\/3208"}],"wp:attachment":[{"href":"https:\/\/raulbartolome.com\/es\/wp-json\/wp\/v2\/media?parent=2271"}],"wp:term":[{"taxonomy":"product_brand","embeddable":true,"href":"https:\/\/raulbartolome.com\/es\/wp-json\/wp\/v2\/product_brand?post=2271"},{"taxonomy":"product_cat","embeddable":true,"href":"https:\/\/raulbartolome.com\/es\/wp-json\/wp\/v2\/product_cat?post=2271"},{"taxonomy":"product_tag","embeddable":true,"href":"https:\/\/raulbartolome.com\/es\/wp-json\/wp\/v2\/product_tag?post=2271"}],"curies":[{"name":"gracias","href":"https:\/\/api.w.org\/{rel}","templated":true}]}}