{"id":21438,"date":"2020-12-12T17:59:48","date_gmt":"2020-12-12T16:59:48","guid":{"rendered":"https:\/\/www.raulbartolome.com\/?post_type=product&#038;p=21438"},"modified":"2023-05-18T15:53:59","modified_gmt":"2023-05-18T13:53:59","slug":"coursework-for-research-design-and-philosophy","status":"publish","type":"product","link":"https:\/\/raulbartolome.com\/es\/producto\/coursework-for-research-design-and-philosophy\/","title":{"rendered":"M\u00e9todos de investigaci\u00f3n en finanzas"},"content":{"rendered":"","protected":false},"excerpt":{"rendered":"<p>Este trabajo de curso define la base del proyecto de investigaci\u00f3n DBA. Se expone la teor\u00eda m\u00e1s significativa que sustenta la investigaci\u00f3n, la Hip\u00f3tesis de Mercado Eficiente (EMH), con evidencias a favor y en contra de los mercados eficientes. A continuaci\u00f3n, sostiene que si la teor\u00eda es cierta, los inversores racionales s\u00f3lo invertir\u00e1n en carteras pasivas, lo que impactar\u00e1 en la industria financiera que ofrece productos financieros activos.<\/p>\n<p>El art\u00edculo identifica dos lagunas en la literatura existente. En primer lugar, la mayor\u00eda de los estudios financieros y econ\u00f3micos sobre la fijaci\u00f3n de precios de activos de capital utilizan el rendimiento total de las acciones como principal variable dependiente, ignorando otras variables importantes para los inversores, en particular la curva de acciones (CE) y sus caracter\u00edsticas. En segundo lugar, la evaluaci\u00f3n del precio de los activos establecido se lleva a cabo siguiendo la estrategia de comprar y mantener durante el ciclo de vida del estudio; esto no tiene sentido para muchos inversores individuales porque siguen el reequilibrio de la cartera adaptado al ciclo de vida del inversor.<\/p>\n<p>Las lagunas en la literatura promueven dos preguntas de investigaci\u00f3n. Con una atenci\u00f3n conc\u00e9ntrica a la cuenta patrimonial del inversor, y al estudio de la CE y sus caracter\u00edsticas. La primera pregunta es qu\u00e9 tipo de carteras son m\u00e1s atractivas para los inversores, activas o pasivas. La segunda pregunta tiene como objetivo evaluar m\u00faltiples estrategias comerciales\/de inversi\u00f3n para discutir las opciones m\u00e1s convenientes para los inversores.<\/p>\n<p>La tesis DBA podr\u00eda tener un alto impacto social potencial. Por un lado, contribuir\u00e1 al testeo de EMH y, en consecuencia, al soporte de productos de inversi\u00f3n activos o pasivos. Por otro lado, como conjunto de herramientas para asesores y planificadores financieros.<\/p>\n<p>El cap\u00edtulo de literatura se divide en tres bloques. Art\u00edculos relacionados con EMH (Fama 1970; Malkiel 2003c; Lee et al. 2010), carteras activas y pasivas (Elton et al. 1999; Levy y Lieberman 2016) y EC y algoritmos comerciales (Davey 2015; Kisela et al. 2015; Conlan 2016; Huxley et al. 2016).<\/p>\n<p>Se analizan dos m\u00e9todos de investigaci\u00f3n distintivos en este campo, un caso cuantitativo cl\u00e1sico (Levy y Lieberman 2016) y un m\u00e9todo mixto (Graham et al. 2005). Ambas revisiones incluyen una descripci\u00f3n general del art\u00edculo y una revisi\u00f3n metodol\u00f3gica sistem\u00e1tica utilizando la &quot;cebolla de investigaci\u00f3n&quot; (Saunders et al. 2019).<\/p>\n<p>El cuerpo del documento finaliza con la definici\u00f3n del m\u00e9todo de investigaci\u00f3n y dise\u00f1o de la tesis DBA. Capta un sistema de comercio automatizado real y el sistema necesario para articular el proyecto de investigaci\u00f3n. La definici\u00f3n sist\u00e9mica de la metodolog\u00eda de investigaci\u00f3n define la metodolog\u00eda de la investigaci\u00f3n como pragm\u00e1tica, el enfoque de la teor\u00eda como deductivo, el m\u00e9todo como cuantitativo, la estrategia como investigaci\u00f3n de archivos, el horizonte temporal longitudinal y transversal, la recolecci\u00f3n de datos como no probabil\u00edstica intencionada y finalmente , el an\u00e1lisis basado en algoritmos es R o Python con ayuda de SPSS.<\/p>","protected":false},"featured_media":21441,"comment_status":"open","ping_status":"closed","template":"","meta":{"ocean_post_layout":"","ocean_both_sidebars_style":"","ocean_both_sidebars_content_width":0,"ocean_both_sidebars_sidebars_width":0,"ocean_sidebar":"0","ocean_second_sidebar":"0","ocean_disable_margins":"enable","ocean_add_body_class":"","ocean_shortcode_before_top_bar":"","ocean_shortcode_after_top_bar":"","ocean_shortcode_before_header":"","ocean_shortcode_after_header":"","ocean_has_shortcode":"","ocean_shortcode_after_title":"","ocean_shortcode_before_footer_widgets":"","ocean_shortcode_after_footer_widgets":"","ocean_shortcode_before_footer_bottom":"","ocean_shortcode_after_footer_bottom":"","ocean_display_top_bar":"default","ocean_display_header":"default","ocean_header_style":"","ocean_center_header_left_menu":"0","ocean_custom_header_template":"0","ocean_custom_logo":0,"ocean_custom_retina_logo":0,"ocean_custom_logo_max_width":0,"ocean_custom_logo_tablet_max_width":0,"ocean_custom_logo_mobile_max_width":0,"ocean_custom_logo_max_height":0,"ocean_custom_logo_tablet_max_height":0,"ocean_custom_logo_mobile_max_height":0,"ocean_header_custom_menu":"0","ocean_menu_typo_font_family":"0","ocean_menu_typo_font_subset":"","ocean_menu_typo_font_size":0,"ocean_menu_typo_font_size_tablet":0,"ocean_menu_typo_font_size_mobile":0,"ocean_menu_typo_font_size_unit":"px","ocean_menu_typo_font_weight":"","ocean_menu_typo_font_weight_tablet":"","ocean_menu_typo_font_weight_mobile":"","ocean_menu_typo_transform":"","ocean_menu_typo_transform_tablet":"","ocean_menu_typo_transform_mobile":"","ocean_menu_typo_line_height":0,"ocean_menu_typo_line_height_tablet":0,"ocean_menu_typo_line_height_mobile":0,"ocean_menu_typo_line_height_unit":"","ocean_menu_typo_spacing":0,"ocean_menu_typo_spacing_tablet":0,"ocean_menu_typo_spacing_mobile":0,"ocean_menu_typo_spacing_unit":"","ocean_menu_link_color":"","ocean_menu_link_color_hover":"","ocean_menu_link_color_active":"","ocean_menu_link_background":"","ocean_menu_link_hover_background":"","ocean_menu_link_active_background":"","ocean_menu_social_links_bg":"","ocean_menu_social_hover_links_bg":"","ocean_menu_social_links_color":"","ocean_menu_social_hover_links_color":"","ocean_disable_title":"enable","ocean_disable_heading":"enable","ocean_post_title":"","ocean_post_subheading":"","ocean_post_title_style":"background-image","ocean_post_title_background_color":"","ocean_post_title_background":21441,"ocean_post_title_bg_image_position":"","ocean_post_title_bg_image_attachment":"","ocean_post_title_bg_image_repeat":"","ocean_post_title_bg_image_size":"","ocean_post_title_height":0,"ocean_post_title_bg_overlay":0.5,"ocean_post_title_bg_overlay_color":"","ocean_disable_breadcrumbs":"default","ocean_breadcrumbs_color":"","ocean_breadcrumbs_separator_color":"","ocean_breadcrumbs_links_color":"","ocean_breadcrumbs_links_hover_color":"","ocean_display_footer_widgets":"default","ocean_display_footer_bottom":"default","ocean_custom_footer_template":"0","osh_disable_topbar_sticky":"default","osh_disable_header_sticky":"default","osh_sticky_header_style":"default","osh_sticky_header_effect":"","osh_custom_sticky_logo":0,"osh_custom_retina_sticky_logo":0,"osh_custom_sticky_logo_height":0,"osh_background_color":"","osh_links_color":"","osh_links_hover_color":"","osh_links_active_color":"","osh_links_bg_color":"","osh_links_hover_bg_color":"","osh_links_active_bg_color":"","osh_menu_social_links_color":"","osh_menu_social_hover_links_color":""},"product_brand":[],"product_cat":[356],"product_tag":[861,888,860],"class_list":{"0":"post-21438","1":"product","2":"type-product","3":"status-publish","4":"has-post-thumbnail","6":"product_cat-finance","7":"product_tag-academic","8":"product_tag-algorithmic-trading","9":"product_tag-dba","11":"entry","12":"has-media","14":"first","15":"instock","16":"downloadable","17":"virtual","18":"taxable","19":"purchasable","20":"product-type-simple","21":"col","22":"span_1_of_3","23":"owp-content-center","24":"owp-thumbs-layout-horizontal","25":"owp-btn-normal","26":"owp-tabs-layout-section","27":"has-no-thumbnails"},"yoast_head":"<!-- This site is optimized with the Yoast SEO plugin v27.4 - https:\/\/yoast.com\/product\/yoast-seo-wordpress\/ -->\n<title>Reseach methods in finance - Ra\u00fal Bartolom\u00e9<\/title>\n<meta name=\"robots\" content=\"index, follow, max-snippet:-1, max-image-preview:large, max-video-preview:-1\" \/>\n<link rel=\"canonical\" href=\"https:\/\/raulbartolome.com\/es\/producto\/coursework-for-research-design-and-philosophy\/\" \/>\n<meta property=\"og:locale\" content=\"es_ES\" \/>\n<meta property=\"og:type\" content=\"article\" \/>\n<meta property=\"og:title\" content=\"Reseach methods in finance - Ra\u00fal Bartolom\u00e9\" \/>\n<meta property=\"og:description\" content=\"This coursework defines the foundation of the DBA research project. It states the most significant theory that underpins the research, the Efficient Market Hypothesis (EMH), with evidences in favour and against of efficient markets. Next, argues that if the theory stands true, rational investors will only invest in passive portfolios, impacting the financial industry offering active financial products.  The paper identifies two gaps in the existing literature. Firstly, most of the financial and economic studies of capital asset pricing uses total stock return as main dependent variable ignoring other important variables for investors, in particular the Equity Curve (EC) and its characteristics. Secondly, the established asset pricing evaluation is conducted following the buy-and-hold strategy for the lifecycle of the study, this is meaningless for many individual investors because they follow the portfolio rebalancing adapted to the investor\u2019s lifecycle.  The gaps in the literature promotes two research questions. With a concentric attention to the investor\u2019s equity account, and the study of the EC and its characteristics. The first question asks what type of portfolios are more attractive for investors, active or passive. The second question is intended to evaluate multiple trading\/investing strategies to discuss the most convenience options for investors.  The DBA thesis might have high potential social impact. From one hand, will contribute the EMH testing and consequently supporting active or passive investment products. From the other hand, as a toolkit for financial advisors and planners.  The literature chapter is divided in three blocks. Articles related to EMH (Fama 1970; Malkiel 2003c; Lee et al. 2010), to active and passive portfolios (Elton et al. 1999; Levy and Lieberman 2016) and EC and trading algorithms (Davey 2015; Kisela et al. 2015; Conlan 2016; Huxley et al. 2016).  Two distinctive research methods in the field are analysed, a classic quantitative case (Levy and Lieberman 2016) and one mixed method (Graham et al. 2005). Both reviews include an overview of the article and a systematic methodology review using the \u2018research onion\u2019 (Saunders et al. 2019).  The body of the document ends with the definition of the research method and design for the DBA thesis. It captures a real automated trading system and the required system to articulate the research project. The systemic definition of the research methodology defines the research methodology as pragmatic, the approach to theory as deductive, the method as quantitative, the strategy as archival research, time horizon longitudinal and cross-sectional, the data collection as purposive non-probability and finally, the analysis based on algorithms is R or Python with the help of SPSS.\" \/>\n<meta property=\"og:url\" content=\"https:\/\/raulbartolome.com\/es\/producto\/coursework-for-research-design-and-philosophy\/\" \/>\n<meta property=\"og:site_name\" content=\"Ra\u00fal Bartolom\u00e9\" \/>\n<meta property=\"article:publisher\" content=\"https:\/\/www.facebook.com\/rbartolomecastro\" \/>\n<meta property=\"article:modified_time\" content=\"2023-05-18T13:53:59+00:00\" \/>\n<meta property=\"og:image\" content=\"https:\/\/raulbartolome.com\/wp-content\/uploads\/2020\/12\/1_Research_Design_and_Philosophy_Cover.png\" \/>\n\t<meta property=\"og:image:width\" content=\"1310\" \/>\n\t<meta property=\"og:image:height\" content=\"1730\" \/>\n\t<meta property=\"og:image:type\" content=\"image\/png\" \/>\n<meta name=\"twitter:card\" content=\"summary_large_image\" \/>\n<meta name=\"twitter:site\" content=\"@raulbartolome\" \/>\n<script type=\"application\/ld+json\" class=\"yoast-schema-graph\">{\"@context\":\"https:\\\/\\\/schema.org\",\"@graph\":[{\"@type\":\"WebPage\",\"@id\":\"https:\\\/\\\/raulbartolome.com\\\/product\\\/coursework-for-research-design-and-philosophy\\\/\",\"url\":\"https:\\\/\\\/raulbartolome.com\\\/product\\\/coursework-for-research-design-and-philosophy\\\/\",\"name\":\"Reseach methods in finance - Ra\u00fal Bartolom\u00e9\",\"isPartOf\":{\"@id\":\"https:\\\/\\\/raulbartolome.com\\\/#website\"},\"primaryImageOfPage\":{\"@id\":\"https:\\\/\\\/raulbartolome.com\\\/product\\\/coursework-for-research-design-and-philosophy\\\/#primaryimage\"},\"image\":{\"@id\":\"https:\\\/\\\/raulbartolome.com\\\/product\\\/coursework-for-research-design-and-philosophy\\\/#primaryimage\"},\"thumbnailUrl\":\"https:\\\/\\\/raulbartolome.com\\\/wp-content\\\/uploads\\\/2020\\\/12\\\/1_Research_Design_and_Philosophy_Cover.png\",\"datePublished\":\"2020-12-12T16:59:48+00:00\",\"dateModified\":\"2023-05-18T13:53:59+00:00\",\"breadcrumb\":{\"@id\":\"https:\\\/\\\/raulbartolome.com\\\/product\\\/coursework-for-research-design-and-philosophy\\\/#breadcrumb\"},\"inLanguage\":\"es\",\"potentialAction\":[{\"@type\":\"ReadAction\",\"target\":[\"https:\\\/\\\/raulbartolome.com\\\/product\\\/coursework-for-research-design-and-philosophy\\\/\"]}]},{\"@type\":\"ImageObject\",\"inLanguage\":\"es\",\"@id\":\"https:\\\/\\\/raulbartolome.com\\\/product\\\/coursework-for-research-design-and-philosophy\\\/#primaryimage\",\"url\":\"https:\\\/\\\/raulbartolome.com\\\/wp-content\\\/uploads\\\/2020\\\/12\\\/1_Research_Design_and_Philosophy_Cover.png\",\"contentUrl\":\"https:\\\/\\\/raulbartolome.com\\\/wp-content\\\/uploads\\\/2020\\\/12\\\/1_Research_Design_and_Philosophy_Cover.png\",\"width\":1310,\"height\":1730},{\"@type\":\"BreadcrumbList\",\"@id\":\"https:\\\/\\\/raulbartolome.com\\\/product\\\/coursework-for-research-design-and-philosophy\\\/#breadcrumb\",\"itemListElement\":[{\"@type\":\"ListItem\",\"position\":1,\"name\":\"Ra\u00fal Bartolom\u00e9\",\"item\":\"https:\\\/\\\/raulbartolome.com\\\/\"},{\"@type\":\"ListItem\",\"position\":2,\"name\":\"Downloads\",\"item\":\"https:\\\/\\\/raulbartolome.com\\\/downloads\\\/\"},{\"@type\":\"ListItem\",\"position\":3,\"name\":\"Finance\",\"item\":\"https:\\\/\\\/raulbartolome.com\\\/product-category\\\/finance\\\/\"},{\"@type\":\"ListItem\",\"position\":4,\"name\":\"Reseach methods in finance\"}]},{\"@type\":\"WebSite\",\"@id\":\"https:\\\/\\\/raulbartolome.com\\\/#website\",\"url\":\"https:\\\/\\\/raulbartolome.com\\\/\",\"name\":\"Ra\u00fal Bartolom\u00e9\",\"description\":\"Engineering, Management and Finance\",\"publisher\":{\"@id\":\"https:\\\/\\\/raulbartolome.com\\\/#\\\/schema\\\/person\\\/728a70a0ee01a96dc17e5dd8c5f8e95e\"},\"potentialAction\":[{\"@type\":\"SearchAction\",\"target\":{\"@type\":\"EntryPoint\",\"urlTemplate\":\"https:\\\/\\\/raulbartolome.com\\\/?s={search_term_string}\"},\"query-input\":{\"@type\":\"PropertyValueSpecification\",\"valueRequired\":true,\"valueName\":\"search_term_string\"}}],\"inLanguage\":\"es\"},{\"@type\":[\"Person\",\"Organization\"],\"@id\":\"https:\\\/\\\/raulbartolome.com\\\/#\\\/schema\\\/person\\\/728a70a0ee01a96dc17e5dd8c5f8e95e\",\"name\":\"Ra\u00fal Bartolom\u00e9\",\"image\":{\"@type\":\"ImageObject\",\"inLanguage\":\"es\",\"@id\":\"https:\\\/\\\/raulbartolome.com\\\/wp-content\\\/uploads\\\/2020\\\/02\\\/Raul-Bartolome-IMG_1090-2.jpeg\",\"url\":\"https:\\\/\\\/raulbartolome.com\\\/wp-content\\\/uploads\\\/2020\\\/02\\\/Raul-Bartolome-IMG_1090-2.jpeg\",\"contentUrl\":\"https:\\\/\\\/raulbartolome.com\\\/wp-content\\\/uploads\\\/2020\\\/02\\\/Raul-Bartolome-IMG_1090-2.jpeg\",\"width\":640,\"height\":640,\"caption\":\"Ra\u00fal Bartolom\u00e9\"},\"logo\":{\"@id\":\"https:\\\/\\\/raulbartolome.com\\\/wp-content\\\/uploads\\\/2020\\\/02\\\/Raul-Bartolome-IMG_1090-2.jpeg\"},\"sameAs\":[\"https:\\\/\\\/raulbartolome.com\\\/\",\"https:\\\/\\\/www.facebook.com\\\/rbartolomecastro\",\"https:\\\/\\\/www.instagram.com\\\/rbartolomec\\\/\",\"https:\\\/\\\/www.linkedin.com\\\/in\\\/rbartolomecastro\",\"https:\\\/\\\/x.com\\\/raulbartolome\",\"https:\\\/\\\/www.youtube.com\\\/channel\\\/UCY7Pef7CeZf-8t9ALthQRqA\\\/\"]}]}<\/script>\n<!-- \/ Yoast SEO plugin. -->","yoast_head_json":{"title":"M\u00e9todos de investigaci\u00f3n en finanzas - Ra\u00fal Bartolom\u00e9","robots":{"index":"index","follow":"follow","max-snippet":"max-snippet:-1","max-image-preview":"max-image-preview:large","max-video-preview":"max-video-preview:-1"},"canonical":"https:\/\/raulbartolome.com\/es\/producto\/coursework-for-research-design-and-philosophy\/","og_locale":"es_ES","og_type":"article","og_title":"Reseach methods in finance - Ra\u00fal Bartolom\u00e9","og_description":"This coursework defines the foundation of the DBA research project. It states the most significant theory that underpins the research, the Efficient Market Hypothesis (EMH), with evidences in favour and against of efficient markets. Next, argues that if the theory stands true, rational investors will only invest in passive portfolios, impacting the financial industry offering active financial products.  The paper identifies two gaps in the existing literature. Firstly, most of the financial and economic studies of capital asset pricing uses total stock return as main dependent variable ignoring other important variables for investors, in particular the Equity Curve (EC) and its characteristics. Secondly, the established asset pricing evaluation is conducted following the buy-and-hold strategy for the lifecycle of the study, this is meaningless for many individual investors because they follow the portfolio rebalancing adapted to the investor\u2019s lifecycle.  The gaps in the literature promotes two research questions. With a concentric attention to the investor\u2019s equity account, and the study of the EC and its characteristics. The first question asks what type of portfolios are more attractive for investors, active or passive. The second question is intended to evaluate multiple trading\/investing strategies to discuss the most convenience options for investors.  The DBA thesis might have high potential social impact. From one hand, will contribute the EMH testing and consequently supporting active or passive investment products. From the other hand, as a toolkit for financial advisors and planners.  The literature chapter is divided in three blocks. Articles related to EMH (Fama 1970; Malkiel 2003c; Lee et al. 2010), to active and passive portfolios (Elton et al. 1999; Levy and Lieberman 2016) and EC and trading algorithms (Davey 2015; Kisela et al. 2015; Conlan 2016; Huxley et al. 2016).  Two distinctive research methods in the field are analysed, a classic quantitative case (Levy and Lieberman 2016) and one mixed method (Graham et al. 2005). Both reviews include an overview of the article and a systematic methodology review using the \u2018research onion\u2019 (Saunders et al. 2019).  The body of the document ends with the definition of the research method and design for the DBA thesis. It captures a real automated trading system and the required system to articulate the research project. The systemic definition of the research methodology defines the research methodology as pragmatic, the approach to theory as deductive, the method as quantitative, the strategy as archival research, time horizon longitudinal and cross-sectional, the data collection as purposive non-probability and finally, the analysis based on algorithms is R or Python with the help of SPSS.","og_url":"https:\/\/raulbartolome.com\/es\/producto\/coursework-for-research-design-and-philosophy\/","og_site_name":"Ra\u00fal Bartolom\u00e9","article_publisher":"https:\/\/www.facebook.com\/rbartolomecastro","article_modified_time":"2023-05-18T13:53:59+00:00","og_image":[{"width":1310,"height":1730,"url":"https:\/\/raulbartolome.com\/wp-content\/uploads\/2020\/12\/1_Research_Design_and_Philosophy_Cover.png","type":"image\/png"}],"twitter_card":"summary_large_image","twitter_site":"@raulbartolome","schema":{"@context":"https:\/\/schema.org","@graph":[{"@type":"WebPage","@id":"https:\/\/raulbartolome.com\/product\/coursework-for-research-design-and-philosophy\/","url":"https:\/\/raulbartolome.com\/product\/coursework-for-research-design-and-philosophy\/","name":"M\u00e9todos de investigaci\u00f3n en finanzas - Ra\u00fal Bartolom\u00e9","isPartOf":{"@id":"https:\/\/raulbartolome.com\/#website"},"primaryImageOfPage":{"@id":"https:\/\/raulbartolome.com\/product\/coursework-for-research-design-and-philosophy\/#primaryimage"},"image":{"@id":"https:\/\/raulbartolome.com\/product\/coursework-for-research-design-and-philosophy\/#primaryimage"},"thumbnailUrl":"https:\/\/raulbartolome.com\/wp-content\/uploads\/2020\/12\/1_Research_Design_and_Philosophy_Cover.png","datePublished":"2020-12-12T16:59:48+00:00","dateModified":"2023-05-18T13:53:59+00:00","breadcrumb":{"@id":"https:\/\/raulbartolome.com\/product\/coursework-for-research-design-and-philosophy\/#breadcrumb"},"inLanguage":"es","potentialAction":[{"@type":"ReadAction","target":["https:\/\/raulbartolome.com\/product\/coursework-for-research-design-and-philosophy\/"]}]},{"@type":"ImageObject","inLanguage":"es","@id":"https:\/\/raulbartolome.com\/product\/coursework-for-research-design-and-philosophy\/#primaryimage","url":"https:\/\/raulbartolome.com\/wp-content\/uploads\/2020\/12\/1_Research_Design_and_Philosophy_Cover.png","contentUrl":"https:\/\/raulbartolome.com\/wp-content\/uploads\/2020\/12\/1_Research_Design_and_Philosophy_Cover.png","width":1310,"height":1730},{"@type":"BreadcrumbList","@id":"https:\/\/raulbartolome.com\/product\/coursework-for-research-design-and-philosophy\/#breadcrumb","itemListElement":[{"@type":"ListItem","position":1,"name":"Ra\u00fal Bartolom\u00e9","item":"https:\/\/raulbartolome.com\/"},{"@type":"ListItem","position":2,"name":"Downloads","item":"https:\/\/raulbartolome.com\/downloads\/"},{"@type":"ListItem","position":3,"name":"Finance","item":"https:\/\/raulbartolome.com\/product-category\/finance\/"},{"@type":"ListItem","position":4,"name":"Reseach methods in finance"}]},{"@type":"WebSite","@id":"https:\/\/raulbartolome.com\/#website","url":"https:\/\/raulbartolome.com\/","name":"Ra\u00fal Bartolom\u00e9","description":"Ingenier\u00eda, Gesti\u00f3n y Finanzas","publisher":{"@id":"https:\/\/raulbartolome.com\/#\/schema\/person\/728a70a0ee01a96dc17e5dd8c5f8e95e"},"potentialAction":[{"@type":"SearchAction","target":{"@type":"EntryPoint","urlTemplate":"https:\/\/raulbartolome.com\/?s={search_term_string}"},"query-input":{"@type":"PropertyValueSpecification","valueRequired":true,"valueName":"search_term_string"}}],"inLanguage":"es"},{"@type":["Person","Organization"],"@id":"https:\/\/raulbartolome.com\/#\/schema\/person\/728a70a0ee01a96dc17e5dd8c5f8e95e","name":"Ra\u00fal Bartolom\u00e9","image":{"@type":"ImageObject","inLanguage":"es","@id":"https:\/\/raulbartolome.com\/wp-content\/uploads\/2020\/02\/Raul-Bartolome-IMG_1090-2.jpeg","url":"https:\/\/raulbartolome.com\/wp-content\/uploads\/2020\/02\/Raul-Bartolome-IMG_1090-2.jpeg","contentUrl":"https:\/\/raulbartolome.com\/wp-content\/uploads\/2020\/02\/Raul-Bartolome-IMG_1090-2.jpeg","width":640,"height":640,"caption":"Ra\u00fal Bartolom\u00e9"},"logo":{"@id":"https:\/\/raulbartolome.com\/wp-content\/uploads\/2020\/02\/Raul-Bartolome-IMG_1090-2.jpeg"},"sameAs":["https:\/\/raulbartolome.com\/","https:\/\/www.facebook.com\/rbartolomecastro","https:\/\/www.instagram.com\/rbartolomec\/","https:\/\/www.linkedin.com\/in\/rbartolomecastro","https:\/\/x.com\/raulbartolome","https:\/\/www.youtube.com\/channel\/UCY7Pef7CeZf-8t9ALthQRqA\/"]}]}},"_links":{"self":[{"href":"https:\/\/raulbartolome.com\/es\/wp-json\/wp\/v2\/product\/21438","targetHints":{"allow":["GET"]}}],"collection":[{"href":"https:\/\/raulbartolome.com\/es\/wp-json\/wp\/v2\/product"}],"about":[{"href":"https:\/\/raulbartolome.com\/es\/wp-json\/wp\/v2\/types\/product"}],"replies":[{"embeddable":true,"href":"https:\/\/raulbartolome.com\/es\/wp-json\/wp\/v2\/comments?post=21438"}],"wp:featuredmedia":[{"embeddable":true,"href":"https:\/\/raulbartolome.com\/es\/wp-json\/wp\/v2\/media\/21441"}],"wp:attachment":[{"href":"https:\/\/raulbartolome.com\/es\/wp-json\/wp\/v2\/media?parent=21438"}],"wp:term":[{"taxonomy":"product_brand","embeddable":true,"href":"https:\/\/raulbartolome.com\/es\/wp-json\/wp\/v2\/product_brand?post=21438"},{"taxonomy":"product_cat","embeddable":true,"href":"https:\/\/raulbartolome.com\/es\/wp-json\/wp\/v2\/product_cat?post=21438"},{"taxonomy":"product_tag","embeddable":true,"href":"https:\/\/raulbartolome.com\/es\/wp-json\/wp\/v2\/product_tag?post=21438"}],"curies":[{"name":"gracias","href":"https:\/\/api.w.org\/{rel}","templated":true}]}}