{"id":21398,"date":"2020-11-02T19:38:24","date_gmt":"2020-11-02T18:38:24","guid":{"rendered":"https:\/\/www.raulbartolome.com\/?post_type=product&#038;p=21398"},"modified":"2023-08-02T13:59:16","modified_gmt":"2023-08-02T11:59:16","slug":"asesoramiento-financiero-para-una-cartera-de-10-millones-de-dolares","status":"publish","type":"product","link":"https:\/\/raulbartolome.com\/es\/producto\/asesoramiento-financiero-para-una-cartera-de-10-millones-de-dolares\/","title":{"rendered":"Asesoramiento financiero para una cartera de 10 millones de dolares"},"content":{"rendered":"","protected":false},"excerpt":{"rendered":"<p>Esta descarga es la culminaci\u00f3n del M\u00e1ster de Asesoramiento y Gesti\u00f3n Patrimonial en la forma de Trabajo Final de M\u00e1ster. El resumen ejecutivo es el siguiente:<\/p>\n<ul>\n<li>La cliente es una persona joven, con un patrimonio de 10 millones de d\u00f3lares para invertir y en fase de acumulaci\u00f3n.<\/li>\n<li>An\u00e1lisis personalizado y formal mediante test de idoneidad MIFID. Obtenemos un perfil de riesgo moderado y horizonte de inversi\u00f3n de 10 a\u00f1os.<\/li>\n<li>Pol\u00edtica de inversi\u00f3n acorde al perfil de riesgo. Renta variable 50%; Renta fija 40%; Inversiones alternativas 10%; inversi\u00f3n m\u00ednima en activos de 2% y sin posiciones cortas.<\/li>\n<li>Estrategia de gesti\u00f3n para la cartera es activa. La cartera se reequilibra anualmente para cumplir la pol\u00edtica de inversi\u00f3n y las necesidades de la cliente.<\/li>\n<li>Los activos seleccionados son ETFs: PALL (Materias primas), AMLP (energ\u00eda), XLP (consumo defensivo), MJ (cannabis), PRFZ (consumo defensivo), FALN (Bonos de Alto Rendimiento), EWG (consumo defensivo), GLD ( commodities), VGT (tecnolog\u00eda), VNQ (Bienes Inmobiliarios), VCSH (Bonos de corto plazo), BND (Bonos de medio plazo).<\/li>\n<li>La creaci\u00f3n de la cartera sigue los siguientes pasos: adquisici\u00f3n de datos de Yahoo! Finanzas, c\u00e1lculo de variables estad\u00edsticas, optimizaci\u00f3n de la cartera y composici\u00f3n de la cartera.<\/li>\n<li>Los datos se adquieren de Yahoo! Finanzas para el per\u00edodo comprendido entre el 2016-06-22 y el 2020-07-31.<\/li>\n<li>Para el c\u00e1lculo de variables estad\u00edsticas se obtienen los rendimientos netos simples, la variancia y la volatilidad.<\/li>\n<li>El calcula la frontera eficiente de la cartera se realiza mediante el m\u00e9todo de optimizaci\u00f3n de la varianza media (MVO) de Markowitz.<\/li>\n<li>Se calcula las fronteras eficientes con activo de riesgo, tambi\u00e9n llamada l\u00ednea de mercado de capitales. La intersecci\u00f3n de las dos fronteras identifica el punto \u00f3ptimo.<\/li>\n<li>En el punto \u00f3ptimo, la volatilidad de 0,8%, el rendimiento anual esperado es 18,18%. Las ponderaciones son para VGT 37,6%; BND 36%; GLD 3,2%; PALL 6,8%; XLP 2,4% y el 2% para el resto.<\/li>\n<li>El coste de mantenimiento de la cartera es del 0,17% y los rendimientos por dividendo hist\u00f3rico del 1,9%.<\/li>\n<\/ul>\n<p>La descarga incluye el documento en formato pdf y las hojas de c\u00e1lculo en xlsx.<\/p>","protected":false},"featured_media":21401,"comment_status":"open","ping_status":"closed","template":"","meta":{"ocean_post_layout":"","ocean_both_sidebars_style":"","ocean_both_sidebars_content_width":0,"ocean_both_sidebars_sidebars_width":0,"ocean_sidebar":"0","ocean_second_sidebar":"0","ocean_disable_margins":"enable","ocean_add_body_class":"","ocean_shortcode_before_top_bar":"","ocean_shortcode_after_top_bar":"","ocean_shortcode_before_header":"","ocean_shortcode_after_header":"","ocean_has_shortcode":"","ocean_shortcode_after_title":"","ocean_shortcode_before_footer_widgets":"","ocean_shortcode_after_footer_widgets":"","ocean_shortcode_before_footer_bottom":"","ocean_shortcode_after_footer_bottom":"","ocean_display_top_bar":"default","ocean_display_header":"default","ocean_header_style":"","ocean_center_header_left_menu":"0","ocean_custom_header_template":"0","ocean_custom_logo":0,"ocean_custom_retina_logo":0,"ocean_custom_logo_max_width":0,"ocean_custom_logo_tablet_max_width":0,"ocean_custom_logo_mobile_max_width":0,"ocean_custom_logo_max_height":0,"ocean_custom_logo_tablet_max_height":0,"ocean_custom_logo_mobile_max_height":0,"ocean_header_custom_menu":"0","ocean_menu_typo_font_family":"0","ocean_menu_typo_font_subset":"","ocean_menu_typo_font_size":0,"ocean_menu_typo_font_size_tablet":0,"ocean_menu_typo_font_size_mobile":0,"ocean_menu_typo_font_size_unit":"px","ocean_menu_typo_font_weight":"","ocean_menu_typo_font_weight_tablet":"","ocean_menu_typo_font_weight_mobile":"","ocean_menu_typo_transform":"","ocean_menu_typo_transform_tablet":"","ocean_menu_typo_transform_mobile":"","ocean_menu_typo_line_height":0,"ocean_menu_typo_line_height_tablet":0,"ocean_menu_typo_line_height_mobile":0,"ocean_menu_typo_line_height_unit":"","ocean_menu_typo_spacing":0,"ocean_menu_typo_spacing_tablet":0,"ocean_menu_typo_spacing_mobile":0,"ocean_menu_typo_spacing_unit":"","ocean_menu_link_color":"","ocean_menu_link_color_hover":"","ocean_menu_link_color_active":"","ocean_menu_link_background":"","ocean_menu_link_hover_background":"","ocean_menu_link_active_background":"","ocean_menu_social_links_bg":"","ocean_menu_social_hover_links_bg":"","ocean_menu_social_links_color":"","ocean_menu_social_hover_links_color":"","ocean_disable_title":"enable","ocean_disable_heading":"enable","ocean_post_title":"","ocean_post_subheading":"","ocean_post_title_style":"background-image","ocean_post_title_background_color":"","ocean_post_title_background":21401,"ocean_post_title_bg_image_position":"","ocean_post_title_bg_image_attachment":"","ocean_post_title_bg_image_repeat":"","ocean_post_title_bg_image_size":"","ocean_post_title_height":0,"ocean_post_title_bg_overlay":0.5,"ocean_post_title_bg_overlay_color":"","ocean_disable_breadcrumbs":"default","ocean_breadcrumbs_color":"","ocean_breadcrumbs_separator_color":"","ocean_breadcrumbs_links_color":"","ocean_breadcrumbs_links_hover_color":"","ocean_display_footer_widgets":"default","ocean_display_footer_bottom":"default","ocean_custom_footer_template":"0","osh_disable_topbar_sticky":"default","osh_disable_header_sticky":"default","osh_sticky_header_style":"default","osh_sticky_header_effect":"","osh_custom_sticky_logo":0,"osh_custom_retina_sticky_logo":0,"osh_custom_sticky_logo_height":0,"osh_background_color":"","osh_links_color":"","osh_links_hover_color":"","osh_links_active_color":"","osh_links_bg_color":"","osh_links_hover_bg_color":"","osh_links_active_bg_color":"","osh_menu_social_links_color":"","osh_menu_social_hover_links_color":""},"product_brand":[],"product_cat":[356],"product_tag":[867,868,873],"class_list":{"0":"post-21398","1":"product","2":"type-product","3":"status-publish","4":"has-post-thumbnail","6":"product_cat-finance","7":"product_tag-academico","8":"product_tag-mafgp","9":"product_tag-todos","11":"entry","12":"has-media","14":"first","15":"instock","16":"downloadable","17":"virtual","18":"taxable","19":"purchasable","20":"product-type-simple","21":"col","22":"span_1_of_3","23":"owp-content-center","24":"owp-thumbs-layout-horizontal","25":"owp-btn-normal","26":"owp-tabs-layout-section","27":"has-no-thumbnails"},"yoast_head":"<!-- This site is optimized with the Yoast SEO plugin v27.4 - https:\/\/yoast.com\/product\/yoast-seo-wordpress\/ -->\n<title>Asesoramiento financiero para una cartera de 10 millones de d\u00f3lares - Ra\u00fal Bartolom\u00e9<\/title>\n<meta name=\"robots\" content=\"index, follow, max-snippet:-1, max-image-preview:large, max-video-preview:-1\" \/>\n<link rel=\"canonical\" href=\"https:\/\/raulbartolome.com\/es\/producto\/asesoramiento-financiero-para-una-cartera-de-10-millones-de-dolares\/\" \/>\n<meta property=\"og:locale\" content=\"es_ES\" \/>\n<meta property=\"og:type\" content=\"article\" \/>\n<meta property=\"og:title\" content=\"Asesoramiento financiero para una cartera de 10 millones de d\u00f3lares - Ra\u00fal Bartolom\u00e9\" \/>\n<meta property=\"og:description\" content=\"Esta descarga es la culminaci\u00f3n del M\u00e1ster de Asesoramiento y Gesti\u00f3n Patrimonial en la forma de Trabajo Final de M\u00e1ster. El resumen ejecutivo es el siguiente:   La clienta es una persona joven, con un patrimonio de 10 millones de d\u00f3lares para invertir y en fase de acumulaci\u00f3n.  An\u00e1lisis personalizado y formal mediante test de idoneidad MIFID. Obtenemos un perfil de riesgo moderado y horizonte de inversi\u00f3n 10 a\u00f1os.  Pol\u00edtica de inversi\u00f3n acorde al perfil de riesgo. Renta variable 50%; Renta fija 40%; Inversiones alternativas 10%; inversi\u00f3n m\u00ednima en activos de 2% y sin posiciones cortas.  Estrategia de gesti\u00f3n para la cartera es activa. La cartera se rebalancea anualmente para cumplir la pol\u00edtica de inversi\u00f3n y las necesidades de la clienta.  Los activos seleccionados son ETFs: PALL (Materias primas), AMLP (energ\u00eda), XLP (consumo defensivo), MJ (cannabis), PRFZ (consumo defensivo), FALN (Bonos de Alto Rendimiento), EWG (consumo defensivo), GLD (commodities), VGT (tecnolog\u00eda), VNQ (Bienes Inmobiliarios), VCSH (Bonos de corto plazo), BND (Bonos de medio plazo).  La creaci\u00f3n de la cartera sigue los siguiente pasos: adquisici\u00f3n de datos de Yahoo! Finance, c\u00e1lculo de variables estad\u00edsticas, optimizaci\u00f3n de la cartera y composici\u00f3n de la cartera.  Los datos se adquieren de Yahoo! Finance para el periodo comprendido entre el 2016-06-22 y el 2020-07-31.  Para el c\u00e1lculo de variables estad\u00edsticas se obtiene los rendimientos netos simples, la variancia y la volatilidad.  El calcula la frontera eficiente de la cartera se realiza mediante el m\u00e9todo de optimizaci\u00f3n de la varianza media (MVO) de Markowitz.  Se calcula la fronteras eficientes con activo de riesgo, tambi\u00e9n llamada l\u00ednea de mercado de capitales. La intersecci\u00f3n de las dos fronteras identifica el punto \u00f3ptimo.  En el punto \u00f3ptimo, la volatilidad de 0,8%, el rendimiento anual esperado es 18,18%. Las ponderaciones son para VGT 37,6%; BND 36%; GLD 3,2%; PALL 6,8%; XLP 2,4% y el 2% para el resto.  El coste de manteamiento de la cartera es del 0,17% y los rendimientos por dividendo hist\u00f3ricos del 1,9%.  La descarga incluye el documento en formato pdf y las hojas de c\u00e1lculo en xlsx.\" \/>\n<meta property=\"og:url\" content=\"https:\/\/raulbartolome.com\/es\/producto\/asesoramiento-financiero-para-una-cartera-de-10-millones-de-dolares\/\" \/>\n<meta property=\"og:site_name\" content=\"Ra\u00fal Bartolom\u00e9\" \/>\n<meta property=\"article:publisher\" content=\"https:\/\/www.facebook.com\/rbartolomecastro\" \/>\n<meta property=\"article:modified_time\" content=\"2023-08-02T11:59:16+00:00\" \/>\n<meta property=\"og:image\" content=\"https:\/\/raulbartolome.com\/wp-content\/uploads\/2020\/10\/Cover_Modulo_11-Trabajo_final_de_master_Web.png\" \/>\n\t<meta property=\"og:image:width\" content=\"1190\" \/>\n\t<meta property=\"og:image:height\" content=\"1584\" \/>\n\t<meta property=\"og:image:type\" content=\"image\/png\" \/>\n<meta name=\"twitter:card\" content=\"summary_large_image\" \/>\n<meta name=\"twitter:site\" content=\"@raulbartolome\" \/>\n<script type=\"application\/ld+json\" class=\"yoast-schema-graph\">{\"@context\":\"https:\\\/\\\/schema.org\",\"@graph\":[{\"@type\":\"WebPage\",\"@id\":\"https:\\\/\\\/raulbartolome.com\\\/product\\\/asesoramiento-financiero-para-una-cartera-de-10-millones-de-dolares\\\/\",\"url\":\"https:\\\/\\\/raulbartolome.com\\\/product\\\/asesoramiento-financiero-para-una-cartera-de-10-millones-de-dolares\\\/\",\"name\":\"Asesoramiento financiero para una cartera de 10 millones de d\u00f3lares - Ra\u00fal Bartolom\u00e9\",\"isPartOf\":{\"@id\":\"https:\\\/\\\/raulbartolome.com\\\/#website\"},\"primaryImageOfPage\":{\"@id\":\"https:\\\/\\\/raulbartolome.com\\\/product\\\/asesoramiento-financiero-para-una-cartera-de-10-millones-de-dolares\\\/#primaryimage\"},\"image\":{\"@id\":\"https:\\\/\\\/raulbartolome.com\\\/product\\\/asesoramiento-financiero-para-una-cartera-de-10-millones-de-dolares\\\/#primaryimage\"},\"thumbnailUrl\":\"https:\\\/\\\/raulbartolome.com\\\/wp-content\\\/uploads\\\/2020\\\/10\\\/Cover_Modulo_11-Trabajo_final_de_master_Web.png\",\"datePublished\":\"2020-11-02T18:38:24+00:00\",\"dateModified\":\"2023-08-02T11:59:16+00:00\",\"breadcrumb\":{\"@id\":\"https:\\\/\\\/raulbartolome.com\\\/product\\\/asesoramiento-financiero-para-una-cartera-de-10-millones-de-dolares\\\/#breadcrumb\"},\"inLanguage\":\"es\",\"potentialAction\":[{\"@type\":\"ReadAction\",\"target\":[\"https:\\\/\\\/raulbartolome.com\\\/product\\\/asesoramiento-financiero-para-una-cartera-de-10-millones-de-dolares\\\/\"]}]},{\"@type\":\"ImageObject\",\"inLanguage\":\"es\",\"@id\":\"https:\\\/\\\/raulbartolome.com\\\/product\\\/asesoramiento-financiero-para-una-cartera-de-10-millones-de-dolares\\\/#primaryimage\",\"url\":\"https:\\\/\\\/raulbartolome.com\\\/wp-content\\\/uploads\\\/2020\\\/10\\\/Cover_Modulo_11-Trabajo_final_de_master_Web.png\",\"contentUrl\":\"https:\\\/\\\/raulbartolome.com\\\/wp-content\\\/uploads\\\/2020\\\/10\\\/Cover_Modulo_11-Trabajo_final_de_master_Web.png\",\"width\":1190,\"height\":1584},{\"@type\":\"BreadcrumbList\",\"@id\":\"https:\\\/\\\/raulbartolome.com\\\/product\\\/asesoramiento-financiero-para-una-cartera-de-10-millones-de-dolares\\\/#breadcrumb\",\"itemListElement\":[{\"@type\":\"ListItem\",\"position\":1,\"name\":\"Ra\u00fal Bartolom\u00e9\",\"item\":\"https:\\\/\\\/raulbartolome.com\\\/\"},{\"@type\":\"ListItem\",\"position\":2,\"name\":\"Downloads\",\"item\":\"https:\\\/\\\/raulbartolome.com\\\/downloads\\\/\"},{\"@type\":\"ListItem\",\"position\":3,\"name\":\"Finance\",\"item\":\"https:\\\/\\\/raulbartolome.com\\\/product-category\\\/finance\\\/\"},{\"@type\":\"ListItem\",\"position\":4,\"name\":\"Asesoramiento financiero para una cartera de 10 millones de d\u00f3lares\"}]},{\"@type\":\"WebSite\",\"@id\":\"https:\\\/\\\/raulbartolome.com\\\/#website\",\"url\":\"https:\\\/\\\/raulbartolome.com\\\/\",\"name\":\"Ra\u00fal Bartolom\u00e9\",\"description\":\"Engineering, Management and Finance\",\"publisher\":{\"@id\":\"https:\\\/\\\/raulbartolome.com\\\/#\\\/schema\\\/person\\\/728a70a0ee01a96dc17e5dd8c5f8e95e\"},\"potentialAction\":[{\"@type\":\"SearchAction\",\"target\":{\"@type\":\"EntryPoint\",\"urlTemplate\":\"https:\\\/\\\/raulbartolome.com\\\/?s={search_term_string}\"},\"query-input\":{\"@type\":\"PropertyValueSpecification\",\"valueRequired\":true,\"valueName\":\"search_term_string\"}}],\"inLanguage\":\"es\"},{\"@type\":[\"Person\",\"Organization\"],\"@id\":\"https:\\\/\\\/raulbartolome.com\\\/#\\\/schema\\\/person\\\/728a70a0ee01a96dc17e5dd8c5f8e95e\",\"name\":\"Ra\u00fal Bartolom\u00e9\",\"image\":{\"@type\":\"ImageObject\",\"inLanguage\":\"es\",\"@id\":\"https:\\\/\\\/raulbartolome.com\\\/wp-content\\\/uploads\\\/2020\\\/02\\\/Raul-Bartolome-IMG_1090-2.jpeg\",\"url\":\"https:\\\/\\\/raulbartolome.com\\\/wp-content\\\/uploads\\\/2020\\\/02\\\/Raul-Bartolome-IMG_1090-2.jpeg\",\"contentUrl\":\"https:\\\/\\\/raulbartolome.com\\\/wp-content\\\/uploads\\\/2020\\\/02\\\/Raul-Bartolome-IMG_1090-2.jpeg\",\"width\":640,\"height\":640,\"caption\":\"Ra\u00fal Bartolom\u00e9\"},\"logo\":{\"@id\":\"https:\\\/\\\/raulbartolome.com\\\/wp-content\\\/uploads\\\/2020\\\/02\\\/Raul-Bartolome-IMG_1090-2.jpeg\"},\"sameAs\":[\"https:\\\/\\\/raulbartolome.com\\\/\",\"https:\\\/\\\/www.facebook.com\\\/rbartolomecastro\",\"https:\\\/\\\/www.instagram.com\\\/rbartolomec\\\/\",\"https:\\\/\\\/www.linkedin.com\\\/in\\\/rbartolomecastro\",\"https:\\\/\\\/x.com\\\/raulbartolome\",\"https:\\\/\\\/www.youtube.com\\\/channel\\\/UCY7Pef7CeZf-8t9ALthQRqA\\\/\"]}]}<\/script>\n<!-- \/ Yoast SEO plugin. -->","yoast_head_json":{"title":"Asesoramiento financiero para una cartera de 10 millones de d\u00f3lares - Ra\u00fal Bartolom\u00e9","robots":{"index":"index","follow":"follow","max-snippet":"max-snippet:-1","max-image-preview":"max-image-preview:large","max-video-preview":"max-video-preview:-1"},"canonical":"https:\/\/raulbartolome.com\/es\/producto\/asesoramiento-financiero-para-una-cartera-de-10-millones-de-dolares\/","og_locale":"es_ES","og_type":"article","og_title":"Asesoramiento financiero para una cartera de 10 millones de d\u00f3lares - Ra\u00fal Bartolom\u00e9","og_description":"Esta descarga es la culminaci\u00f3n del M\u00e1ster de Asesoramiento y Gesti\u00f3n Patrimonial en la forma de Trabajo Final de M\u00e1ster. El resumen ejecutivo es el siguiente:   La clienta es una persona joven, con un patrimonio de 10 millones de d\u00f3lares para invertir y en fase de acumulaci\u00f3n.  An\u00e1lisis personalizado y formal mediante test de idoneidad MIFID. Obtenemos un perfil de riesgo moderado y horizonte de inversi\u00f3n 10 a\u00f1os.  Pol\u00edtica de inversi\u00f3n acorde al perfil de riesgo. Renta variable 50%; Renta fija 40%; Inversiones alternativas 10%; inversi\u00f3n m\u00ednima en activos de 2% y sin posiciones cortas.  Estrategia de gesti\u00f3n para la cartera es activa. La cartera se rebalancea anualmente para cumplir la pol\u00edtica de inversi\u00f3n y las necesidades de la clienta.  Los activos seleccionados son ETFs: PALL (Materias primas), AMLP (energ\u00eda), XLP (consumo defensivo), MJ (cannabis), PRFZ (consumo defensivo), FALN (Bonos de Alto Rendimiento), EWG (consumo defensivo), GLD (commodities), VGT (tecnolog\u00eda), VNQ (Bienes Inmobiliarios), VCSH (Bonos de corto plazo), BND (Bonos de medio plazo).  La creaci\u00f3n de la cartera sigue los siguiente pasos: adquisici\u00f3n de datos de Yahoo! Finance, c\u00e1lculo de variables estad\u00edsticas, optimizaci\u00f3n de la cartera y composici\u00f3n de la cartera.  Los datos se adquieren de Yahoo! Finance para el periodo comprendido entre el 2016-06-22 y el 2020-07-31.  Para el c\u00e1lculo de variables estad\u00edsticas se obtiene los rendimientos netos simples, la variancia y la volatilidad.  El calcula la frontera eficiente de la cartera se realiza mediante el m\u00e9todo de optimizaci\u00f3n de la varianza media (MVO) de Markowitz.  Se calcula la fronteras eficientes con activo de riesgo, tambi\u00e9n llamada l\u00ednea de mercado de capitales. La intersecci\u00f3n de las dos fronteras identifica el punto \u00f3ptimo.  En el punto \u00f3ptimo, la volatilidad de 0,8%, el rendimiento anual esperado es 18,18%. Las ponderaciones son para VGT 37,6%; BND 36%; GLD 3,2%; PALL 6,8%; XLP 2,4% y el 2% para el resto.  El coste de manteamiento de la cartera es del 0,17% y los rendimientos por dividendo hist\u00f3ricos del 1,9%.  La descarga incluye el documento en formato pdf y las hojas de c\u00e1lculo en xlsx.","og_url":"https:\/\/raulbartolome.com\/es\/producto\/asesoramiento-financiero-para-una-cartera-de-10-millones-de-dolares\/","og_site_name":"Ra\u00fal Bartolom\u00e9","article_publisher":"https:\/\/www.facebook.com\/rbartolomecastro","article_modified_time":"2023-08-02T11:59:16+00:00","og_image":[{"width":1190,"height":1584,"url":"https:\/\/raulbartolome.com\/wp-content\/uploads\/2020\/10\/Cover_Modulo_11-Trabajo_final_de_master_Web.png","type":"image\/png"}],"twitter_card":"summary_large_image","twitter_site":"@raulbartolome","schema":{"@context":"https:\/\/schema.org","@graph":[{"@type":"WebPage","@id":"https:\/\/raulbartolome.com\/product\/asesoramiento-financiero-para-una-cartera-de-10-millones-de-dolares\/","url":"https:\/\/raulbartolome.com\/product\/asesoramiento-financiero-para-una-cartera-de-10-millones-de-dolares\/","name":"Asesoramiento financiero para una cartera de 10 millones de d\u00f3lares - Ra\u00fal Bartolom\u00e9","isPartOf":{"@id":"https:\/\/raulbartolome.com\/#website"},"primaryImageOfPage":{"@id":"https:\/\/raulbartolome.com\/product\/asesoramiento-financiero-para-una-cartera-de-10-millones-de-dolares\/#primaryimage"},"image":{"@id":"https:\/\/raulbartolome.com\/product\/asesoramiento-financiero-para-una-cartera-de-10-millones-de-dolares\/#primaryimage"},"thumbnailUrl":"https:\/\/raulbartolome.com\/wp-content\/uploads\/2020\/10\/Cover_Modulo_11-Trabajo_final_de_master_Web.png","datePublished":"2020-11-02T18:38:24+00:00","dateModified":"2023-08-02T11:59:16+00:00","breadcrumb":{"@id":"https:\/\/raulbartolome.com\/product\/asesoramiento-financiero-para-una-cartera-de-10-millones-de-dolares\/#breadcrumb"},"inLanguage":"es","potentialAction":[{"@type":"ReadAction","target":["https:\/\/raulbartolome.com\/product\/asesoramiento-financiero-para-una-cartera-de-10-millones-de-dolares\/"]}]},{"@type":"ImageObject","inLanguage":"es","@id":"https:\/\/raulbartolome.com\/product\/asesoramiento-financiero-para-una-cartera-de-10-millones-de-dolares\/#primaryimage","url":"https:\/\/raulbartolome.com\/wp-content\/uploads\/2020\/10\/Cover_Modulo_11-Trabajo_final_de_master_Web.png","contentUrl":"https:\/\/raulbartolome.com\/wp-content\/uploads\/2020\/10\/Cover_Modulo_11-Trabajo_final_de_master_Web.png","width":1190,"height":1584},{"@type":"BreadcrumbList","@id":"https:\/\/raulbartolome.com\/product\/asesoramiento-financiero-para-una-cartera-de-10-millones-de-dolares\/#breadcrumb","itemListElement":[{"@type":"ListItem","position":1,"name":"Ra\u00fal Bartolom\u00e9","item":"https:\/\/raulbartolome.com\/"},{"@type":"ListItem","position":2,"name":"Downloads","item":"https:\/\/raulbartolome.com\/downloads\/"},{"@type":"ListItem","position":3,"name":"Finance","item":"https:\/\/raulbartolome.com\/product-category\/finance\/"},{"@type":"ListItem","position":4,"name":"Asesoramiento financiero para una cartera de 10 millones de d\u00f3lares"}]},{"@type":"WebSite","@id":"https:\/\/raulbartolome.com\/#website","url":"https:\/\/raulbartolome.com\/","name":"Ra\u00fal Bartolom\u00e9","description":"Ingenier\u00eda, Gesti\u00f3n y Finanzas","publisher":{"@id":"https:\/\/raulbartolome.com\/#\/schema\/person\/728a70a0ee01a96dc17e5dd8c5f8e95e"},"potentialAction":[{"@type":"SearchAction","target":{"@type":"EntryPoint","urlTemplate":"https:\/\/raulbartolome.com\/?s={search_term_string}"},"query-input":{"@type":"PropertyValueSpecification","valueRequired":true,"valueName":"search_term_string"}}],"inLanguage":"es"},{"@type":["Person","Organization"],"@id":"https:\/\/raulbartolome.com\/#\/schema\/person\/728a70a0ee01a96dc17e5dd8c5f8e95e","name":"Ra\u00fal Bartolom\u00e9","image":{"@type":"ImageObject","inLanguage":"es","@id":"https:\/\/raulbartolome.com\/wp-content\/uploads\/2020\/02\/Raul-Bartolome-IMG_1090-2.jpeg","url":"https:\/\/raulbartolome.com\/wp-content\/uploads\/2020\/02\/Raul-Bartolome-IMG_1090-2.jpeg","contentUrl":"https:\/\/raulbartolome.com\/wp-content\/uploads\/2020\/02\/Raul-Bartolome-IMG_1090-2.jpeg","width":640,"height":640,"caption":"Ra\u00fal Bartolom\u00e9"},"logo":{"@id":"https:\/\/raulbartolome.com\/wp-content\/uploads\/2020\/02\/Raul-Bartolome-IMG_1090-2.jpeg"},"sameAs":["https:\/\/raulbartolome.com\/","https:\/\/www.facebook.com\/rbartolomecastro","https:\/\/www.instagram.com\/rbartolomec\/","https:\/\/www.linkedin.com\/in\/rbartolomecastro","https:\/\/x.com\/raulbartolome","https:\/\/www.youtube.com\/channel\/UCY7Pef7CeZf-8t9ALthQRqA\/"]}]}},"_links":{"self":[{"href":"https:\/\/raulbartolome.com\/es\/wp-json\/wp\/v2\/product\/21398","targetHints":{"allow":["GET"]}}],"collection":[{"href":"https:\/\/raulbartolome.com\/es\/wp-json\/wp\/v2\/product"}],"about":[{"href":"https:\/\/raulbartolome.com\/es\/wp-json\/wp\/v2\/types\/product"}],"replies":[{"embeddable":true,"href":"https:\/\/raulbartolome.com\/es\/wp-json\/wp\/v2\/comments?post=21398"}],"wp:featuredmedia":[{"embeddable":true,"href":"https:\/\/raulbartolome.com\/es\/wp-json\/wp\/v2\/media\/21401"}],"wp:attachment":[{"href":"https:\/\/raulbartolome.com\/es\/wp-json\/wp\/v2\/media?parent=21398"}],"wp:term":[{"taxonomy":"product_brand","embeddable":true,"href":"https:\/\/raulbartolome.com\/es\/wp-json\/wp\/v2\/product_brand?post=21398"},{"taxonomy":"product_cat","embeddable":true,"href":"https:\/\/raulbartolome.com\/es\/wp-json\/wp\/v2\/product_cat?post=21398"},{"taxonomy":"product_tag","embeddable":true,"href":"https:\/\/raulbartolome.com\/es\/wp-json\/wp\/v2\/product_tag?post=21398"}],"curies":[{"name":"gracias","href":"https:\/\/api.w.org\/{rel}","templated":true}]}}