{"id":21393,"date":"2020-10-18T12:26:28","date_gmt":"2020-10-18T10:26:28","guid":{"rendered":"https:\/\/www.raulbartolome.com\/?post_type=product&#038;p=21393"},"modified":"2026-01-28T08:44:35","modified_gmt":"2026-01-28T07:44:35","slug":"analisis-de-tres-casos-de-etica-financiera","status":"publish","type":"product","link":"https:\/\/raulbartolome.com\/es\/producto\/analisis-de-tres-casos-de-etica-financiera\/","title":{"rendered":"An\u00e1lisis de tres casos de \u00e9tica financiera: asesoramiento financiero, \u201cinsider trading\u201d y departamento de \u201ccompliance\u201d"},"content":{"rendered":"","protected":false},"excerpt":{"rendered":"<p>Este trabajo consiste en el an\u00e1lisis de tres casos de \u00e9tica financiera:<\/p>\n<ul>\n<li>Caso 1. El Sr. \u00cd\u00f1igo Rezola es un asesor financiero. La familiar de la Sra. Carmen Rodr\u00edguez, una anciana, le otorga el poder para gestionar su fortuna libremente. El caso discute si el comportamiento del Sr. Rezola est\u00e1 acorde a los est\u00e1ndares de asesoramiento financiero.<\/li>\n<li>Caso 2. Directiva del Banco de Espa\u00f1a. Este caso discute el comportamiento de un directivo del banco de Espa\u00f1a durante una operaci\u00f3n de compraventa de una empresa. Su comportamiento es sospechoso, el art\u00edculo menciona que tal vez es un caso de \u201cinformaci\u00f3n privilegiada\u201d, perseguido por numerosas autoridades nacionales.<\/li>\n<li>Caso 3. Responsable del departamento de cumplimiento normativo. El \u00faltimo caso captura las medidas que podr\u00eda introducir el responsable del departamento de \u201ccompliance\u201d de una empresa con un crecimiento vertiginoso. Las medidas fundamentales que se consideran en el an\u00e1lisis son el modelo de gobernanza de la empresa, identificaci\u00f3n de los riesgos de cumplimiento normativo, medidas de prevenci\u00f3n de normas internas y leyes aplicables, monitorizaci\u00f3n y detecci\u00f3n de riesgos sobre cumplimiento normativo y asesor\u00eda legal y normativa a ejecutivos y otros trabajadores.<\/li>\n<\/ul>\n<p>La descarga incluye el documento en formato pdf.<\/p>","protected":false},"featured_media":21403,"comment_status":"open","ping_status":"closed","template":"","meta":{"ocean_post_layout":"","ocean_both_sidebars_style":"","ocean_both_sidebars_content_width":0,"ocean_both_sidebars_sidebars_width":0,"ocean_sidebar":"0","ocean_second_sidebar":"0","ocean_disable_margins":"enable","ocean_add_body_class":"","ocean_shortcode_before_top_bar":"","ocean_shortcode_after_top_bar":"","ocean_shortcode_before_header":"","ocean_shortcode_after_header":"","ocean_has_shortcode":"","ocean_shortcode_after_title":"","ocean_shortcode_before_footer_widgets":"","ocean_shortcode_after_footer_widgets":"","ocean_shortcode_before_footer_bottom":"","ocean_shortcode_after_footer_bottom":"","ocean_display_top_bar":"default","ocean_display_header":"default","ocean_header_style":"","ocean_center_header_left_menu":"0","ocean_custom_header_template":"0","ocean_custom_logo":0,"ocean_custom_retina_logo":0,"ocean_custom_logo_max_width":0,"ocean_custom_logo_tablet_max_width":0,"ocean_custom_logo_mobile_max_width":0,"ocean_custom_logo_max_height":0,"ocean_custom_logo_tablet_max_height":0,"ocean_custom_logo_mobile_max_height":0,"ocean_header_custom_menu":"0","ocean_menu_typo_font_family":"0","ocean_menu_typo_font_subset":"","ocean_menu_typo_font_size":0,"ocean_menu_typo_font_size_tablet":0,"ocean_menu_typo_font_size_mobile":0,"ocean_menu_typo_font_size_unit":"px","ocean_menu_typo_font_weight":"","ocean_menu_typo_font_weight_tablet":"","ocean_menu_typo_font_weight_mobile":"","ocean_menu_typo_transform":"","ocean_menu_typo_transform_tablet":"","ocean_menu_typo_transform_mobile":"","ocean_menu_typo_line_height":0,"ocean_menu_typo_line_height_tablet":0,"ocean_menu_typo_line_height_mobile":0,"ocean_menu_typo_line_height_unit":"","ocean_menu_typo_spacing":0,"ocean_menu_typo_spacing_tablet":0,"ocean_menu_typo_spacing_mobile":0,"ocean_menu_typo_spacing_unit":"","ocean_menu_link_color":"","ocean_menu_link_color_hover":"","ocean_menu_link_color_active":"","ocean_menu_link_background":"","ocean_menu_link_hover_background":"","ocean_menu_link_active_background":"","ocean_menu_social_links_bg":"","ocean_menu_social_hover_links_bg":"","ocean_menu_social_links_color":"","ocean_menu_social_hover_links_color":"","ocean_disable_title":"enable","ocean_disable_heading":"enable","ocean_post_title":"","ocean_post_subheading":"","ocean_post_title_style":"background-image","ocean_post_title_background_color":"","ocean_post_title_background":21403,"ocean_post_title_bg_image_position":"","ocean_post_title_bg_image_attachment":"","ocean_post_title_bg_image_repeat":"","ocean_post_title_bg_image_size":"","ocean_post_title_height":0,"ocean_post_title_bg_overlay":0.5,"ocean_post_title_bg_overlay_color":"","ocean_disable_breadcrumbs":"default","ocean_breadcrumbs_color":"","ocean_breadcrumbs_separator_color":"","ocean_breadcrumbs_links_color":"","ocean_breadcrumbs_links_hover_color":"","ocean_display_footer_widgets":"default","ocean_display_footer_bottom":"default","ocean_custom_footer_template":"0","osh_disable_topbar_sticky":"default","osh_disable_header_sticky":"default","osh_sticky_header_style":"default","osh_sticky_header_effect":"","osh_custom_sticky_logo":0,"osh_custom_retina_sticky_logo":0,"osh_custom_sticky_logo_height":0,"osh_background_color":"","osh_links_color":"","osh_links_hover_color":"","osh_links_active_color":"","osh_links_bg_color":"","osh_links_hover_bg_color":"","osh_links_active_bg_color":"","osh_menu_social_links_color":"","osh_menu_social_hover_links_color":""},"product_brand":[],"product_cat":[356],"product_tag":[867,868,873],"class_list":{"0":"post-21393","1":"product","2":"type-product","3":"status-publish","4":"has-post-thumbnail","6":"product_cat-finance","7":"product_tag-academico","8":"product_tag-mafgp","9":"product_tag-todos","11":"entry","12":"has-media","14":"first","15":"instock","16":"downloadable","17":"virtual","18":"taxable","19":"purchasable","20":"product-type-simple","21":"col","22":"span_1_of_3","23":"owp-content-center","24":"owp-thumbs-layout-horizontal","25":"owp-btn-normal","26":"owp-tabs-layout-section","27":"has-no-thumbnails"},"yoast_head":"<!-- This site is optimized with the Yoast SEO plugin v27.3 - https:\/\/yoast.com\/product\/yoast-seo-wordpress\/ -->\n<title>An\u00e1lisis de tres casos de \u00e9tica financiera: asesoramiento financiero, &quot;insider trading&quot; y departamento de &quot;compliance&quot; - Ra\u00fal Bartolom\u00e9<\/title>\n<meta name=\"robots\" content=\"index, follow, max-snippet:-1, max-image-preview:large, max-video-preview:-1\" \/>\n<link rel=\"canonical\" href=\"https:\/\/raulbartolome.com\/es\/producto\/analisis-de-tres-casos-de-etica-financiera\/\" \/>\n<meta property=\"og:locale\" content=\"es_ES\" \/>\n<meta property=\"og:type\" content=\"article\" \/>\n<meta property=\"og:title\" content=\"An\u00e1lisis de tres casos de \u00e9tica financiera: asesoramiento financiero, &quot;insider trading&quot; y departamento de &quot;compliance&quot; - Ra\u00fal Bartolom\u00e9\" \/>\n<meta property=\"og:description\" content=\"Este trabajo consiste en el an\u00e1lisis de tres casos de \u00e9tica financiera:   Caso 1. El Sr. I\u0301n\u0303igo Rezola es un asesor financiero. La familiar de la Sra. Carmen Rodri\u0301guez, una anciana, le otorga el poder para gestionar su fortuna libremente. El caso discute si el comportamiento del Sr. Rezola es acorde a los est\u00e1ndares de asesoramiento financiero.  Caso 2. Directivo del Banco de Espa\u00f1a. Esta caso discute el comportamiento de un directivo del banco de Espa\u00f1a durante una operaci\u00f3n de compraventa de una empresa. Su comportamiento es sospechoso, el art\u00edculo menciona que tal vez es un caso de &quot;insider trading&quot;, perseguido por numerosas autoridades nacionales.  Caso 3. Responsable del departamento de cumplimiento normativo. El \u00faltimo caso captura los medidas que podr\u00eda introducir el responsable del departamento de &quot;compliance&quot; de una empresa con un crecimiento vertiginoso. Las medidas fundamentales que se consideran en el ana\u0301lisis son el modelo de gobernanza de la empresa, identificacio\u0301n de los riesgos de cumplimiento normativo, medidas de prevencio\u0301n de normas internas y leyes aplicables, monitorizacio\u0301n y deteccio\u0301n de riesgos sobre cumplimiento normativo y asesori\u0301a legal y normativa a ejecutivos y otros trabajadores.  La descarga incluye el documento en formato pdf.\" \/>\n<meta property=\"og:url\" content=\"https:\/\/raulbartolome.com\/es\/producto\/analisis-de-tres-casos-de-etica-financiera\/\" \/>\n<meta property=\"og:site_name\" content=\"Ra\u00fal Bartolom\u00e9\" \/>\n<meta property=\"article:publisher\" content=\"https:\/\/www.facebook.com\/rbartolomecastro\" \/>\n<meta property=\"article:modified_time\" content=\"2026-01-28T07:44:35+00:00\" \/>\n<meta property=\"og:image\" content=\"https:\/\/raulbartolome.com\/wp-content\/uploads\/2020\/10\/Cover_Modulo_10-Etica_financiera_Web_V2.png\" \/>\n\t<meta property=\"og:image:width\" content=\"1190\" \/>\n\t<meta property=\"og:image:height\" content=\"1584\" \/>\n\t<meta property=\"og:image:type\" content=\"image\/png\" \/>\n<meta name=\"twitter:card\" content=\"summary_large_image\" \/>\n<meta name=\"twitter:site\" content=\"@raulbartolome\" \/>\n<script type=\"application\/ld+json\" class=\"yoast-schema-graph\">{\"@context\":\"https:\\\/\\\/schema.org\",\"@graph\":[{\"@type\":\"WebPage\",\"@id\":\"https:\\\/\\\/raulbartolome.com\\\/product\\\/analisis-de-tres-casos-de-etica-financiera\\\/\",\"url\":\"https:\\\/\\\/raulbartolome.com\\\/product\\\/analisis-de-tres-casos-de-etica-financiera\\\/\",\"name\":\"An\u00e1lisis de tres casos de \u00e9tica financiera: asesoramiento financiero, \\\"insider trading\\\" y departamento de \\\"compliance\\\" - Ra\u00fal Bartolom\u00e9\",\"isPartOf\":{\"@id\":\"https:\\\/\\\/raulbartolome.com\\\/#website\"},\"primaryImageOfPage\":{\"@id\":\"https:\\\/\\\/raulbartolome.com\\\/product\\\/analisis-de-tres-casos-de-etica-financiera\\\/#primaryimage\"},\"image\":{\"@id\":\"https:\\\/\\\/raulbartolome.com\\\/product\\\/analisis-de-tres-casos-de-etica-financiera\\\/#primaryimage\"},\"thumbnailUrl\":\"https:\\\/\\\/raulbartolome.com\\\/wp-content\\\/uploads\\\/2020\\\/10\\\/Cover_Modulo_10-Etica_financiera_Web_V2.png\",\"datePublished\":\"2020-10-18T10:26:28+00:00\",\"dateModified\":\"2026-01-28T07:44:35+00:00\",\"breadcrumb\":{\"@id\":\"https:\\\/\\\/raulbartolome.com\\\/product\\\/analisis-de-tres-casos-de-etica-financiera\\\/#breadcrumb\"},\"inLanguage\":\"es\",\"potentialAction\":[{\"@type\":\"ReadAction\",\"target\":[\"https:\\\/\\\/raulbartolome.com\\\/product\\\/analisis-de-tres-casos-de-etica-financiera\\\/\"]}]},{\"@type\":\"ImageObject\",\"inLanguage\":\"es\",\"@id\":\"https:\\\/\\\/raulbartolome.com\\\/product\\\/analisis-de-tres-casos-de-etica-financiera\\\/#primaryimage\",\"url\":\"https:\\\/\\\/raulbartolome.com\\\/wp-content\\\/uploads\\\/2020\\\/10\\\/Cover_Modulo_10-Etica_financiera_Web_V2.png\",\"contentUrl\":\"https:\\\/\\\/raulbartolome.com\\\/wp-content\\\/uploads\\\/2020\\\/10\\\/Cover_Modulo_10-Etica_financiera_Web_V2.png\",\"width\":1190,\"height\":1584},{\"@type\":\"BreadcrumbList\",\"@id\":\"https:\\\/\\\/raulbartolome.com\\\/product\\\/analisis-de-tres-casos-de-etica-financiera\\\/#breadcrumb\",\"itemListElement\":[{\"@type\":\"ListItem\",\"position\":1,\"name\":\"Ra\u00fal Bartolom\u00e9\",\"item\":\"https:\\\/\\\/raulbartolome.com\\\/\"},{\"@type\":\"ListItem\",\"position\":2,\"name\":\"Downloads\",\"item\":\"https:\\\/\\\/raulbartolome.com\\\/downloads\\\/\"},{\"@type\":\"ListItem\",\"position\":3,\"name\":\"Finance\",\"item\":\"https:\\\/\\\/raulbartolome.com\\\/product-category\\\/finance\\\/\"},{\"@type\":\"ListItem\",\"position\":4,\"name\":\"An\u00e1lisis de tres casos de \u00e9tica financiera: asesoramiento financiero, &#8220;insider trading&#8221; y departamento de &#8220;compliance&#8221;\"}]},{\"@type\":\"WebSite\",\"@id\":\"https:\\\/\\\/raulbartolome.com\\\/#website\",\"url\":\"https:\\\/\\\/raulbartolome.com\\\/\",\"name\":\"Ra\u00fal Bartolom\u00e9\",\"description\":\"Engineering, Management and Finance\",\"publisher\":{\"@id\":\"https:\\\/\\\/raulbartolome.com\\\/#\\\/schema\\\/person\\\/728a70a0ee01a96dc17e5dd8c5f8e95e\"},\"potentialAction\":[{\"@type\":\"SearchAction\",\"target\":{\"@type\":\"EntryPoint\",\"urlTemplate\":\"https:\\\/\\\/raulbartolome.com\\\/?s={search_term_string}\"},\"query-input\":{\"@type\":\"PropertyValueSpecification\",\"valueRequired\":true,\"valueName\":\"search_term_string\"}}],\"inLanguage\":\"es\"},{\"@type\":[\"Person\",\"Organization\"],\"@id\":\"https:\\\/\\\/raulbartolome.com\\\/#\\\/schema\\\/person\\\/728a70a0ee01a96dc17e5dd8c5f8e95e\",\"name\":\"Ra\u00fal Bartolom\u00e9\",\"image\":{\"@type\":\"ImageObject\",\"inLanguage\":\"es\",\"@id\":\"https:\\\/\\\/raulbartolome.com\\\/wp-content\\\/uploads\\\/2020\\\/02\\\/Raul-Bartolome-IMG_1090-2.jpeg\",\"url\":\"https:\\\/\\\/raulbartolome.com\\\/wp-content\\\/uploads\\\/2020\\\/02\\\/Raul-Bartolome-IMG_1090-2.jpeg\",\"contentUrl\":\"https:\\\/\\\/raulbartolome.com\\\/wp-content\\\/uploads\\\/2020\\\/02\\\/Raul-Bartolome-IMG_1090-2.jpeg\",\"width\":640,\"height\":640,\"caption\":\"Ra\u00fal Bartolom\u00e9\"},\"logo\":{\"@id\":\"https:\\\/\\\/raulbartolome.com\\\/wp-content\\\/uploads\\\/2020\\\/02\\\/Raul-Bartolome-IMG_1090-2.jpeg\"},\"sameAs\":[\"https:\\\/\\\/raulbartolome.com\\\/\",\"https:\\\/\\\/www.facebook.com\\\/rbartolomecastro\",\"https:\\\/\\\/www.instagram.com\\\/rbartolomec\\\/\",\"https:\\\/\\\/www.linkedin.com\\\/in\\\/rbartolomecastro\",\"https:\\\/\\\/x.com\\\/raulbartolome\",\"https:\\\/\\\/www.youtube.com\\\/channel\\\/UCY7Pef7CeZf-8t9ALthQRqA\\\/\"]}]}<\/script>\n<!-- \/ Yoast SEO plugin. -->","yoast_head_json":{"title":"An\u00e1lisis de tres casos de \u00e9tica financiera: asesoramiento financiero, \"insider trading\" y departamento de \"compliance\" - Ra\u00fal Bartolom\u00e9","robots":{"index":"index","follow":"follow","max-snippet":"max-snippet:-1","max-image-preview":"max-image-preview:large","max-video-preview":"max-video-preview:-1"},"canonical":"https:\/\/raulbartolome.com\/es\/producto\/analisis-de-tres-casos-de-etica-financiera\/","og_locale":"es_ES","og_type":"article","og_title":"An\u00e1lisis de tres casos de \u00e9tica financiera: asesoramiento financiero, \"insider trading\" y departamento de \"compliance\" - Ra\u00fal Bartolom\u00e9","og_description":"Este trabajo consiste en el an\u00e1lisis de tres casos de \u00e9tica financiera:   Caso 1. El Sr. I\u0301n\u0303igo Rezola es un asesor financiero. La familiar de la Sra. Carmen Rodri\u0301guez, una anciana, le otorga el poder para gestionar su fortuna libremente. El caso discute si el comportamiento del Sr. Rezola es acorde a los est\u00e1ndares de asesoramiento financiero.  Caso 2. Directivo del Banco de Espa\u00f1a. Esta caso discute el comportamiento de un directivo del banco de Espa\u00f1a durante una operaci\u00f3n de compraventa de una empresa. Su comportamiento es sospechoso, el art\u00edculo menciona que tal vez es un caso de \"insider trading\", perseguido por numerosas autoridades nacionales.  Caso 3. Responsable del departamento de cumplimiento normativo. El \u00faltimo caso captura los medidas que podr\u00eda introducir el responsable del departamento de \"compliance\" de una empresa con un crecimiento vertiginoso. Las medidas fundamentales que se consideran en el ana\u0301lisis son el modelo de gobernanza de la empresa, identificacio\u0301n de los riesgos de cumplimiento normativo, medidas de prevencio\u0301n de normas internas y leyes aplicables, monitorizacio\u0301n y deteccio\u0301n de riesgos sobre cumplimiento normativo y asesori\u0301a legal y normativa a ejecutivos y otros trabajadores.  La descarga incluye el documento en formato pdf.","og_url":"https:\/\/raulbartolome.com\/es\/producto\/analisis-de-tres-casos-de-etica-financiera\/","og_site_name":"Ra\u00fal Bartolom\u00e9","article_publisher":"https:\/\/www.facebook.com\/rbartolomecastro","article_modified_time":"2026-01-28T07:44:35+00:00","og_image":[{"width":1190,"height":1584,"url":"https:\/\/raulbartolome.com\/wp-content\/uploads\/2020\/10\/Cover_Modulo_10-Etica_financiera_Web_V2.png","type":"image\/png"}],"twitter_card":"summary_large_image","twitter_site":"@raulbartolome","schema":{"@context":"https:\/\/schema.org","@graph":[{"@type":"WebPage","@id":"https:\/\/raulbartolome.com\/product\/analisis-de-tres-casos-de-etica-financiera\/","url":"https:\/\/raulbartolome.com\/product\/analisis-de-tres-casos-de-etica-financiera\/","name":"An\u00e1lisis de tres casos de \u00e9tica financiera: asesoramiento financiero, \"insider trading\" y departamento de \"compliance\" - Ra\u00fal Bartolom\u00e9","isPartOf":{"@id":"https:\/\/raulbartolome.com\/#website"},"primaryImageOfPage":{"@id":"https:\/\/raulbartolome.com\/product\/analisis-de-tres-casos-de-etica-financiera\/#primaryimage"},"image":{"@id":"https:\/\/raulbartolome.com\/product\/analisis-de-tres-casos-de-etica-financiera\/#primaryimage"},"thumbnailUrl":"https:\/\/raulbartolome.com\/wp-content\/uploads\/2020\/10\/Cover_Modulo_10-Etica_financiera_Web_V2.png","datePublished":"2020-10-18T10:26:28+00:00","dateModified":"2026-01-28T07:44:35+00:00","breadcrumb":{"@id":"https:\/\/raulbartolome.com\/product\/analisis-de-tres-casos-de-etica-financiera\/#breadcrumb"},"inLanguage":"es","potentialAction":[{"@type":"ReadAction","target":["https:\/\/raulbartolome.com\/product\/analisis-de-tres-casos-de-etica-financiera\/"]}]},{"@type":"ImageObject","inLanguage":"es","@id":"https:\/\/raulbartolome.com\/product\/analisis-de-tres-casos-de-etica-financiera\/#primaryimage","url":"https:\/\/raulbartolome.com\/wp-content\/uploads\/2020\/10\/Cover_Modulo_10-Etica_financiera_Web_V2.png","contentUrl":"https:\/\/raulbartolome.com\/wp-content\/uploads\/2020\/10\/Cover_Modulo_10-Etica_financiera_Web_V2.png","width":1190,"height":1584},{"@type":"BreadcrumbList","@id":"https:\/\/raulbartolome.com\/product\/analisis-de-tres-casos-de-etica-financiera\/#breadcrumb","itemListElement":[{"@type":"ListItem","position":1,"name":"Ra\u00fal Bartolom\u00e9","item":"https:\/\/raulbartolome.com\/"},{"@type":"ListItem","position":2,"name":"Downloads","item":"https:\/\/raulbartolome.com\/downloads\/"},{"@type":"ListItem","position":3,"name":"Finance","item":"https:\/\/raulbartolome.com\/product-category\/finance\/"},{"@type":"ListItem","position":4,"name":"An\u00e1lisis de tres casos de \u00e9tica financiera: asesoramiento financiero, &#8220;insider trading&#8221; y departamento de &#8220;compliance&#8221;"}]},{"@type":"WebSite","@id":"https:\/\/raulbartolome.com\/#website","url":"https:\/\/raulbartolome.com\/","name":"Ra\u00fal Bartolom\u00e9","description":"Ingenier\u00eda, Gesti\u00f3n y Finanzas","publisher":{"@id":"https:\/\/raulbartolome.com\/#\/schema\/person\/728a70a0ee01a96dc17e5dd8c5f8e95e"},"potentialAction":[{"@type":"SearchAction","target":{"@type":"EntryPoint","urlTemplate":"https:\/\/raulbartolome.com\/?s={search_term_string}"},"query-input":{"@type":"PropertyValueSpecification","valueRequired":true,"valueName":"search_term_string"}}],"inLanguage":"es"},{"@type":["Person","Organization"],"@id":"https:\/\/raulbartolome.com\/#\/schema\/person\/728a70a0ee01a96dc17e5dd8c5f8e95e","name":"Ra\u00fal Bartolom\u00e9","image":{"@type":"ImageObject","inLanguage":"es","@id":"https:\/\/raulbartolome.com\/wp-content\/uploads\/2020\/02\/Raul-Bartolome-IMG_1090-2.jpeg","url":"https:\/\/raulbartolome.com\/wp-content\/uploads\/2020\/02\/Raul-Bartolome-IMG_1090-2.jpeg","contentUrl":"https:\/\/raulbartolome.com\/wp-content\/uploads\/2020\/02\/Raul-Bartolome-IMG_1090-2.jpeg","width":640,"height":640,"caption":"Ra\u00fal Bartolom\u00e9"},"logo":{"@id":"https:\/\/raulbartolome.com\/wp-content\/uploads\/2020\/02\/Raul-Bartolome-IMG_1090-2.jpeg"},"sameAs":["https:\/\/raulbartolome.com\/","https:\/\/www.facebook.com\/rbartolomecastro","https:\/\/www.instagram.com\/rbartolomec\/","https:\/\/www.linkedin.com\/in\/rbartolomecastro","https:\/\/x.com\/raulbartolome","https:\/\/www.youtube.com\/channel\/UCY7Pef7CeZf-8t9ALthQRqA\/"]}]}},"_links":{"self":[{"href":"https:\/\/raulbartolome.com\/es\/wp-json\/wp\/v2\/product\/21393","targetHints":{"allow":["GET"]}}],"collection":[{"href":"https:\/\/raulbartolome.com\/es\/wp-json\/wp\/v2\/product"}],"about":[{"href":"https:\/\/raulbartolome.com\/es\/wp-json\/wp\/v2\/types\/product"}],"replies":[{"embeddable":true,"href":"https:\/\/raulbartolome.com\/es\/wp-json\/wp\/v2\/comments?post=21393"}],"wp:featuredmedia":[{"embeddable":true,"href":"https:\/\/raulbartolome.com\/es\/wp-json\/wp\/v2\/media\/21403"}],"wp:attachment":[{"href":"https:\/\/raulbartolome.com\/es\/wp-json\/wp\/v2\/media?parent=21393"}],"wp:term":[{"taxonomy":"product_brand","embeddable":true,"href":"https:\/\/raulbartolome.com\/es\/wp-json\/wp\/v2\/product_brand?post=21393"},{"taxonomy":"product_cat","embeddable":true,"href":"https:\/\/raulbartolome.com\/es\/wp-json\/wp\/v2\/product_cat?post=21393"},{"taxonomy":"product_tag","embeddable":true,"href":"https:\/\/raulbartolome.com\/es\/wp-json\/wp\/v2\/product_tag?post=21393"}],"curies":[{"name":"gracias","href":"https:\/\/api.w.org\/{rel}","templated":true}]}}