{"id":21138,"date":"2020-09-10T21:59:51","date_gmt":"2020-09-10T19:59:51","guid":{"rendered":"https:\/\/www.raulbartolome.com\/?post_type=product&#038;p=21138"},"modified":"2023-08-02T13:59:17","modified_gmt":"2023-08-02T11:59:17","slug":"dos-casos-de-valoracion-de-inmuebles-pisos-y-local-comercial","status":"publish","type":"product","link":"https:\/\/raulbartolome.com\/es\/producto\/dos-casos-de-valoracion-de-inmuebles-pisos-y-local-comercial\/","title":{"rendered":"Dos casos de valoraci\u00f3n de inmuebles. Pisos, locales comerciales y garajes"},"content":{"rendered":"","protected":false},"excerpt":{"rendered":"<p>Este trabajo consiste en dos casos:<\/p>\n<ul>\n<li>Valoraci\u00f3n de un edificio de cuatro plantas destinadas a viviendas y oficinas con 6 plazas de garaje. La simulaci\u00f3n incluye dos hip\u00f3tesis de ocupaci\u00f3n y la valoraci\u00f3n se realiza por el m\u00e9todo de descuento de flujos de caja (DCF)<\/li>\n<li>Valoraci\u00f3n de dos propiedades independientes: un piso y un local comercial. Es estudio considera que las propiedades se adquirieron gracias a pr\u00e9stamos hipotecarios y su casu\u00edstica particular. La valoraci\u00f3n tambi\u00e9n se realiza por DCF para juzgar si la inversi\u00f3n es rentable.<\/li>\n<\/ul>\n<p>La descarga incluye el documento en formato pdf y las hojas de c\u00e1lculo en xlsx.<\/p>","protected":false},"featured_media":21141,"comment_status":"open","ping_status":"closed","template":"","meta":{"ocean_post_layout":"","ocean_both_sidebars_style":"","ocean_both_sidebars_content_width":0,"ocean_both_sidebars_sidebars_width":0,"ocean_sidebar":"0","ocean_second_sidebar":"0","ocean_disable_margins":"enable","ocean_add_body_class":"","ocean_shortcode_before_top_bar":"","ocean_shortcode_after_top_bar":"","ocean_shortcode_before_header":"","ocean_shortcode_after_header":"","ocean_has_shortcode":"","ocean_shortcode_after_title":"","ocean_shortcode_before_footer_widgets":"","ocean_shortcode_after_footer_widgets":"","ocean_shortcode_before_footer_bottom":"","ocean_shortcode_after_footer_bottom":"","ocean_display_top_bar":"default","ocean_display_header":"default","ocean_header_style":"","ocean_center_header_left_menu":"0","ocean_custom_header_template":"0","ocean_custom_logo":0,"ocean_custom_retina_logo":0,"ocean_custom_logo_max_width":0,"ocean_custom_logo_tablet_max_width":0,"ocean_custom_logo_mobile_max_width":0,"ocean_custom_logo_max_height":0,"ocean_custom_logo_tablet_max_height":0,"ocean_custom_logo_mobile_max_height":0,"ocean_header_custom_menu":"0","ocean_menu_typo_font_family":"0","ocean_menu_typo_font_subset":"","ocean_menu_typo_font_size":0,"ocean_menu_typo_font_size_tablet":0,"ocean_menu_typo_font_size_mobile":0,"ocean_menu_typo_font_size_unit":"px","ocean_menu_typo_font_weight":"","ocean_menu_typo_font_weight_tablet":"","ocean_menu_typo_font_weight_mobile":"","ocean_menu_typo_transform":"","ocean_menu_typo_transform_tablet":"","ocean_menu_typo_transform_mobile":"","ocean_menu_typo_line_height":0,"ocean_menu_typo_line_height_tablet":0,"ocean_menu_typo_line_height_mobile":0,"ocean_menu_typo_line_height_unit":"","ocean_menu_typo_spacing":0,"ocean_menu_typo_spacing_tablet":0,"ocean_menu_typo_spacing_mobile":0,"ocean_menu_typo_spacing_unit":"","ocean_menu_link_color":"","ocean_menu_link_color_hover":"","ocean_menu_link_color_active":"","ocean_menu_link_background":"","ocean_menu_link_hover_background":"","ocean_menu_link_active_background":"","ocean_menu_social_links_bg":"","ocean_menu_social_hover_links_bg":"","ocean_menu_social_links_color":"","ocean_menu_social_hover_links_color":"","ocean_disable_title":"enable","ocean_disable_heading":"enable","ocean_post_title":"","ocean_post_subheading":"","ocean_post_title_style":"background-image","ocean_post_title_background_color":"","ocean_post_title_background":21141,"ocean_post_title_bg_image_position":"","ocean_post_title_bg_image_attachment":"","ocean_post_title_bg_image_repeat":"","ocean_post_title_bg_image_size":"","ocean_post_title_height":0,"ocean_post_title_bg_overlay":0.5,"ocean_post_title_bg_overlay_color":"","ocean_disable_breadcrumbs":"default","ocean_breadcrumbs_color":"","ocean_breadcrumbs_separator_color":"","ocean_breadcrumbs_links_color":"","ocean_breadcrumbs_links_hover_color":"","ocean_display_footer_widgets":"default","ocean_display_footer_bottom":"default","ocean_custom_footer_template":"0","osh_disable_topbar_sticky":"default","osh_disable_header_sticky":"default","osh_sticky_header_style":"default","osh_sticky_header_effect":"","osh_custom_sticky_logo":0,"osh_custom_retina_sticky_logo":0,"osh_custom_sticky_logo_height":0,"osh_background_color":"","osh_links_color":"","osh_links_hover_color":"","osh_links_active_color":"","osh_links_bg_color":"","osh_links_hover_bg_color":"","osh_links_active_bg_color":"","osh_menu_social_links_color":"","osh_menu_social_hover_links_color":""},"product_brand":[],"product_cat":[356],"product_tag":[867,868,873],"class_list":{"0":"post-21138","1":"product","2":"type-product","3":"status-publish","4":"has-post-thumbnail","6":"product_cat-finance","7":"product_tag-academico","8":"product_tag-mafgp","9":"product_tag-todos","11":"entry","12":"has-media","14":"first","15":"instock","16":"downloadable","17":"virtual","18":"taxable","19":"purchasable","20":"product-type-simple","21":"col","22":"span_1_of_3","23":"owp-content-center","24":"owp-thumbs-layout-horizontal","25":"owp-btn-normal","26":"owp-tabs-layout-section","27":"has-no-thumbnails"},"yoast_head":"<!-- This site is optimized with the Yoast SEO plugin v27.3 - https:\/\/yoast.com\/product\/yoast-seo-wordpress\/ -->\n<title>Dos casos de valoraci\u00f3n de inmuebles. Pisos, locales comerciales y garajes - Ra\u00fal Bartolom\u00e9<\/title>\n<meta name=\"robots\" content=\"index, follow, max-snippet:-1, max-image-preview:large, max-video-preview:-1\" \/>\n<link rel=\"canonical\" href=\"https:\/\/raulbartolome.com\/es\/producto\/dos-casos-de-valoracion-de-inmuebles-pisos-y-local-comercial\/\" \/>\n<meta property=\"og:locale\" content=\"es_ES\" \/>\n<meta property=\"og:type\" content=\"article\" \/>\n<meta property=\"og:title\" content=\"Dos casos de valoraci\u00f3n de inmuebles. Pisos, locales comerciales y garajes - Ra\u00fal Bartolom\u00e9\" \/>\n<meta property=\"og:description\" content=\"Este trabajo consiste en dos casos:   Valoraci\u00f3n de un edificio de cuatro plantas destinado a viviendas y oficinas con 6 plazas de garage. La simulaci\u00f3n incluye dos hip\u00f3tesis de ocupaci\u00f3n y la valoraci\u00f3n se realiza por el m\u00e9todo de descuento de flujos de caja (DCF)  Valoraci\u00f3n de dos propiedades independientes: un piso y un local comercial. Es estudio considera que las propiedades se adquieren gracias a pr\u00e9stamos hipotecarios y su casu\u00edstica particular. La valoraci\u00f3n tambi\u00e9n se realiza por DCF para juzgar si la inversi\u00f3n es rentable.  La descarga incluye el documento en formato pdf y las hojas de c\u00e1lculo en xlsx.\" \/>\n<meta property=\"og:url\" content=\"https:\/\/raulbartolome.com\/es\/producto\/dos-casos-de-valoracion-de-inmuebles-pisos-y-local-comercial\/\" \/>\n<meta property=\"og:site_name\" content=\"Ra\u00fal Bartolom\u00e9\" \/>\n<meta property=\"article:publisher\" content=\"https:\/\/www.facebook.com\/rbartolomecastro\" \/>\n<meta property=\"article:modified_time\" content=\"2023-08-02T11:59:17+00:00\" \/>\n<meta property=\"og:image\" content=\"https:\/\/raulbartolome.com\/wp-content\/uploads\/2020\/09\/Cover_Modulo_7-Planificacion_inmobiliaria_Web.png\" \/>\n\t<meta property=\"og:image:width\" content=\"892\" \/>\n\t<meta property=\"og:image:height\" content=\"1288\" \/>\n\t<meta property=\"og:image:type\" content=\"image\/png\" \/>\n<meta name=\"twitter:card\" content=\"summary_large_image\" \/>\n<meta name=\"twitter:site\" content=\"@raulbartolome\" \/>\n<script type=\"application\/ld+json\" class=\"yoast-schema-graph\">{\"@context\":\"https:\\\/\\\/schema.org\",\"@graph\":[{\"@type\":\"WebPage\",\"@id\":\"https:\\\/\\\/raulbartolome.com\\\/product\\\/dos-casos-de-valoracion-de-inmuebles-pisos-y-local-comercial\\\/\",\"url\":\"https:\\\/\\\/raulbartolome.com\\\/product\\\/dos-casos-de-valoracion-de-inmuebles-pisos-y-local-comercial\\\/\",\"name\":\"Dos casos de valoraci\u00f3n de inmuebles. Pisos, locales comerciales y garajes - Ra\u00fal Bartolom\u00e9\",\"isPartOf\":{\"@id\":\"https:\\\/\\\/raulbartolome.com\\\/#website\"},\"primaryImageOfPage\":{\"@id\":\"https:\\\/\\\/raulbartolome.com\\\/product\\\/dos-casos-de-valoracion-de-inmuebles-pisos-y-local-comercial\\\/#primaryimage\"},\"image\":{\"@id\":\"https:\\\/\\\/raulbartolome.com\\\/product\\\/dos-casos-de-valoracion-de-inmuebles-pisos-y-local-comercial\\\/#primaryimage\"},\"thumbnailUrl\":\"https:\\\/\\\/raulbartolome.com\\\/wp-content\\\/uploads\\\/2020\\\/09\\\/Cover_Modulo_7-Planificacion_inmobiliaria_Web.png\",\"datePublished\":\"2020-09-10T19:59:51+00:00\",\"dateModified\":\"2023-08-02T11:59:17+00:00\",\"breadcrumb\":{\"@id\":\"https:\\\/\\\/raulbartolome.com\\\/product\\\/dos-casos-de-valoracion-de-inmuebles-pisos-y-local-comercial\\\/#breadcrumb\"},\"inLanguage\":\"es\",\"potentialAction\":[{\"@type\":\"ReadAction\",\"target\":[\"https:\\\/\\\/raulbartolome.com\\\/product\\\/dos-casos-de-valoracion-de-inmuebles-pisos-y-local-comercial\\\/\"]}]},{\"@type\":\"ImageObject\",\"inLanguage\":\"es\",\"@id\":\"https:\\\/\\\/raulbartolome.com\\\/product\\\/dos-casos-de-valoracion-de-inmuebles-pisos-y-local-comercial\\\/#primaryimage\",\"url\":\"https:\\\/\\\/raulbartolome.com\\\/wp-content\\\/uploads\\\/2020\\\/09\\\/Cover_Modulo_7-Planificacion_inmobiliaria_Web.png\",\"contentUrl\":\"https:\\\/\\\/raulbartolome.com\\\/wp-content\\\/uploads\\\/2020\\\/09\\\/Cover_Modulo_7-Planificacion_inmobiliaria_Web.png\",\"width\":892,\"height\":1288},{\"@type\":\"BreadcrumbList\",\"@id\":\"https:\\\/\\\/raulbartolome.com\\\/product\\\/dos-casos-de-valoracion-de-inmuebles-pisos-y-local-comercial\\\/#breadcrumb\",\"itemListElement\":[{\"@type\":\"ListItem\",\"position\":1,\"name\":\"Ra\u00fal Bartolom\u00e9\",\"item\":\"https:\\\/\\\/raulbartolome.com\\\/\"},{\"@type\":\"ListItem\",\"position\":2,\"name\":\"Downloads\",\"item\":\"https:\\\/\\\/raulbartolome.com\\\/downloads\\\/\"},{\"@type\":\"ListItem\",\"position\":3,\"name\":\"Finance\",\"item\":\"https:\\\/\\\/raulbartolome.com\\\/product-category\\\/finance\\\/\"},{\"@type\":\"ListItem\",\"position\":4,\"name\":\"Dos casos de valoraci\u00f3n de inmuebles. Pisos, locales comerciales y garajes\"}]},{\"@type\":\"WebSite\",\"@id\":\"https:\\\/\\\/raulbartolome.com\\\/#website\",\"url\":\"https:\\\/\\\/raulbartolome.com\\\/\",\"name\":\"Ra\u00fal Bartolom\u00e9\",\"description\":\"Engineering, Management and Finance\",\"publisher\":{\"@id\":\"https:\\\/\\\/raulbartolome.com\\\/#\\\/schema\\\/person\\\/728a70a0ee01a96dc17e5dd8c5f8e95e\"},\"potentialAction\":[{\"@type\":\"SearchAction\",\"target\":{\"@type\":\"EntryPoint\",\"urlTemplate\":\"https:\\\/\\\/raulbartolome.com\\\/?s={search_term_string}\"},\"query-input\":{\"@type\":\"PropertyValueSpecification\",\"valueRequired\":true,\"valueName\":\"search_term_string\"}}],\"inLanguage\":\"es\"},{\"@type\":[\"Person\",\"Organization\"],\"@id\":\"https:\\\/\\\/raulbartolome.com\\\/#\\\/schema\\\/person\\\/728a70a0ee01a96dc17e5dd8c5f8e95e\",\"name\":\"Ra\u00fal Bartolom\u00e9\",\"image\":{\"@type\":\"ImageObject\",\"inLanguage\":\"es\",\"@id\":\"https:\\\/\\\/raulbartolome.com\\\/wp-content\\\/uploads\\\/2020\\\/02\\\/Raul-Bartolome-IMG_1090-2.jpeg\",\"url\":\"https:\\\/\\\/raulbartolome.com\\\/wp-content\\\/uploads\\\/2020\\\/02\\\/Raul-Bartolome-IMG_1090-2.jpeg\",\"contentUrl\":\"https:\\\/\\\/raulbartolome.com\\\/wp-content\\\/uploads\\\/2020\\\/02\\\/Raul-Bartolome-IMG_1090-2.jpeg\",\"width\":640,\"height\":640,\"caption\":\"Ra\u00fal Bartolom\u00e9\"},\"logo\":{\"@id\":\"https:\\\/\\\/raulbartolome.com\\\/wp-content\\\/uploads\\\/2020\\\/02\\\/Raul-Bartolome-IMG_1090-2.jpeg\"},\"sameAs\":[\"https:\\\/\\\/raulbartolome.com\\\/\",\"https:\\\/\\\/www.facebook.com\\\/rbartolomecastro\",\"https:\\\/\\\/www.instagram.com\\\/rbartolomec\\\/\",\"https:\\\/\\\/www.linkedin.com\\\/in\\\/rbartolomecastro\",\"https:\\\/\\\/x.com\\\/raulbartolome\",\"https:\\\/\\\/www.youtube.com\\\/channel\\\/UCY7Pef7CeZf-8t9ALthQRqA\\\/\"]}]}<\/script>\n<!-- \/ Yoast SEO plugin. -->","yoast_head_json":{"title":"Dos casos de valoraci\u00f3n de inmuebles. Pisos, locales comerciales y garajes - Ra\u00fal Bartolom\u00e9","robots":{"index":"index","follow":"follow","max-snippet":"max-snippet:-1","max-image-preview":"max-image-preview:large","max-video-preview":"max-video-preview:-1"},"canonical":"https:\/\/raulbartolome.com\/es\/producto\/dos-casos-de-valoracion-de-inmuebles-pisos-y-local-comercial\/","og_locale":"es_ES","og_type":"article","og_title":"Dos casos de valoraci\u00f3n de inmuebles. Pisos, locales comerciales y garajes - Ra\u00fal Bartolom\u00e9","og_description":"Este trabajo consiste en dos casos:   Valoraci\u00f3n de un edificio de cuatro plantas destinado a viviendas y oficinas con 6 plazas de garage. La simulaci\u00f3n incluye dos hip\u00f3tesis de ocupaci\u00f3n y la valoraci\u00f3n se realiza por el m\u00e9todo de descuento de flujos de caja (DCF)  Valoraci\u00f3n de dos propiedades independientes: un piso y un local comercial. Es estudio considera que las propiedades se adquieren gracias a pr\u00e9stamos hipotecarios y su casu\u00edstica particular. La valoraci\u00f3n tambi\u00e9n se realiza por DCF para juzgar si la inversi\u00f3n es rentable.  La descarga incluye el documento en formato pdf y las hojas de c\u00e1lculo en xlsx.","og_url":"https:\/\/raulbartolome.com\/es\/producto\/dos-casos-de-valoracion-de-inmuebles-pisos-y-local-comercial\/","og_site_name":"Ra\u00fal Bartolom\u00e9","article_publisher":"https:\/\/www.facebook.com\/rbartolomecastro","article_modified_time":"2023-08-02T11:59:17+00:00","og_image":[{"width":892,"height":1288,"url":"https:\/\/raulbartolome.com\/wp-content\/uploads\/2020\/09\/Cover_Modulo_7-Planificacion_inmobiliaria_Web.png","type":"image\/png"}],"twitter_card":"summary_large_image","twitter_site":"@raulbartolome","schema":{"@context":"https:\/\/schema.org","@graph":[{"@type":"WebPage","@id":"https:\/\/raulbartolome.com\/product\/dos-casos-de-valoracion-de-inmuebles-pisos-y-local-comercial\/","url":"https:\/\/raulbartolome.com\/product\/dos-casos-de-valoracion-de-inmuebles-pisos-y-local-comercial\/","name":"Dos casos de valoraci\u00f3n de inmuebles. Pisos, locales comerciales y garajes - Ra\u00fal Bartolom\u00e9","isPartOf":{"@id":"https:\/\/raulbartolome.com\/#website"},"primaryImageOfPage":{"@id":"https:\/\/raulbartolome.com\/product\/dos-casos-de-valoracion-de-inmuebles-pisos-y-local-comercial\/#primaryimage"},"image":{"@id":"https:\/\/raulbartolome.com\/product\/dos-casos-de-valoracion-de-inmuebles-pisos-y-local-comercial\/#primaryimage"},"thumbnailUrl":"https:\/\/raulbartolome.com\/wp-content\/uploads\/2020\/09\/Cover_Modulo_7-Planificacion_inmobiliaria_Web.png","datePublished":"2020-09-10T19:59:51+00:00","dateModified":"2023-08-02T11:59:17+00:00","breadcrumb":{"@id":"https:\/\/raulbartolome.com\/product\/dos-casos-de-valoracion-de-inmuebles-pisos-y-local-comercial\/#breadcrumb"},"inLanguage":"es","potentialAction":[{"@type":"ReadAction","target":["https:\/\/raulbartolome.com\/product\/dos-casos-de-valoracion-de-inmuebles-pisos-y-local-comercial\/"]}]},{"@type":"ImageObject","inLanguage":"es","@id":"https:\/\/raulbartolome.com\/product\/dos-casos-de-valoracion-de-inmuebles-pisos-y-local-comercial\/#primaryimage","url":"https:\/\/raulbartolome.com\/wp-content\/uploads\/2020\/09\/Cover_Modulo_7-Planificacion_inmobiliaria_Web.png","contentUrl":"https:\/\/raulbartolome.com\/wp-content\/uploads\/2020\/09\/Cover_Modulo_7-Planificacion_inmobiliaria_Web.png","width":892,"height":1288},{"@type":"BreadcrumbList","@id":"https:\/\/raulbartolome.com\/product\/dos-casos-de-valoracion-de-inmuebles-pisos-y-local-comercial\/#breadcrumb","itemListElement":[{"@type":"ListItem","position":1,"name":"Ra\u00fal Bartolom\u00e9","item":"https:\/\/raulbartolome.com\/"},{"@type":"ListItem","position":2,"name":"Downloads","item":"https:\/\/raulbartolome.com\/downloads\/"},{"@type":"ListItem","position":3,"name":"Finance","item":"https:\/\/raulbartolome.com\/product-category\/finance\/"},{"@type":"ListItem","position":4,"name":"Dos casos de valoraci\u00f3n de inmuebles. Pisos, locales comerciales y garajes"}]},{"@type":"WebSite","@id":"https:\/\/raulbartolome.com\/#website","url":"https:\/\/raulbartolome.com\/","name":"Ra\u00fal Bartolom\u00e9","description":"Ingenier\u00eda, Gesti\u00f3n y Finanzas","publisher":{"@id":"https:\/\/raulbartolome.com\/#\/schema\/person\/728a70a0ee01a96dc17e5dd8c5f8e95e"},"potentialAction":[{"@type":"SearchAction","target":{"@type":"EntryPoint","urlTemplate":"https:\/\/raulbartolome.com\/?s={search_term_string}"},"query-input":{"@type":"PropertyValueSpecification","valueRequired":true,"valueName":"search_term_string"}}],"inLanguage":"es"},{"@type":["Person","Organization"],"@id":"https:\/\/raulbartolome.com\/#\/schema\/person\/728a70a0ee01a96dc17e5dd8c5f8e95e","name":"Ra\u00fal Bartolom\u00e9","image":{"@type":"ImageObject","inLanguage":"es","@id":"https:\/\/raulbartolome.com\/wp-content\/uploads\/2020\/02\/Raul-Bartolome-IMG_1090-2.jpeg","url":"https:\/\/raulbartolome.com\/wp-content\/uploads\/2020\/02\/Raul-Bartolome-IMG_1090-2.jpeg","contentUrl":"https:\/\/raulbartolome.com\/wp-content\/uploads\/2020\/02\/Raul-Bartolome-IMG_1090-2.jpeg","width":640,"height":640,"caption":"Ra\u00fal Bartolom\u00e9"},"logo":{"@id":"https:\/\/raulbartolome.com\/wp-content\/uploads\/2020\/02\/Raul-Bartolome-IMG_1090-2.jpeg"},"sameAs":["https:\/\/raulbartolome.com\/","https:\/\/www.facebook.com\/rbartolomecastro","https:\/\/www.instagram.com\/rbartolomec\/","https:\/\/www.linkedin.com\/in\/rbartolomecastro","https:\/\/x.com\/raulbartolome","https:\/\/www.youtube.com\/channel\/UCY7Pef7CeZf-8t9ALthQRqA\/"]}]}},"_links":{"self":[{"href":"https:\/\/raulbartolome.com\/es\/wp-json\/wp\/v2\/product\/21138","targetHints":{"allow":["GET"]}}],"collection":[{"href":"https:\/\/raulbartolome.com\/es\/wp-json\/wp\/v2\/product"}],"about":[{"href":"https:\/\/raulbartolome.com\/es\/wp-json\/wp\/v2\/types\/product"}],"replies":[{"embeddable":true,"href":"https:\/\/raulbartolome.com\/es\/wp-json\/wp\/v2\/comments?post=21138"}],"wp:featuredmedia":[{"embeddable":true,"href":"https:\/\/raulbartolome.com\/es\/wp-json\/wp\/v2\/media\/21141"}],"wp:attachment":[{"href":"https:\/\/raulbartolome.com\/es\/wp-json\/wp\/v2\/media?parent=21138"}],"wp:term":[{"taxonomy":"product_brand","embeddable":true,"href":"https:\/\/raulbartolome.com\/es\/wp-json\/wp\/v2\/product_brand?post=21138"},{"taxonomy":"product_cat","embeddable":true,"href":"https:\/\/raulbartolome.com\/es\/wp-json\/wp\/v2\/product_cat?post=21138"},{"taxonomy":"product_tag","embeddable":true,"href":"https:\/\/raulbartolome.com\/es\/wp-json\/wp\/v2\/product_tag?post=21138"}],"curies":[{"name":"gracias","href":"https:\/\/api.w.org\/{rel}","templated":true}]}}