{"id":19904,"date":"2020-04-10T11:12:55","date_gmt":"2020-04-10T09:12:55","guid":{"rendered":"http:\/\/www.raulbartolome.com\/?post_type=product&#038;p=19904"},"modified":"2024-04-01T12:29:06","modified_gmt":"2024-04-01T10:29:06","slug":"analisis-de-banco-n26","status":"publish","type":"product","link":"https:\/\/raulbartolome.com\/es\/producto\/analisis-de-banco-n26\/","title":{"rendered":"An\u00e1lisis Financiero del Banco N26"},"content":{"rendered":"","protected":false},"excerpt":{"rendered":"<p>Este documento consiste en el an\u00e1lisis financiero del banco N26, incluyendo una descripci\u00f3n general de la entidad, an\u00e1lisis competitivo, estrategia de futuro y recomendaciones para el consejero delegado.<\/p>\n<p>N26 es un banco alem\u00e1n fundado en 2013 con la sede principal en Berl\u00edn. La entidad ofrece servicios en la mayor\u00eda de los pa\u00edses de la zona euro, Suiza y EEUU. Su caracter\u00edstica m\u00e1s distintiva es que consiste en un banco 100% digital donde el usuario interact\u00faa con el banco utilizando su aplicaci\u00f3n para m\u00f3vil (N26 GmbH, 2020; Wikipedia, 2020).<\/p>\n<p>La empresa fue fundada por Valentin Stalf y Maximilian Tayenthal en 2013 con la visi\u00f3n de proporcionar un servicio simple y transparente. En 2015 lanzaron los primeros productos, presentando cuentas bancarias gratuitas N26 y MasterCard N26 en Alemania y Austria. En 2016 obtuvo la licencia para operar en Europa por parte del banco central europeo (BCE). En 2017 apareci\u00f3 la cuenta N26 Metal, que proporciona servicios adicionales para viajeros frecuentes. En 2019 recibi\u00f3 un total de 470M$ de empresas de capital de riesgo de Singapur y China. En 2020 cruz\u00f3 la marca de 5 millones de clientes en 25 mercados, con un equipo de m\u00e1s de 1.500 empleados y oficinas principales en Berl\u00edn, Nueva York, Barcelona, Viena y S\u00e3o Paulo (N26 GmbH, 2020; Wikipedia, 2020).<\/p>\n<p>N26 es una empresa privada que ha logrado una financiaci\u00f3n por parte de inversores de 682,8M$ siendo Tescent Holdings e Insight Arters sus principales inversores. La valoraci\u00f3n de mercado es de 3,5B$, el n\u00famero de clientes es de 5M en 2020 y el beneficio neto en 2015 fue de -4,7M$. Revolut es su principal competidor directo, fue fundado en Londres y presenta unos servicios similares.<\/p>\n<p>La descarga incluye el documento en formato pdf.<\/p>","protected":false},"featured_media":19909,"comment_status":"open","ping_status":"closed","template":"","meta":{"ocean_post_layout":"","ocean_both_sidebars_style":"","ocean_both_sidebars_content_width":0,"ocean_both_sidebars_sidebars_width":0,"ocean_sidebar":"0","ocean_second_sidebar":"0","ocean_disable_margins":"enable","ocean_add_body_class":"","ocean_shortcode_before_top_bar":"","ocean_shortcode_after_top_bar":"","ocean_shortcode_before_header":"","ocean_shortcode_after_header":"","ocean_has_shortcode":"","ocean_shortcode_after_title":"","ocean_shortcode_before_footer_widgets":"","ocean_shortcode_after_footer_widgets":"","ocean_shortcode_before_footer_bottom":"","ocean_shortcode_after_footer_bottom":"","ocean_display_top_bar":"default","ocean_display_header":"default","ocean_header_style":"","ocean_center_header_left_menu":"0","ocean_custom_header_template":"0","ocean_custom_logo":0,"ocean_custom_retina_logo":0,"ocean_custom_logo_max_width":0,"ocean_custom_logo_tablet_max_width":0,"ocean_custom_logo_mobile_max_width":0,"ocean_custom_logo_max_height":0,"ocean_custom_logo_tablet_max_height":0,"ocean_custom_logo_mobile_max_height":0,"ocean_header_custom_menu":"0","ocean_menu_typo_font_family":"0","ocean_menu_typo_font_subset":"","ocean_menu_typo_font_size":0,"ocean_menu_typo_font_size_tablet":0,"ocean_menu_typo_font_size_mobile":0,"ocean_menu_typo_font_size_unit":"px","ocean_menu_typo_font_weight":"","ocean_menu_typo_font_weight_tablet":"","ocean_menu_typo_font_weight_mobile":"","ocean_menu_typo_transform":"","ocean_menu_typo_transform_tablet":"","ocean_menu_typo_transform_mobile":"","ocean_menu_typo_line_height":0,"ocean_menu_typo_line_height_tablet":0,"ocean_menu_typo_line_height_mobile":0,"ocean_menu_typo_line_height_unit":"","ocean_menu_typo_spacing":0,"ocean_menu_typo_spacing_tablet":0,"ocean_menu_typo_spacing_mobile":0,"ocean_menu_typo_spacing_unit":"","ocean_menu_link_color":"","ocean_menu_link_color_hover":"","ocean_menu_link_color_active":"","ocean_menu_link_background":"","ocean_menu_link_hover_background":"","ocean_menu_link_active_background":"","ocean_menu_social_links_bg":"","ocean_menu_social_hover_links_bg":"","ocean_menu_social_links_color":"","ocean_menu_social_hover_links_color":"","ocean_disable_title":"enable","ocean_disable_heading":"enable","ocean_post_title":"","ocean_post_subheading":"","ocean_post_title_style":"background-image","ocean_post_title_background_color":"","ocean_post_title_background":19909,"ocean_post_title_bg_image_position":"","ocean_post_title_bg_image_attachment":"","ocean_post_title_bg_image_repeat":"","ocean_post_title_bg_image_size":"","ocean_post_title_height":0,"ocean_post_title_bg_overlay":0.5,"ocean_post_title_bg_overlay_color":"","ocean_disable_breadcrumbs":"default","ocean_breadcrumbs_color":"","ocean_breadcrumbs_separator_color":"","ocean_breadcrumbs_links_color":"","ocean_breadcrumbs_links_hover_color":"","ocean_display_footer_widgets":"default","ocean_display_footer_bottom":"default","ocean_custom_footer_template":"0","osh_disable_topbar_sticky":"default","osh_disable_header_sticky":"default","osh_sticky_header_style":"default","osh_sticky_header_effect":"","osh_custom_sticky_logo":0,"osh_custom_retina_sticky_logo":0,"osh_custom_sticky_logo_height":0,"osh_background_color":"","osh_links_color":"","osh_links_hover_color":"","osh_links_active_color":"","osh_links_bg_color":"","osh_links_hover_bg_color":"","osh_links_active_bg_color":"","osh_menu_social_links_color":"","osh_menu_social_hover_links_color":""},"product_brand":[],"product_cat":[356],"product_tag":[867,868,873],"class_list":{"0":"post-19904","1":"product","2":"type-product","3":"status-publish","4":"has-post-thumbnail","6":"product_cat-finance","7":"product_tag-academico","8":"product_tag-mafgp","9":"product_tag-todos","11":"entry","12":"has-media","14":"first","15":"instock","16":"sale","17":"downloadable","18":"virtual","19":"taxable","20":"purchasable","21":"product-type-simple","22":"col","23":"span_1_of_3","24":"owp-content-center","25":"owp-thumbs-layout-horizontal","26":"owp-btn-normal","27":"owp-tabs-layout-section","28":"has-no-thumbnails"},"yoast_head":"<!-- This site is optimized with the Yoast SEO plugin v27.4 - https:\/\/yoast.com\/product\/yoast-seo-wordpress\/ -->\n<title>An\u00e1lisis Financiero del Banco N26 - Ra\u00fal Bartolom\u00e9<\/title>\n<meta name=\"robots\" content=\"index, follow, max-snippet:-1, max-image-preview:large, max-video-preview:-1\" \/>\n<link rel=\"canonical\" href=\"https:\/\/raulbartolome.com\/es\/producto\/analisis-de-banco-n26\/\" \/>\n<meta property=\"og:locale\" content=\"es_ES\" \/>\n<meta property=\"og:type\" content=\"article\" \/>\n<meta property=\"og:title\" content=\"An\u00e1lisis Financiero del Banco N26 - Ra\u00fal Bartolom\u00e9\" \/>\n<meta property=\"og:description\" content=\"Este documento consiste en el an\u00e1lisis financiero del banco N26, incluyendo una descripci\u00f3n general de la entidad, an\u00e1lisis competitivo, estrategia de futuro y recomendaciones para el consejero delegado.  N26 es un banco alem\u00e1n fundado en 2013 con la sede principal en Berl\u00edn. La entidad ofrece servicios en la mayor\u00eda de los pa\u00edses de la zona euro, Suiza y EEUU. Su caracter\u00edstica m\u00e1s distintiva es que consiste en un banco 100% digital donde el usuario interact\u00faa con el banco utilizando su aplicaci\u00f3n para m\u00f3vil (N26 GmbH, 2020; Wikipedia, 2020).  La empresa fue fundada por Valentin Stalf y Maximilian Tayenthal en 2013 con la visi\u00f3n de proporcionar un servicio simple y transparente. En 2015 lanzaron los primeros productos, presentando cuentas bancarias gratuitas N26 y MasterCard N26 en Alemania y Austria. En 2016 obtuvo la licencia para operar en Europa por parte del banco central europeo (BCE). En 2017 presentaron la cuenta N26 Metal, que proporciona servicios adicionales para viajeros frecuentes. En 2019 recibi\u00f3 un total de 470M$ de empresas de capital de riesgo de Singapur y China. En 2020 cruz\u00f3 la marca de 5 millones de clientes en 25 mercados, con un equipo de m\u00e1s de 1,500 empleados y oficinas principales en Berl\u00edn, Nueva York, Barcelona, Viena y S\u00e3o Paulo (N26 GmbH, 2020; Wikipedia, 2020).  N26 es una empresa privada que ha alcanzado una financiaci\u00f3n por parte de inversores de 682,8M$ siendo Tescent Holdings e Insight Arters sus principales inversores. La valoraci\u00f3n de mercado es de 3,5B$, el n\u00famero de clientes es de 5M en 2020 y beneficio neto en 2015 fue de -4,7M$. Revolut es su principal competidor directo, fue fundado en Londres y presenta unos servicios similares.  La descarga incluye el documento en formato pdf.\" \/>\n<meta property=\"og:url\" content=\"https:\/\/raulbartolome.com\/es\/producto\/analisis-de-banco-n26\/\" \/>\n<meta property=\"og:site_name\" content=\"Ra\u00fal Bartolom\u00e9\" \/>\n<meta property=\"article:publisher\" content=\"https:\/\/www.facebook.com\/rbartolomecastro\" \/>\n<meta property=\"article:modified_time\" content=\"2024-04-01T10:29:06+00:00\" \/>\n<meta property=\"og:image\" content=\"https:\/\/raulbartolome.com\/wp-content\/uploads\/2020\/04\/Cover_Modulo_3_Sistema_financiero2.png\" \/>\n\t<meta property=\"og:image:width\" content=\"1166\" \/>\n\t<meta property=\"og:image:height\" content=\"1664\" \/>\n\t<meta property=\"og:image:type\" content=\"image\/png\" \/>\n<meta name=\"twitter:card\" content=\"summary_large_image\" \/>\n<meta name=\"twitter:site\" content=\"@raulbartolome\" \/>\n<script type=\"application\/ld+json\" class=\"yoast-schema-graph\">{\"@context\":\"https:\\\/\\\/schema.org\",\"@graph\":[{\"@type\":\"WebPage\",\"@id\":\"https:\\\/\\\/raulbartolome.com\\\/product\\\/analisis-de-banco-n26\\\/\",\"url\":\"https:\\\/\\\/raulbartolome.com\\\/product\\\/analisis-de-banco-n26\\\/\",\"name\":\"An\u00e1lisis Financiero del Banco N26 - Ra\u00fal Bartolom\u00e9\",\"isPartOf\":{\"@id\":\"https:\\\/\\\/raulbartolome.com\\\/#website\"},\"primaryImageOfPage\":{\"@id\":\"https:\\\/\\\/raulbartolome.com\\\/product\\\/analisis-de-banco-n26\\\/#primaryimage\"},\"image\":{\"@id\":\"https:\\\/\\\/raulbartolome.com\\\/product\\\/analisis-de-banco-n26\\\/#primaryimage\"},\"thumbnailUrl\":\"https:\\\/\\\/raulbartolome.com\\\/wp-content\\\/uploads\\\/2020\\\/04\\\/Cover_Modulo_3_Sistema_financiero2.png\",\"datePublished\":\"2020-04-10T09:12:55+00:00\",\"dateModified\":\"2024-04-01T10:29:06+00:00\",\"breadcrumb\":{\"@id\":\"https:\\\/\\\/raulbartolome.com\\\/product\\\/analisis-de-banco-n26\\\/#breadcrumb\"},\"inLanguage\":\"es\",\"potentialAction\":[{\"@type\":\"ReadAction\",\"target\":[\"https:\\\/\\\/raulbartolome.com\\\/product\\\/analisis-de-banco-n26\\\/\"]}]},{\"@type\":\"ImageObject\",\"inLanguage\":\"es\",\"@id\":\"https:\\\/\\\/raulbartolome.com\\\/product\\\/analisis-de-banco-n26\\\/#primaryimage\",\"url\":\"https:\\\/\\\/raulbartolome.com\\\/wp-content\\\/uploads\\\/2020\\\/04\\\/Cover_Modulo_3_Sistema_financiero2.png\",\"contentUrl\":\"https:\\\/\\\/raulbartolome.com\\\/wp-content\\\/uploads\\\/2020\\\/04\\\/Cover_Modulo_3_Sistema_financiero2.png\",\"width\":1166,\"height\":1664},{\"@type\":\"BreadcrumbList\",\"@id\":\"https:\\\/\\\/raulbartolome.com\\\/product\\\/analisis-de-banco-n26\\\/#breadcrumb\",\"itemListElement\":[{\"@type\":\"ListItem\",\"position\":1,\"name\":\"Ra\u00fal Bartolom\u00e9\",\"item\":\"https:\\\/\\\/raulbartolome.com\\\/\"},{\"@type\":\"ListItem\",\"position\":2,\"name\":\"Downloads\",\"item\":\"https:\\\/\\\/raulbartolome.com\\\/downloads\\\/\"},{\"@type\":\"ListItem\",\"position\":3,\"name\":\"Finance\",\"item\":\"https:\\\/\\\/raulbartolome.com\\\/product-category\\\/finance\\\/\"},{\"@type\":\"ListItem\",\"position\":4,\"name\":\"An\u00e1lisis Financiero del Banco N26\"}]},{\"@type\":\"WebSite\",\"@id\":\"https:\\\/\\\/raulbartolome.com\\\/#website\",\"url\":\"https:\\\/\\\/raulbartolome.com\\\/\",\"name\":\"Ra\u00fal Bartolom\u00e9\",\"description\":\"Engineering, Management and Finance\",\"publisher\":{\"@id\":\"https:\\\/\\\/raulbartolome.com\\\/#\\\/schema\\\/person\\\/728a70a0ee01a96dc17e5dd8c5f8e95e\"},\"potentialAction\":[{\"@type\":\"SearchAction\",\"target\":{\"@type\":\"EntryPoint\",\"urlTemplate\":\"https:\\\/\\\/raulbartolome.com\\\/?s={search_term_string}\"},\"query-input\":{\"@type\":\"PropertyValueSpecification\",\"valueRequired\":true,\"valueName\":\"search_term_string\"}}],\"inLanguage\":\"es\"},{\"@type\":[\"Person\",\"Organization\"],\"@id\":\"https:\\\/\\\/raulbartolome.com\\\/#\\\/schema\\\/person\\\/728a70a0ee01a96dc17e5dd8c5f8e95e\",\"name\":\"Ra\u00fal Bartolom\u00e9\",\"image\":{\"@type\":\"ImageObject\",\"inLanguage\":\"es\",\"@id\":\"https:\\\/\\\/raulbartolome.com\\\/wp-content\\\/uploads\\\/2020\\\/02\\\/Raul-Bartolome-IMG_1090-2.jpeg\",\"url\":\"https:\\\/\\\/raulbartolome.com\\\/wp-content\\\/uploads\\\/2020\\\/02\\\/Raul-Bartolome-IMG_1090-2.jpeg\",\"contentUrl\":\"https:\\\/\\\/raulbartolome.com\\\/wp-content\\\/uploads\\\/2020\\\/02\\\/Raul-Bartolome-IMG_1090-2.jpeg\",\"width\":640,\"height\":640,\"caption\":\"Ra\u00fal Bartolom\u00e9\"},\"logo\":{\"@id\":\"https:\\\/\\\/raulbartolome.com\\\/wp-content\\\/uploads\\\/2020\\\/02\\\/Raul-Bartolome-IMG_1090-2.jpeg\"},\"sameAs\":[\"https:\\\/\\\/raulbartolome.com\\\/\",\"https:\\\/\\\/www.facebook.com\\\/rbartolomecastro\",\"https:\\\/\\\/www.instagram.com\\\/rbartolomec\\\/\",\"https:\\\/\\\/www.linkedin.com\\\/in\\\/rbartolomecastro\",\"https:\\\/\\\/x.com\\\/raulbartolome\",\"https:\\\/\\\/www.youtube.com\\\/channel\\\/UCY7Pef7CeZf-8t9ALthQRqA\\\/\"]}]}<\/script>\n<!-- \/ Yoast SEO plugin. -->","yoast_head_json":{"title":"An\u00e1lisis Financiero del Banco N26 - Ra\u00fal Bartolom\u00e9","robots":{"index":"index","follow":"follow","max-snippet":"max-snippet:-1","max-image-preview":"max-image-preview:large","max-video-preview":"max-video-preview:-1"},"canonical":"https:\/\/raulbartolome.com\/es\/producto\/analisis-de-banco-n26\/","og_locale":"es_ES","og_type":"article","og_title":"An\u00e1lisis Financiero del Banco N26 - Ra\u00fal Bartolom\u00e9","og_description":"Este documento consiste en el an\u00e1lisis financiero del banco N26, incluyendo una descripci\u00f3n general de la entidad, an\u00e1lisis competitivo, estrategia de futuro y recomendaciones para el consejero delegado.  N26 es un banco alem\u00e1n fundado en 2013 con la sede principal en Berl\u00edn. La entidad ofrece servicios en la mayor\u00eda de los pa\u00edses de la zona euro, Suiza y EEUU. Su caracter\u00edstica m\u00e1s distintiva es que consiste en un banco 100% digital donde el usuario interact\u00faa con el banco utilizando su aplicaci\u00f3n para m\u00f3vil (N26 GmbH, 2020; Wikipedia, 2020).  La empresa fue fundada por Valentin Stalf y Maximilian Tayenthal en 2013 con la visi\u00f3n de proporcionar un servicio simple y transparente. En 2015 lanzaron los primeros productos, presentando cuentas bancarias gratuitas N26 y MasterCard N26 en Alemania y Austria. En 2016 obtuvo la licencia para operar en Europa por parte del banco central europeo (BCE). En 2017 presentaron la cuenta N26 Metal, que proporciona servicios adicionales para viajeros frecuentes. En 2019 recibi\u00f3 un total de 470M$ de empresas de capital de riesgo de Singapur y China. En 2020 cruz\u00f3 la marca de 5 millones de clientes en 25 mercados, con un equipo de m\u00e1s de 1,500 empleados y oficinas principales en Berl\u00edn, Nueva York, Barcelona, Viena y S\u00e3o Paulo (N26 GmbH, 2020; Wikipedia, 2020).  N26 es una empresa privada que ha alcanzado una financiaci\u00f3n por parte de inversores de 682,8M$ siendo Tescent Holdings e Insight Arters sus principales inversores. La valoraci\u00f3n de mercado es de 3,5B$, el n\u00famero de clientes es de 5M en 2020 y beneficio neto en 2015 fue de -4,7M$. Revolut es su principal competidor directo, fue fundado en Londres y presenta unos servicios similares.  La descarga incluye el documento en formato pdf.","og_url":"https:\/\/raulbartolome.com\/es\/producto\/analisis-de-banco-n26\/","og_site_name":"Ra\u00fal Bartolom\u00e9","article_publisher":"https:\/\/www.facebook.com\/rbartolomecastro","article_modified_time":"2024-04-01T10:29:06+00:00","og_image":[{"width":1166,"height":1664,"url":"https:\/\/raulbartolome.com\/wp-content\/uploads\/2020\/04\/Cover_Modulo_3_Sistema_financiero2.png","type":"image\/png"}],"twitter_card":"summary_large_image","twitter_site":"@raulbartolome","schema":{"@context":"https:\/\/schema.org","@graph":[{"@type":"WebPage","@id":"https:\/\/raulbartolome.com\/product\/analisis-de-banco-n26\/","url":"https:\/\/raulbartolome.com\/product\/analisis-de-banco-n26\/","name":"An\u00e1lisis Financiero del Banco N26 - Ra\u00fal Bartolom\u00e9","isPartOf":{"@id":"https:\/\/raulbartolome.com\/#website"},"primaryImageOfPage":{"@id":"https:\/\/raulbartolome.com\/product\/analisis-de-banco-n26\/#primaryimage"},"image":{"@id":"https:\/\/raulbartolome.com\/product\/analisis-de-banco-n26\/#primaryimage"},"thumbnailUrl":"https:\/\/raulbartolome.com\/wp-content\/uploads\/2020\/04\/Cover_Modulo_3_Sistema_financiero2.png","datePublished":"2020-04-10T09:12:55+00:00","dateModified":"2024-04-01T10:29:06+00:00","breadcrumb":{"@id":"https:\/\/raulbartolome.com\/product\/analisis-de-banco-n26\/#breadcrumb"},"inLanguage":"es","potentialAction":[{"@type":"ReadAction","target":["https:\/\/raulbartolome.com\/product\/analisis-de-banco-n26\/"]}]},{"@type":"ImageObject","inLanguage":"es","@id":"https:\/\/raulbartolome.com\/product\/analisis-de-banco-n26\/#primaryimage","url":"https:\/\/raulbartolome.com\/wp-content\/uploads\/2020\/04\/Cover_Modulo_3_Sistema_financiero2.png","contentUrl":"https:\/\/raulbartolome.com\/wp-content\/uploads\/2020\/04\/Cover_Modulo_3_Sistema_financiero2.png","width":1166,"height":1664},{"@type":"BreadcrumbList","@id":"https:\/\/raulbartolome.com\/product\/analisis-de-banco-n26\/#breadcrumb","itemListElement":[{"@type":"ListItem","position":1,"name":"Ra\u00fal Bartolom\u00e9","item":"https:\/\/raulbartolome.com\/"},{"@type":"ListItem","position":2,"name":"Downloads","item":"https:\/\/raulbartolome.com\/downloads\/"},{"@type":"ListItem","position":3,"name":"Finance","item":"https:\/\/raulbartolome.com\/product-category\/finance\/"},{"@type":"ListItem","position":4,"name":"An\u00e1lisis Financiero del Banco N26"}]},{"@type":"WebSite","@id":"https:\/\/raulbartolome.com\/#website","url":"https:\/\/raulbartolome.com\/","name":"Ra\u00fal Bartolom\u00e9","description":"Ingenier\u00eda, Gesti\u00f3n y Finanzas","publisher":{"@id":"https:\/\/raulbartolome.com\/#\/schema\/person\/728a70a0ee01a96dc17e5dd8c5f8e95e"},"potentialAction":[{"@type":"SearchAction","target":{"@type":"EntryPoint","urlTemplate":"https:\/\/raulbartolome.com\/?s={search_term_string}"},"query-input":{"@type":"PropertyValueSpecification","valueRequired":true,"valueName":"search_term_string"}}],"inLanguage":"es"},{"@type":["Person","Organization"],"@id":"https:\/\/raulbartolome.com\/#\/schema\/person\/728a70a0ee01a96dc17e5dd8c5f8e95e","name":"Ra\u00fal Bartolom\u00e9","image":{"@type":"ImageObject","inLanguage":"es","@id":"https:\/\/raulbartolome.com\/wp-content\/uploads\/2020\/02\/Raul-Bartolome-IMG_1090-2.jpeg","url":"https:\/\/raulbartolome.com\/wp-content\/uploads\/2020\/02\/Raul-Bartolome-IMG_1090-2.jpeg","contentUrl":"https:\/\/raulbartolome.com\/wp-content\/uploads\/2020\/02\/Raul-Bartolome-IMG_1090-2.jpeg","width":640,"height":640,"caption":"Ra\u00fal Bartolom\u00e9"},"logo":{"@id":"https:\/\/raulbartolome.com\/wp-content\/uploads\/2020\/02\/Raul-Bartolome-IMG_1090-2.jpeg"},"sameAs":["https:\/\/raulbartolome.com\/","https:\/\/www.facebook.com\/rbartolomecastro","https:\/\/www.instagram.com\/rbartolomec\/","https:\/\/www.linkedin.com\/in\/rbartolomecastro","https:\/\/x.com\/raulbartolome","https:\/\/www.youtube.com\/channel\/UCY7Pef7CeZf-8t9ALthQRqA\/"]}]}},"_links":{"self":[{"href":"https:\/\/raulbartolome.com\/es\/wp-json\/wp\/v2\/product\/19904","targetHints":{"allow":["GET"]}}],"collection":[{"href":"https:\/\/raulbartolome.com\/es\/wp-json\/wp\/v2\/product"}],"about":[{"href":"https:\/\/raulbartolome.com\/es\/wp-json\/wp\/v2\/types\/product"}],"replies":[{"embeddable":true,"href":"https:\/\/raulbartolome.com\/es\/wp-json\/wp\/v2\/comments?post=19904"}],"wp:featuredmedia":[{"embeddable":true,"href":"https:\/\/raulbartolome.com\/es\/wp-json\/wp\/v2\/media\/19909"}],"wp:attachment":[{"href":"https:\/\/raulbartolome.com\/es\/wp-json\/wp\/v2\/media?parent=19904"}],"wp:term":[{"taxonomy":"product_brand","embeddable":true,"href":"https:\/\/raulbartolome.com\/es\/wp-json\/wp\/v2\/product_brand?post=19904"},{"taxonomy":"product_cat","embeddable":true,"href":"https:\/\/raulbartolome.com\/es\/wp-json\/wp\/v2\/product_cat?post=19904"},{"taxonomy":"product_tag","embeddable":true,"href":"https:\/\/raulbartolome.com\/es\/wp-json\/wp\/v2\/product_tag?post=19904"}],"curies":[{"name":"gracias","href":"https:\/\/api.w.org\/{rel}","templated":true}]}}