{"id":141,"date":"2001-05-02T00:04:23","date_gmt":"2001-05-01T22:04:23","guid":{"rendered":"http:\/\/www.r-b-c.info\/?page_id=141"},"modified":"2023-05-18T15:54:05","modified_gmt":"2023-05-18T13:54:05","slug":"planificador-de-tareas-con-windows-y-ms-dos","status":"publish","type":"product","link":"https:\/\/raulbartolome.com\/es\/producto\/planificador-de-tareas-con-windows-y-ms-dos\/","title":{"rendered":"Planificador de Tareas con Windows y MS-DOS"},"content":{"rendered":"<p>En la siguiente ilustraci\u00f3n se presenta el formulario del programa, con la idea de construir el planificador. Existen tres tareas, y el hiperciclo es el siguiente: 1221331__, 1221331__, 1221331__.<\/p>\r\n<p><img loading=\"lazy\" decoding=\"async\" class=\"aligncenter size-full wp-image-16061\" src=\"https:\/\/raulbartolome.com\/wp-content\/uploads\/2009\/02\/planificador.jpg\" alt=\"\" width=\"678\" height=\"399\" srcset=\"https:\/\/raulbartolome.com\/wp-content\/uploads\/2009\/02\/planificador.jpg 678w, https:\/\/raulbartolome.com\/wp-content\/uploads\/2009\/02\/planificador-600x353.jpg 600w, https:\/\/raulbartolome.com\/wp-content\/uploads\/2009\/02\/planificador-300x176.jpg 300w\" sizes=\"auto, (max-width: 678px) 100vw, 678px\" \/><\/p>\r\n\r\n\r\n\r\n<p>Podemos apreciar el bot\u00f3n de inicio y final de ejecuci\u00f3n del hiperciclo, la ranura de ejecuci\u00f3n actual, y un cuadro de texto que indica cu\u00e1ndo se est\u00e1 reanudando cada tarea. En el cuadro principal est\u00e1 la representaci\u00f3n gr\u00e1fica de la ejecuci\u00f3n de cada tarea, mediante el s\u00edmbolo &#039;o&#039;. Obs\u00e9rvese que coincide con el hiperciclo inicial.<\/p>\r\n\r\n\r\n\r\n<p>La descarga incluye la pr\u00e1ctica del planificador de tareas basado en MS-DOS. Por un lado incluye la clase base de tiempos (BT_V1.h), que programa el chip RTC de la placa base para generar un periodo de interrupci\u00f3n. Mediante la clase planificadora (SCH_V1.h) se lanza la ejecuci\u00f3n de cada tareas seg\u00fan dictamine el vector de hiperciclo. Finalmente el archivo principal (MAIN_P2.CPP) realiza las inicializaciones, adquisici\u00f3n de datos y presentaci\u00f3n de la informaci\u00f3n del esp\u00eda de tareas.<\/p>","protected":false},"excerpt":{"rendered":"<p>El objetivo consiste en implementar un planificador de tareas basado en prioridades y con capacidad de desalojo (Primitive Rate-Monotonic), esto se implementa utilizando el sistema operativo en tiempo real RTX reducido Windows NT como m\u00e1quina virtual.<\/p>\n<p>Con car\u00e1cter extra implementado la misma pr\u00e1ctica pero sobre Windows XP, es decir, no en tiempo real. Adem\u00e1s capacidad al programa de una interfaz gr\u00e1fica para reflexionar sobre el planificador.<\/p>\n<p>La descarga incluye la siguiente informaci\u00f3n: descripci\u00f3n de la pr\u00e1ctica en formato pdf, c\u00f3digo fuente para Windows y MS-DOS.<\/p>","protected":false},"featured_media":19285,"comment_status":"open","ping_status":"closed","template":"","meta":{"ocean_post_layout":"","ocean_both_sidebars_style":"","ocean_both_sidebars_content_width":0,"ocean_both_sidebars_sidebars_width":0,"ocean_sidebar":"0","ocean_second_sidebar":"0","ocean_disable_margins":"enable","ocean_add_body_class":"","ocean_shortcode_before_top_bar":"","ocean_shortcode_after_top_bar":"","ocean_shortcode_before_header":"","ocean_shortcode_after_header":"","ocean_has_shortcode":"","ocean_shortcode_after_title":"","ocean_shortcode_before_footer_widgets":"","ocean_shortcode_after_footer_widgets":"","ocean_shortcode_before_footer_bottom":"","ocean_shortcode_after_footer_bottom":"","ocean_display_top_bar":"default","ocean_display_header":"default","ocean_header_style":"","ocean_center_header_left_menu":"0","ocean_custom_header_template":"0","ocean_custom_logo":0,"ocean_custom_retina_logo":0,"ocean_custom_logo_max_width":0,"ocean_custom_logo_tablet_max_width":0,"ocean_custom_logo_mobile_max_width":0,"ocean_custom_logo_max_height":0,"ocean_custom_logo_tablet_max_height":0,"ocean_custom_logo_mobile_max_height":0,"ocean_header_custom_menu":"0","ocean_menu_typo_font_family":"0","ocean_menu_typo_font_subset":"","ocean_menu_typo_font_size":0,"ocean_menu_typo_font_size_tablet":0,"ocean_menu_typo_font_size_mobile":0,"ocean_menu_typo_font_size_unit":"px","ocean_menu_typo_font_weight":"","ocean_menu_typo_font_weight_tablet":"","ocean_menu_typo_font_weight_mobile":"","ocean_menu_typo_transform":"","ocean_menu_typo_transform_tablet":"","ocean_menu_typo_transform_mobile":"","ocean_menu_typo_line_height":0,"ocean_menu_typo_line_height_tablet":0,"ocean_menu_typo_line_height_mobile":0,"ocean_menu_typo_line_height_unit":"","ocean_menu_typo_spacing":0,"ocean_menu_typo_spacing_tablet":0,"ocean_menu_typo_spacing_mobile":0,"ocean_menu_typo_spacing_unit":"","ocean_menu_link_color":"","ocean_menu_link_color_hover":"","ocean_menu_link_color_active":"","ocean_menu_link_background":"","ocean_menu_link_hover_background":"","ocean_menu_link_active_background":"","ocean_menu_social_links_bg":"","ocean_menu_social_hover_links_bg":"","ocean_menu_social_links_color":"","ocean_menu_social_hover_links_color":"","ocean_disable_title":"enable","ocean_disable_heading":"enable","ocean_post_title":"","ocean_post_subheading":"","ocean_post_title_style":"background-image","ocean_post_title_background_color":"","ocean_post_title_background":19285,"ocean_post_title_bg_image_position":"","ocean_post_title_bg_image_attachment":"","ocean_post_title_bg_image_repeat":"","ocean_post_title_bg_image_size":"","ocean_post_title_height":0,"ocean_post_title_bg_overlay":0.5,"ocean_post_title_bg_overlay_color":"","ocean_disable_breadcrumbs":"default","ocean_breadcrumbs_color":"","ocean_breadcrumbs_separator_color":"","ocean_breadcrumbs_links_color":"","ocean_breadcrumbs_links_hover_color":"","ocean_display_footer_widgets":"default","ocean_display_footer_bottom":"default","ocean_custom_footer_template":"0","osh_disable_topbar_sticky":"default","osh_disable_header_sticky":"default","osh_sticky_header_style":"default","osh_sticky_header_effect":"","osh_custom_sticky_logo":0,"osh_custom_retina_sticky_logo":0,"osh_custom_sticky_logo_height":0,"osh_background_color":"","osh_links_color":"","osh_links_hover_color":"","osh_links_active_color":"","osh_links_bg_color":"","osh_links_hover_bg_color":"","osh_links_active_bg_color":"","osh_menu_social_links_color":"","osh_menu_social_hover_links_color":""},"product_brand":[],"product_cat":[747,749],"product_tag":[867,869,873],"class_list":{"0":"post-141","1":"product","2":"type-product","3":"status-publish","4":"has-post-thumbnail","6":"product_cat-engineering","7":"product_cat-software","8":"product_tag-academico","9":"product_tag-iaei","10":"product_tag-todos","12":"entry","13":"has-media","15":"first","16":"instock","17":"downloadable","18":"virtual","19":"taxable","20":"purchasable","21":"product-type-simple","22":"col","23":"span_1_of_3","24":"owp-content-center","25":"owp-thumbs-layout-horizontal","26":"owp-btn-normal","27":"owp-tabs-layout-section","28":"has-no-thumbnails"},"yoast_head":"<!-- This site is optimized with the Yoast SEO plugin v27.3 - https:\/\/yoast.com\/product\/yoast-seo-wordpress\/ -->\n<title>Planificador de Tareas con Windows y MS-DOS - Ra\u00fal Bartolom\u00e9<\/title>\n<meta name=\"robots\" content=\"index, follow, max-snippet:-1, max-image-preview:large, max-video-preview:-1\" \/>\n<link rel=\"canonical\" href=\"https:\/\/raulbartolome.com\/es\/producto\/planificador-de-tareas-con-windows-y-ms-dos\/\" \/>\n<meta property=\"og:locale\" content=\"es_ES\" \/>\n<meta property=\"og:type\" content=\"article\" \/>\n<meta property=\"og:title\" content=\"Planificador de Tareas con Windows y MS-DOS - Ra\u00fal Bartolom\u00e9\" \/>\n<meta property=\"og:description\" content=\"El objetivo consiste en implementar un planificador de tareas basado en prioridades y con capacidad de desalojo (Primitive Rate-Monotonic), esto se implementa utilizando el sistema operativo en tiempo real RTX ejecutando Windows NT como m\u00e1quina virtual. Con car\u00e1cter extra implement\u00e9 la misma pr\u00e1ctica pero sobre Windows XP, es decir, no en tiempo real. Adem\u00e1s capacit\u00e9 al programa de un interfaz gr\u00e1fico para reflexionar sobre el planificador. La descarga include la siguiente informaci\u00f3n: descripci\u00f3n de la pr\u00e1ctica en formato pdf, c\u00f3digo fuente para Windows y MS-DOS.\" \/>\n<meta property=\"og:url\" content=\"https:\/\/raulbartolome.com\/es\/producto\/planificador-de-tareas-con-windows-y-ms-dos\/\" \/>\n<meta property=\"og:site_name\" content=\"Ra\u00fal Bartolom\u00e9\" \/>\n<meta property=\"article:publisher\" content=\"https:\/\/www.facebook.com\/rbartolomecastro\" \/>\n<meta property=\"article:modified_time\" content=\"2023-05-18T13:54:05+00:00\" \/>\n<meta property=\"og:image\" content=\"https:\/\/raulbartolome.com\/wp-content\/uploads\/2002\/07\/Cover-Sistemas_Informaticos_de_Tiempo_Real.png\" \/>\n\t<meta property=\"og:image:width\" content=\"836\" \/>\n\t<meta property=\"og:image:height\" content=\"1170\" \/>\n\t<meta property=\"og:image:type\" content=\"image\/png\" \/>\n<meta name=\"twitter:card\" content=\"summary_large_image\" \/>\n<meta name=\"twitter:site\" content=\"@raulbartolome\" \/>\n<meta name=\"twitter:label1\" content=\"Tiempo de lectura\" \/>\n\t<meta name=\"twitter:data1\" content=\"1 minuto\" \/>\n<script type=\"application\/ld+json\" class=\"yoast-schema-graph\">{\"@context\":\"https:\\\/\\\/schema.org\",\"@graph\":[{\"@type\":\"WebPage\",\"@id\":\"https:\\\/\\\/raulbartolome.com\\\/product\\\/planificador-de-tareas-con-windows-y-ms-dos\\\/\",\"url\":\"https:\\\/\\\/raulbartolome.com\\\/product\\\/planificador-de-tareas-con-windows-y-ms-dos\\\/\",\"name\":\"Planificador de Tareas con Windows y MS-DOS - Ra\u00fal Bartolom\u00e9\",\"isPartOf\":{\"@id\":\"https:\\\/\\\/raulbartolome.com\\\/#website\"},\"primaryImageOfPage\":{\"@id\":\"https:\\\/\\\/raulbartolome.com\\\/product\\\/planificador-de-tareas-con-windows-y-ms-dos\\\/#primaryimage\"},\"image\":{\"@id\":\"https:\\\/\\\/raulbartolome.com\\\/product\\\/planificador-de-tareas-con-windows-y-ms-dos\\\/#primaryimage\"},\"thumbnailUrl\":\"https:\\\/\\\/raulbartolome.com\\\/wp-content\\\/uploads\\\/2002\\\/07\\\/Cover-Sistemas_Informaticos_de_Tiempo_Real.png\",\"datePublished\":\"2001-05-01T22:04:23+00:00\",\"dateModified\":\"2023-05-18T13:54:05+00:00\",\"breadcrumb\":{\"@id\":\"https:\\\/\\\/raulbartolome.com\\\/product\\\/planificador-de-tareas-con-windows-y-ms-dos\\\/#breadcrumb\"},\"inLanguage\":\"es\",\"potentialAction\":[{\"@type\":\"ReadAction\",\"target\":[\"https:\\\/\\\/raulbartolome.com\\\/product\\\/planificador-de-tareas-con-windows-y-ms-dos\\\/\"]}]},{\"@type\":\"ImageObject\",\"inLanguage\":\"es\",\"@id\":\"https:\\\/\\\/raulbartolome.com\\\/product\\\/planificador-de-tareas-con-windows-y-ms-dos\\\/#primaryimage\",\"url\":\"https:\\\/\\\/raulbartolome.com\\\/wp-content\\\/uploads\\\/2002\\\/07\\\/Cover-Sistemas_Informaticos_de_Tiempo_Real.png\",\"contentUrl\":\"https:\\\/\\\/raulbartolome.com\\\/wp-content\\\/uploads\\\/2002\\\/07\\\/Cover-Sistemas_Informaticos_de_Tiempo_Real.png\",\"width\":836,\"height\":1170},{\"@type\":\"BreadcrumbList\",\"@id\":\"https:\\\/\\\/raulbartolome.com\\\/product\\\/planificador-de-tareas-con-windows-y-ms-dos\\\/#breadcrumb\",\"itemListElement\":[{\"@type\":\"ListItem\",\"position\":1,\"name\":\"Ra\u00fal Bartolom\u00e9\",\"item\":\"https:\\\/\\\/raulbartolome.com\\\/\"},{\"@type\":\"ListItem\",\"position\":2,\"name\":\"Downloads\",\"item\":\"https:\\\/\\\/raulbartolome.com\\\/downloads\\\/\"},{\"@type\":\"ListItem\",\"position\":3,\"name\":\"Engineering\",\"item\":\"https:\\\/\\\/raulbartolome.com\\\/product-category\\\/engineering\\\/\"},{\"@type\":\"ListItem\",\"position\":4,\"name\":\"Software\",\"item\":\"https:\\\/\\\/raulbartolome.com\\\/product-category\\\/engineering\\\/software\\\/\"},{\"@type\":\"ListItem\",\"position\":5,\"name\":\"Planificador de Tareas con Windows y MS-DOS\"}]},{\"@type\":\"WebSite\",\"@id\":\"https:\\\/\\\/raulbartolome.com\\\/#website\",\"url\":\"https:\\\/\\\/raulbartolome.com\\\/\",\"name\":\"Ra\u00fal Bartolom\u00e9\",\"description\":\"Engineering, Management and Finance\",\"publisher\":{\"@id\":\"https:\\\/\\\/raulbartolome.com\\\/#\\\/schema\\\/person\\\/728a70a0ee01a96dc17e5dd8c5f8e95e\"},\"potentialAction\":[{\"@type\":\"SearchAction\",\"target\":{\"@type\":\"EntryPoint\",\"urlTemplate\":\"https:\\\/\\\/raulbartolome.com\\\/?s={search_term_string}\"},\"query-input\":{\"@type\":\"PropertyValueSpecification\",\"valueRequired\":true,\"valueName\":\"search_term_string\"}}],\"inLanguage\":\"es\"},{\"@type\":[\"Person\",\"Organization\"],\"@id\":\"https:\\\/\\\/raulbartolome.com\\\/#\\\/schema\\\/person\\\/728a70a0ee01a96dc17e5dd8c5f8e95e\",\"name\":\"Ra\u00fal Bartolom\u00e9\",\"image\":{\"@type\":\"ImageObject\",\"inLanguage\":\"es\",\"@id\":\"https:\\\/\\\/raulbartolome.com\\\/wp-content\\\/uploads\\\/2020\\\/02\\\/Raul-Bartolome-IMG_1090-2.jpeg\",\"url\":\"https:\\\/\\\/raulbartolome.com\\\/wp-content\\\/uploads\\\/2020\\\/02\\\/Raul-Bartolome-IMG_1090-2.jpeg\",\"contentUrl\":\"https:\\\/\\\/raulbartolome.com\\\/wp-content\\\/uploads\\\/2020\\\/02\\\/Raul-Bartolome-IMG_1090-2.jpeg\",\"width\":640,\"height\":640,\"caption\":\"Ra\u00fal Bartolom\u00e9\"},\"logo\":{\"@id\":\"https:\\\/\\\/raulbartolome.com\\\/wp-content\\\/uploads\\\/2020\\\/02\\\/Raul-Bartolome-IMG_1090-2.jpeg\"},\"sameAs\":[\"https:\\\/\\\/raulbartolome.com\\\/\",\"https:\\\/\\\/www.facebook.com\\\/rbartolomecastro\",\"https:\\\/\\\/www.instagram.com\\\/rbartolomec\\\/\",\"https:\\\/\\\/www.linkedin.com\\\/in\\\/rbartolomecastro\",\"https:\\\/\\\/x.com\\\/raulbartolome\",\"https:\\\/\\\/www.youtube.com\\\/channel\\\/UCY7Pef7CeZf-8t9ALthQRqA\\\/\"]}]}<\/script>\n<!-- \/ Yoast SEO plugin. -->","yoast_head_json":{"title":"Planificador de Tareas con Windows y MS-DOS - Ra\u00fal Bartolom\u00e9","robots":{"index":"index","follow":"follow","max-snippet":"max-snippet:-1","max-image-preview":"max-image-preview:large","max-video-preview":"max-video-preview:-1"},"canonical":"https:\/\/raulbartolome.com\/es\/producto\/planificador-de-tareas-con-windows-y-ms-dos\/","og_locale":"es_ES","og_type":"article","og_title":"Planificador de Tareas con Windows y MS-DOS - Ra\u00fal Bartolom\u00e9","og_description":"El objetivo consiste en implementar un planificador de tareas basado en prioridades y con capacidad de desalojo (Primitive Rate-Monotonic), esto se implementa utilizando el sistema operativo en tiempo real RTX ejecutando Windows NT como m\u00e1quina virtual. Con car\u00e1cter extra implement\u00e9 la misma pr\u00e1ctica pero sobre Windows XP, es decir, no en tiempo real. Adem\u00e1s capacit\u00e9 al programa de un interfaz gr\u00e1fico para reflexionar sobre el planificador. La descarga include la siguiente informaci\u00f3n: descripci\u00f3n de la pr\u00e1ctica en formato pdf, c\u00f3digo fuente para Windows y MS-DOS.","og_url":"https:\/\/raulbartolome.com\/es\/producto\/planificador-de-tareas-con-windows-y-ms-dos\/","og_site_name":"Ra\u00fal Bartolom\u00e9","article_publisher":"https:\/\/www.facebook.com\/rbartolomecastro","article_modified_time":"2023-05-18T13:54:05+00:00","og_image":[{"width":836,"height":1170,"url":"https:\/\/raulbartolome.com\/wp-content\/uploads\/2002\/07\/Cover-Sistemas_Informaticos_de_Tiempo_Real.png","type":"image\/png"}],"twitter_card":"summary_large_image","twitter_site":"@raulbartolome","twitter_misc":{"Tiempo de lectura":"1 minuto"},"schema":{"@context":"https:\/\/schema.org","@graph":[{"@type":"WebPage","@id":"https:\/\/raulbartolome.com\/product\/planificador-de-tareas-con-windows-y-ms-dos\/","url":"https:\/\/raulbartolome.com\/product\/planificador-de-tareas-con-windows-y-ms-dos\/","name":"Planificador de Tareas con Windows y MS-DOS - Ra\u00fal Bartolom\u00e9","isPartOf":{"@id":"https:\/\/raulbartolome.com\/#website"},"primaryImageOfPage":{"@id":"https:\/\/raulbartolome.com\/product\/planificador-de-tareas-con-windows-y-ms-dos\/#primaryimage"},"image":{"@id":"https:\/\/raulbartolome.com\/product\/planificador-de-tareas-con-windows-y-ms-dos\/#primaryimage"},"thumbnailUrl":"https:\/\/raulbartolome.com\/wp-content\/uploads\/2002\/07\/Cover-Sistemas_Informaticos_de_Tiempo_Real.png","datePublished":"2001-05-01T22:04:23+00:00","dateModified":"2023-05-18T13:54:05+00:00","breadcrumb":{"@id":"https:\/\/raulbartolome.com\/product\/planificador-de-tareas-con-windows-y-ms-dos\/#breadcrumb"},"inLanguage":"es","potentialAction":[{"@type":"ReadAction","target":["https:\/\/raulbartolome.com\/product\/planificador-de-tareas-con-windows-y-ms-dos\/"]}]},{"@type":"ImageObject","inLanguage":"es","@id":"https:\/\/raulbartolome.com\/product\/planificador-de-tareas-con-windows-y-ms-dos\/#primaryimage","url":"https:\/\/raulbartolome.com\/wp-content\/uploads\/2002\/07\/Cover-Sistemas_Informaticos_de_Tiempo_Real.png","contentUrl":"https:\/\/raulbartolome.com\/wp-content\/uploads\/2002\/07\/Cover-Sistemas_Informaticos_de_Tiempo_Real.png","width":836,"height":1170},{"@type":"BreadcrumbList","@id":"https:\/\/raulbartolome.com\/product\/planificador-de-tareas-con-windows-y-ms-dos\/#breadcrumb","itemListElement":[{"@type":"ListItem","position":1,"name":"Ra\u00fal Bartolom\u00e9","item":"https:\/\/raulbartolome.com\/"},{"@type":"ListItem","position":2,"name":"Downloads","item":"https:\/\/raulbartolome.com\/downloads\/"},{"@type":"ListItem","position":3,"name":"Engineering","item":"https:\/\/raulbartolome.com\/product-category\/engineering\/"},{"@type":"ListItem","position":4,"name":"Software","item":"https:\/\/raulbartolome.com\/product-category\/engineering\/software\/"},{"@type":"ListItem","position":5,"name":"Planificador de Tareas con Windows y MS-DOS"}]},{"@type":"WebSite","@id":"https:\/\/raulbartolome.com\/#website","url":"https:\/\/raulbartolome.com\/","name":"Ra\u00fal Bartolom\u00e9","description":"Ingenier\u00eda, Gesti\u00f3n y Finanzas","publisher":{"@id":"https:\/\/raulbartolome.com\/#\/schema\/person\/728a70a0ee01a96dc17e5dd8c5f8e95e"},"potentialAction":[{"@type":"SearchAction","target":{"@type":"EntryPoint","urlTemplate":"https:\/\/raulbartolome.com\/?s={search_term_string}"},"query-input":{"@type":"PropertyValueSpecification","valueRequired":true,"valueName":"search_term_string"}}],"inLanguage":"es"},{"@type":["Person","Organization"],"@id":"https:\/\/raulbartolome.com\/#\/schema\/person\/728a70a0ee01a96dc17e5dd8c5f8e95e","name":"Ra\u00fal Bartolom\u00e9","image":{"@type":"ImageObject","inLanguage":"es","@id":"https:\/\/raulbartolome.com\/wp-content\/uploads\/2020\/02\/Raul-Bartolome-IMG_1090-2.jpeg","url":"https:\/\/raulbartolome.com\/wp-content\/uploads\/2020\/02\/Raul-Bartolome-IMG_1090-2.jpeg","contentUrl":"https:\/\/raulbartolome.com\/wp-content\/uploads\/2020\/02\/Raul-Bartolome-IMG_1090-2.jpeg","width":640,"height":640,"caption":"Ra\u00fal Bartolom\u00e9"},"logo":{"@id":"https:\/\/raulbartolome.com\/wp-content\/uploads\/2020\/02\/Raul-Bartolome-IMG_1090-2.jpeg"},"sameAs":["https:\/\/raulbartolome.com\/","https:\/\/www.facebook.com\/rbartolomecastro","https:\/\/www.instagram.com\/rbartolomec\/","https:\/\/www.linkedin.com\/in\/rbartolomecastro","https:\/\/x.com\/raulbartolome","https:\/\/www.youtube.com\/channel\/UCY7Pef7CeZf-8t9ALthQRqA\/"]}]}},"_links":{"self":[{"href":"https:\/\/raulbartolome.com\/es\/wp-json\/wp\/v2\/product\/141","targetHints":{"allow":["GET"]}}],"collection":[{"href":"https:\/\/raulbartolome.com\/es\/wp-json\/wp\/v2\/product"}],"about":[{"href":"https:\/\/raulbartolome.com\/es\/wp-json\/wp\/v2\/types\/product"}],"replies":[{"embeddable":true,"href":"https:\/\/raulbartolome.com\/es\/wp-json\/wp\/v2\/comments?post=141"}],"wp:featuredmedia":[{"embeddable":true,"href":"https:\/\/raulbartolome.com\/es\/wp-json\/wp\/v2\/media\/19285"}],"wp:attachment":[{"href":"https:\/\/raulbartolome.com\/es\/wp-json\/wp\/v2\/media?parent=141"}],"wp:term":[{"taxonomy":"product_brand","embeddable":true,"href":"https:\/\/raulbartolome.com\/es\/wp-json\/wp\/v2\/product_brand?post=141"},{"taxonomy":"product_cat","embeddable":true,"href":"https:\/\/raulbartolome.com\/es\/wp-json\/wp\/v2\/product_cat?post=141"},{"taxonomy":"product_tag","embeddable":true,"href":"https:\/\/raulbartolome.com\/es\/wp-json\/wp\/v2\/product_tag?post=141"}],"curies":[{"name":"gracias","href":"https:\/\/api.w.org\/{rel}","templated":true}]}}