{"id":135,"date":"2002-09-02T00:02:17","date_gmt":"2002-09-01T22:02:17","guid":{"rendered":"http:\/\/www.r-b-c.info\/?page_id=135"},"modified":"2023-05-18T15:54:04","modified_gmt":"2023-05-18T13:54:04","slug":"diseno-de-un-robot-movil-modular","status":"publish","type":"product","link":"https:\/\/raulbartolome.com\/es\/producto\/diseno-de-un-robot-movil-modular\/","title":{"rendered":"Dise\u00f1o de un Robot M\u00f3vil Modular"},"content":{"rendered":"","protected":false},"excerpt":{"rendered":"<p>Se pretende dise\u00f1ar un robot m\u00f3vil del tipo modular y de un tama\u00f1o de 15cm de di\u00e1metro. Para realizar nuestro dise\u00f1o nos hemos inspirado en la arquitectura utilizada por KTeam, que consiste en un m\u00f3dulo base (controla motores y sensores) y un bus de expansi\u00f3n para ir apilando diferentes m\u00f3dulos; por ejemplo: actuaci\u00f3n mec\u00e1nica (pinza), comunicaciones por radiofrecuencia, c\u00e1mara de v\u00eddeo, entradas, salidas, etc.<\/p>\n<p>En este trabajo se dan las claves necesarias para un desarrollo completo del sistema. Considere este documento como un estudio previo de la factibilidad del proyecto.<\/p>\n<p>La descarga incluye la siguiente informaci\u00f3n: memoria de la pr\u00e1ctica en formato pdf, presentaci\u00f3n en formato pptx y proyecto OrCAD con los esquem\u00e1ticos y PCB.<\/p>","protected":false},"featured_media":3069,"comment_status":"open","ping_status":"closed","template":"","meta":{"ocean_post_layout":"","ocean_both_sidebars_style":"","ocean_both_sidebars_content_width":0,"ocean_both_sidebars_sidebars_width":0,"ocean_sidebar":"0","ocean_second_sidebar":"0","ocean_disable_margins":"enable","ocean_add_body_class":"","ocean_shortcode_before_top_bar":"","ocean_shortcode_after_top_bar":"","ocean_shortcode_before_header":"","ocean_shortcode_after_header":"","ocean_has_shortcode":"","ocean_shortcode_after_title":"","ocean_shortcode_before_footer_widgets":"","ocean_shortcode_after_footer_widgets":"","ocean_shortcode_before_footer_bottom":"","ocean_shortcode_after_footer_bottom":"","ocean_display_top_bar":"default","ocean_display_header":"default","ocean_header_style":"","ocean_center_header_left_menu":"0","ocean_custom_header_template":"0","ocean_custom_logo":0,"ocean_custom_retina_logo":0,"ocean_custom_logo_max_width":0,"ocean_custom_logo_tablet_max_width":0,"ocean_custom_logo_mobile_max_width":0,"ocean_custom_logo_max_height":0,"ocean_custom_logo_tablet_max_height":0,"ocean_custom_logo_mobile_max_height":0,"ocean_header_custom_menu":"0","ocean_menu_typo_font_family":"0","ocean_menu_typo_font_subset":"","ocean_menu_typo_font_size":0,"ocean_menu_typo_font_size_tablet":0,"ocean_menu_typo_font_size_mobile":0,"ocean_menu_typo_font_size_unit":"px","ocean_menu_typo_font_weight":"","ocean_menu_typo_font_weight_tablet":"","ocean_menu_typo_font_weight_mobile":"","ocean_menu_typo_transform":"","ocean_menu_typo_transform_tablet":"","ocean_menu_typo_transform_mobile":"","ocean_menu_typo_line_height":0,"ocean_menu_typo_line_height_tablet":0,"ocean_menu_typo_line_height_mobile":0,"ocean_menu_typo_line_height_unit":"","ocean_menu_typo_spacing":0,"ocean_menu_typo_spacing_tablet":0,"ocean_menu_typo_spacing_mobile":0,"ocean_menu_typo_spacing_unit":"","ocean_menu_link_color":"","ocean_menu_link_color_hover":"","ocean_menu_link_color_active":"","ocean_menu_link_background":"","ocean_menu_link_hover_background":"","ocean_menu_link_active_background":"","ocean_menu_social_links_bg":"","ocean_menu_social_hover_links_bg":"","ocean_menu_social_links_color":"","ocean_menu_social_hover_links_color":"","ocean_disable_title":"enable","ocean_disable_heading":"enable","ocean_post_title":"","ocean_post_subheading":"","ocean_post_title_style":"background-image","ocean_post_title_background_color":"","ocean_post_title_background":16753,"ocean_post_title_bg_image_position":"","ocean_post_title_bg_image_attachment":"","ocean_post_title_bg_image_repeat":"","ocean_post_title_bg_image_size":"","ocean_post_title_height":0,"ocean_post_title_bg_overlay":0.5,"ocean_post_title_bg_overlay_color":"","ocean_disable_breadcrumbs":"default","ocean_breadcrumbs_color":"","ocean_breadcrumbs_separator_color":"","ocean_breadcrumbs_links_color":"","ocean_breadcrumbs_links_hover_color":"","ocean_display_footer_widgets":"default","ocean_display_footer_bottom":"default","ocean_custom_footer_template":"0","osh_disable_topbar_sticky":"default","osh_disable_header_sticky":"default","osh_sticky_header_style":"default","osh_sticky_header_effect":"","osh_custom_sticky_logo":0,"osh_custom_retina_sticky_logo":0,"osh_custom_sticky_logo_height":0,"osh_background_color":"","osh_links_color":"","osh_links_hover_color":"","osh_links_active_color":"","osh_links_bg_color":"","osh_links_hover_bg_color":"","osh_links_active_bg_color":"","osh_menu_social_links_color":"","osh_menu_social_hover_links_color":""},"product_brand":[],"product_cat":[748,747],"product_tag":[867,869,873],"class_list":{"0":"post-135","1":"product","2":"type-product","3":"status-publish","4":"has-post-thumbnail","6":"product_cat-electronic","7":"product_cat-engineering","8":"product_tag-academico","9":"product_tag-iaei","10":"product_tag-todos","12":"entry","13":"has-media","15":"first","16":"instock","17":"downloadable","18":"virtual","19":"taxable","20":"purchasable","21":"product-type-simple","22":"col","23":"span_1_of_3","24":"owp-content-center","25":"owp-thumbs-layout-horizontal","26":"owp-btn-normal","27":"owp-tabs-layout-section","28":"has-no-thumbnails"},"yoast_head":"<!-- This site is optimized with the Yoast SEO plugin v27.4 - https:\/\/yoast.com\/product\/yoast-seo-wordpress\/ -->\n<title>Dise\u00f1o de un Robot M\u00f3vil Modular - Ra\u00fal Bartolom\u00e9<\/title>\n<meta name=\"robots\" content=\"index, follow, max-snippet:-1, max-image-preview:large, max-video-preview:-1\" \/>\n<link rel=\"canonical\" href=\"https:\/\/raulbartolome.com\/es\/producto\/diseno-de-un-robot-movil-modular\/\" \/>\n<meta property=\"og:locale\" content=\"es_ES\" \/>\n<meta property=\"og:type\" content=\"article\" \/>\n<meta property=\"og:title\" content=\"Dise\u00f1o de un Robot M\u00f3vil Modular - Ra\u00fal Bartolom\u00e9\" \/>\n<meta property=\"og:description\" content=\"Se pretende dise\u00f1ar un robot m\u00f3vil del tipo modular y de un tama\u00f1o de 15cm de di\u00e1metro. Para realizar nuestro dise\u00f1o nos hemos inspirado en la arquitectura utilizada por KTeam, que consiste en un m\u00f3dulo base (controla motores y sensores) y un bus de expansi\u00f3n para ir apilando diferentes m\u00f3dulos; por ejemplo: actuaci\u00f3n mec\u00e1nica (pinza), comunicaciones por radiofrecuencia, c\u00e1mara de v\u00eddeo, entradas, salidas, etc.  En este trabajo se dan las claves necesarias para un desarrollo completo del sistema. Considere este documento como un estudio previo de la factibilidad del proyecto.  La descarga include la siguiente informaci\u00f3n: memoria de la pr\u00e1ctica en formato pdf, presentaci\u00f3n en formato pptx y proyecto OrCAD con los esquem\u00e1ticos y PCB.\" \/>\n<meta property=\"og:url\" content=\"https:\/\/raulbartolome.com\/es\/producto\/diseno-de-un-robot-movil-modular\/\" \/>\n<meta property=\"og:site_name\" content=\"Ra\u00fal Bartolom\u00e9\" \/>\n<meta property=\"article:publisher\" content=\"https:\/\/www.facebook.com\/rbartolomecastro\" \/>\n<meta property=\"article:modified_time\" content=\"2023-05-18T13:54:04+00:00\" \/>\n<meta property=\"og:image\" content=\"https:\/\/raulbartolome.com\/wp-content\/uploads\/2019\/05\/Disen\u0303o-de-un-Robot-Mo\u0301vil-Modular.png\" \/>\n\t<meta property=\"og:image:width\" content=\"1442\" \/>\n\t<meta property=\"og:image:height\" content=\"2014\" \/>\n\t<meta property=\"og:image:type\" content=\"image\/png\" \/>\n<meta name=\"twitter:card\" content=\"summary_large_image\" \/>\n<meta name=\"twitter:site\" content=\"@raulbartolome\" \/>\n<script type=\"application\/ld+json\" class=\"yoast-schema-graph\">{\"@context\":\"https:\\\/\\\/schema.org\",\"@graph\":[{\"@type\":\"WebPage\",\"@id\":\"https:\\\/\\\/raulbartolome.com\\\/product\\\/diseno-de-un-robot-movil-modular\\\/\",\"url\":\"https:\\\/\\\/raulbartolome.com\\\/product\\\/diseno-de-un-robot-movil-modular\\\/\",\"name\":\"Dise\u00f1o de un Robot M\u00f3vil Modular - Ra\u00fal Bartolom\u00e9\",\"isPartOf\":{\"@id\":\"https:\\\/\\\/raulbartolome.com\\\/#website\"},\"primaryImageOfPage\":{\"@id\":\"https:\\\/\\\/raulbartolome.com\\\/product\\\/diseno-de-un-robot-movil-modular\\\/#primaryimage\"},\"image\":{\"@id\":\"https:\\\/\\\/raulbartolome.com\\\/product\\\/diseno-de-un-robot-movil-modular\\\/#primaryimage\"},\"thumbnailUrl\":\"https:\\\/\\\/raulbartolome.com\\\/wp-content\\\/uploads\\\/2019\\\/05\\\/Disen\u0303o-de-un-Robot-Mo\u0301vil-Modular.png\",\"datePublished\":\"2002-09-01T22:02:17+00:00\",\"dateModified\":\"2023-05-18T13:54:04+00:00\",\"breadcrumb\":{\"@id\":\"https:\\\/\\\/raulbartolome.com\\\/product\\\/diseno-de-un-robot-movil-modular\\\/#breadcrumb\"},\"inLanguage\":\"es\",\"potentialAction\":[{\"@type\":\"ReadAction\",\"target\":[\"https:\\\/\\\/raulbartolome.com\\\/product\\\/diseno-de-un-robot-movil-modular\\\/\"]}]},{\"@type\":\"ImageObject\",\"inLanguage\":\"es\",\"@id\":\"https:\\\/\\\/raulbartolome.com\\\/product\\\/diseno-de-un-robot-movil-modular\\\/#primaryimage\",\"url\":\"https:\\\/\\\/raulbartolome.com\\\/wp-content\\\/uploads\\\/2019\\\/05\\\/Disen\u0303o-de-un-Robot-Mo\u0301vil-Modular.png\",\"contentUrl\":\"https:\\\/\\\/raulbartolome.com\\\/wp-content\\\/uploads\\\/2019\\\/05\\\/Disen\u0303o-de-un-Robot-Mo\u0301vil-Modular.png\",\"width\":1442,\"height\":2014},{\"@type\":\"BreadcrumbList\",\"@id\":\"https:\\\/\\\/raulbartolome.com\\\/product\\\/diseno-de-un-robot-movil-modular\\\/#breadcrumb\",\"itemListElement\":[{\"@type\":\"ListItem\",\"position\":1,\"name\":\"Ra\u00fal Bartolom\u00e9\",\"item\":\"https:\\\/\\\/raulbartolome.com\\\/\"},{\"@type\":\"ListItem\",\"position\":2,\"name\":\"Downloads\",\"item\":\"https:\\\/\\\/raulbartolome.com\\\/downloads\\\/\"},{\"@type\":\"ListItem\",\"position\":3,\"name\":\"Engineering\",\"item\":\"https:\\\/\\\/raulbartolome.com\\\/product-category\\\/engineering\\\/\"},{\"@type\":\"ListItem\",\"position\":4,\"name\":\"Electronic\",\"item\":\"https:\\\/\\\/raulbartolome.com\\\/product-category\\\/engineering\\\/electronic\\\/\"},{\"@type\":\"ListItem\",\"position\":5,\"name\":\"Dise\u00f1o de un Robot M\u00f3vil Modular\"}]},{\"@type\":\"WebSite\",\"@id\":\"https:\\\/\\\/raulbartolome.com\\\/#website\",\"url\":\"https:\\\/\\\/raulbartolome.com\\\/\",\"name\":\"Ra\u00fal Bartolom\u00e9\",\"description\":\"Engineering, Management and Finance\",\"publisher\":{\"@id\":\"https:\\\/\\\/raulbartolome.com\\\/#\\\/schema\\\/person\\\/728a70a0ee01a96dc17e5dd8c5f8e95e\"},\"potentialAction\":[{\"@type\":\"SearchAction\",\"target\":{\"@type\":\"EntryPoint\",\"urlTemplate\":\"https:\\\/\\\/raulbartolome.com\\\/?s={search_term_string}\"},\"query-input\":{\"@type\":\"PropertyValueSpecification\",\"valueRequired\":true,\"valueName\":\"search_term_string\"}}],\"inLanguage\":\"es\"},{\"@type\":[\"Person\",\"Organization\"],\"@id\":\"https:\\\/\\\/raulbartolome.com\\\/#\\\/schema\\\/person\\\/728a70a0ee01a96dc17e5dd8c5f8e95e\",\"name\":\"Ra\u00fal Bartolom\u00e9\",\"image\":{\"@type\":\"ImageObject\",\"inLanguage\":\"es\",\"@id\":\"https:\\\/\\\/raulbartolome.com\\\/wp-content\\\/uploads\\\/2020\\\/02\\\/Raul-Bartolome-IMG_1090-2.jpeg\",\"url\":\"https:\\\/\\\/raulbartolome.com\\\/wp-content\\\/uploads\\\/2020\\\/02\\\/Raul-Bartolome-IMG_1090-2.jpeg\",\"contentUrl\":\"https:\\\/\\\/raulbartolome.com\\\/wp-content\\\/uploads\\\/2020\\\/02\\\/Raul-Bartolome-IMG_1090-2.jpeg\",\"width\":640,\"height\":640,\"caption\":\"Ra\u00fal Bartolom\u00e9\"},\"logo\":{\"@id\":\"https:\\\/\\\/raulbartolome.com\\\/wp-content\\\/uploads\\\/2020\\\/02\\\/Raul-Bartolome-IMG_1090-2.jpeg\"},\"sameAs\":[\"https:\\\/\\\/raulbartolome.com\\\/\",\"https:\\\/\\\/www.facebook.com\\\/rbartolomecastro\",\"https:\\\/\\\/www.instagram.com\\\/rbartolomec\\\/\",\"https:\\\/\\\/www.linkedin.com\\\/in\\\/rbartolomecastro\",\"https:\\\/\\\/x.com\\\/raulbartolome\",\"https:\\\/\\\/www.youtube.com\\\/channel\\\/UCY7Pef7CeZf-8t9ALthQRqA\\\/\"]}]}<\/script>\n<!-- \/ Yoast SEO plugin. -->","yoast_head_json":{"title":"Dise\u00f1o de un Robot M\u00f3vil Modular - Ra\u00fal Bartolom\u00e9","robots":{"index":"index","follow":"follow","max-snippet":"max-snippet:-1","max-image-preview":"max-image-preview:large","max-video-preview":"max-video-preview:-1"},"canonical":"https:\/\/raulbartolome.com\/es\/producto\/diseno-de-un-robot-movil-modular\/","og_locale":"es_ES","og_type":"article","og_title":"Dise\u00f1o de un Robot M\u00f3vil Modular - Ra\u00fal Bartolom\u00e9","og_description":"Se pretende dise\u00f1ar un robot m\u00f3vil del tipo modular y de un tama\u00f1o de 15cm de di\u00e1metro. Para realizar nuestro dise\u00f1o nos hemos inspirado en la arquitectura utilizada por KTeam, que consiste en un m\u00f3dulo base (controla motores y sensores) y un bus de expansi\u00f3n para ir apilando diferentes m\u00f3dulos; por ejemplo: actuaci\u00f3n mec\u00e1nica (pinza), comunicaciones por radiofrecuencia, c\u00e1mara de v\u00eddeo, entradas, salidas, etc.  En este trabajo se dan las claves necesarias para un desarrollo completo del sistema. Considere este documento como un estudio previo de la factibilidad del proyecto.  La descarga include la siguiente informaci\u00f3n: memoria de la pr\u00e1ctica en formato pdf, presentaci\u00f3n en formato pptx y proyecto OrCAD con los esquem\u00e1ticos y PCB.","og_url":"https:\/\/raulbartolome.com\/es\/producto\/diseno-de-un-robot-movil-modular\/","og_site_name":"Ra\u00fal Bartolom\u00e9","article_publisher":"https:\/\/www.facebook.com\/rbartolomecastro","article_modified_time":"2023-05-18T13:54:04+00:00","og_image":[{"width":1442,"height":2014,"url":"https:\/\/raulbartolome.com\/wp-content\/uploads\/2019\/05\/Disen\u0303o-de-un-Robot-Mo\u0301vil-Modular.png","type":"image\/png"}],"twitter_card":"summary_large_image","twitter_site":"@raulbartolome","schema":{"@context":"https:\/\/schema.org","@graph":[{"@type":"WebPage","@id":"https:\/\/raulbartolome.com\/product\/diseno-de-un-robot-movil-modular\/","url":"https:\/\/raulbartolome.com\/product\/diseno-de-un-robot-movil-modular\/","name":"Dise\u00f1o de un Robot M\u00f3vil Modular - Ra\u00fal Bartolom\u00e9","isPartOf":{"@id":"https:\/\/raulbartolome.com\/#website"},"primaryImageOfPage":{"@id":"https:\/\/raulbartolome.com\/product\/diseno-de-un-robot-movil-modular\/#primaryimage"},"image":{"@id":"https:\/\/raulbartolome.com\/product\/diseno-de-un-robot-movil-modular\/#primaryimage"},"thumbnailUrl":"https:\/\/raulbartolome.com\/wp-content\/uploads\/2019\/05\/Disen\u0303o-de-un-Robot-Mo\u0301vil-Modular.png","datePublished":"2002-09-01T22:02:17+00:00","dateModified":"2023-05-18T13:54:04+00:00","breadcrumb":{"@id":"https:\/\/raulbartolome.com\/product\/diseno-de-un-robot-movil-modular\/#breadcrumb"},"inLanguage":"es","potentialAction":[{"@type":"ReadAction","target":["https:\/\/raulbartolome.com\/product\/diseno-de-un-robot-movil-modular\/"]}]},{"@type":"ImageObject","inLanguage":"es","@id":"https:\/\/raulbartolome.com\/product\/diseno-de-un-robot-movil-modular\/#primaryimage","url":"https:\/\/raulbartolome.com\/wp-content\/uploads\/2019\/05\/Disen\u0303o-de-un-Robot-Mo\u0301vil-Modular.png","contentUrl":"https:\/\/raulbartolome.com\/wp-content\/uploads\/2019\/05\/Disen\u0303o-de-un-Robot-Mo\u0301vil-Modular.png","width":1442,"height":2014},{"@type":"BreadcrumbList","@id":"https:\/\/raulbartolome.com\/product\/diseno-de-un-robot-movil-modular\/#breadcrumb","itemListElement":[{"@type":"ListItem","position":1,"name":"Ra\u00fal Bartolom\u00e9","item":"https:\/\/raulbartolome.com\/"},{"@type":"ListItem","position":2,"name":"Downloads","item":"https:\/\/raulbartolome.com\/downloads\/"},{"@type":"ListItem","position":3,"name":"Engineering","item":"https:\/\/raulbartolome.com\/product-category\/engineering\/"},{"@type":"ListItem","position":4,"name":"Electronic","item":"https:\/\/raulbartolome.com\/product-category\/engineering\/electronic\/"},{"@type":"ListItem","position":5,"name":"Dise\u00f1o de un Robot M\u00f3vil Modular"}]},{"@type":"WebSite","@id":"https:\/\/raulbartolome.com\/#website","url":"https:\/\/raulbartolome.com\/","name":"Ra\u00fal Bartolom\u00e9","description":"Ingenier\u00eda, Gesti\u00f3n y Finanzas","publisher":{"@id":"https:\/\/raulbartolome.com\/#\/schema\/person\/728a70a0ee01a96dc17e5dd8c5f8e95e"},"potentialAction":[{"@type":"SearchAction","target":{"@type":"EntryPoint","urlTemplate":"https:\/\/raulbartolome.com\/?s={search_term_string}"},"query-input":{"@type":"PropertyValueSpecification","valueRequired":true,"valueName":"search_term_string"}}],"inLanguage":"es"},{"@type":["Person","Organization"],"@id":"https:\/\/raulbartolome.com\/#\/schema\/person\/728a70a0ee01a96dc17e5dd8c5f8e95e","name":"Ra\u00fal Bartolom\u00e9","image":{"@type":"ImageObject","inLanguage":"es","@id":"https:\/\/raulbartolome.com\/wp-content\/uploads\/2020\/02\/Raul-Bartolome-IMG_1090-2.jpeg","url":"https:\/\/raulbartolome.com\/wp-content\/uploads\/2020\/02\/Raul-Bartolome-IMG_1090-2.jpeg","contentUrl":"https:\/\/raulbartolome.com\/wp-content\/uploads\/2020\/02\/Raul-Bartolome-IMG_1090-2.jpeg","width":640,"height":640,"caption":"Ra\u00fal Bartolom\u00e9"},"logo":{"@id":"https:\/\/raulbartolome.com\/wp-content\/uploads\/2020\/02\/Raul-Bartolome-IMG_1090-2.jpeg"},"sameAs":["https:\/\/raulbartolome.com\/","https:\/\/www.facebook.com\/rbartolomecastro","https:\/\/www.instagram.com\/rbartolomec\/","https:\/\/www.linkedin.com\/in\/rbartolomecastro","https:\/\/x.com\/raulbartolome","https:\/\/www.youtube.com\/channel\/UCY7Pef7CeZf-8t9ALthQRqA\/"]}]}},"_links":{"self":[{"href":"https:\/\/raulbartolome.com\/es\/wp-json\/wp\/v2\/product\/135","targetHints":{"allow":["GET"]}}],"collection":[{"href":"https:\/\/raulbartolome.com\/es\/wp-json\/wp\/v2\/product"}],"about":[{"href":"https:\/\/raulbartolome.com\/es\/wp-json\/wp\/v2\/types\/product"}],"replies":[{"embeddable":true,"href":"https:\/\/raulbartolome.com\/es\/wp-json\/wp\/v2\/comments?post=135"}],"wp:featuredmedia":[{"embeddable":true,"href":"https:\/\/raulbartolome.com\/es\/wp-json\/wp\/v2\/media\/3069"}],"wp:attachment":[{"href":"https:\/\/raulbartolome.com\/es\/wp-json\/wp\/v2\/media?parent=135"}],"wp:term":[{"taxonomy":"product_brand","embeddable":true,"href":"https:\/\/raulbartolome.com\/es\/wp-json\/wp\/v2\/product_brand?post=135"},{"taxonomy":"product_cat","embeddable":true,"href":"https:\/\/raulbartolome.com\/es\/wp-json\/wp\/v2\/product_cat?post=135"},{"taxonomy":"product_tag","embeddable":true,"href":"https:\/\/raulbartolome.com\/es\/wp-json\/wp\/v2\/product_tag?post=135"}],"curies":[{"name":"gracias","href":"https:\/\/api.w.org\/{rel}","templated":true}]}}