{"id":133,"date":"2004-02-02T00:01:24","date_gmt":"2004-02-01T23:01:24","guid":{"rendered":"http:\/\/www.r-b-c.info\/?page_id=133"},"modified":"2023-11-03T08:18:49","modified_gmt":"2023-11-03T07:18:49","slug":"sistema-modular-de-adquisicion-de-datos","status":"publish","type":"product","link":"https:\/\/raulbartolome.com\/es\/producto\/sistema-modular-de-adquisicion-de-datos\/","title":{"rendered":"Sistema Modular de Adquisicion de Datos"},"content":{"rendered":"","protected":false},"excerpt":{"rendered":"<p>En este proyecto se describe c\u00f3mo se ha implementado un Sistema Modular de Adquisici\u00f3n de Datos. \u00c9ste consiste en una carcasa o rack en el que se conectan diversas tarjetas electr\u00f3nicas: comunicaci\u00f3n, medici\u00f3n, conmutaci\u00f3n, etc. y mediante un PC, se procesa y controla todo el sistema.<\/p>\n<p>Numerosas veces se har\u00e1 referencia al Sistema de Comprobaci\u00f3n como INTE y al Sistema de Adquisici\u00f3n de Datos como AINTE que son sus nombres comerciales. \u00c9stos pertenecen a la empresa CreaSoft.<\/p>\n<p>Los objetivos de este proyecto se pueden separar en dos grupos<\/p>\n<ul>\n<li>C\u00f3mo se implement\u00f3 la transici\u00f3n del Sistema de Comprobaci\u00f3n ISA (INTE ISA) al Sistema de Comprobaci\u00f3n USB (INTE USB).<\/li>\n<\/ul>\n<p>Esto consiste en el dise\u00f1o e implementaci\u00f3n de una tarjeta de comunicaciones y control USB as\u00ed como su software. Se tuvo que realizar de tal manera que pudiese soportar todo el legado del Sistema Comprobaci\u00f3n ISA (INTE ISA), es decir, que pudiese soportar tarjetas de datos digitales, hasta los 4032 puntos, compatibilidad de software, etc.<\/p>\n<ul>\n<li>C\u00f3mo se implement\u00f3 el Sistema de Adquisici\u00f3n de Datos USB (AINTE USB)<\/li>\n<\/ul>\n<p>Trabajando sobre el marco provisto por el Sistema de Comprobaci\u00f3n USB (INTE USB) se pretende dise\u00f1ar e implementar un Sistema de Adquisici\u00f3n de Datos USB (AINTE USB). Nuevamente se desea que soporte el legado del sistema anterior INTE USB pero que adem\u00e1s tenga la posibilidad de realizar mediciones de resistencias. Para alcanzar el objetivo se dise\u00f1aron e implementaron dos tarjetas, una encargada de realizar la detecci\u00f3n a modo de mult\u00edmetro digital y la otra encargada de realizar las conmutaciones conmutadas.<\/p>\n<p>La descarga incluye la siguiente informaci\u00f3n: memoria del proyecto en formato pdf (el c\u00f3digo fuente est\u00e1 presente en los supuestos), presentaci\u00f3n en formato pptx y todas las hojas de datos relevantes para el dise\u00f1o electr\u00f3nico.<\/p>","protected":false},"featured_media":19292,"comment_status":"open","ping_status":"closed","template":"","meta":{"ocean_post_layout":"","ocean_both_sidebars_style":"","ocean_both_sidebars_content_width":0,"ocean_both_sidebars_sidebars_width":0,"ocean_sidebar":"0","ocean_second_sidebar":"0","ocean_disable_margins":"enable","ocean_add_body_class":"","ocean_shortcode_before_top_bar":"","ocean_shortcode_after_top_bar":"","ocean_shortcode_before_header":"","ocean_shortcode_after_header":"","ocean_has_shortcode":"","ocean_shortcode_after_title":"","ocean_shortcode_before_footer_widgets":"","ocean_shortcode_after_footer_widgets":"","ocean_shortcode_before_footer_bottom":"","ocean_shortcode_after_footer_bottom":"","ocean_display_top_bar":"default","ocean_display_header":"default","ocean_header_style":"","ocean_center_header_left_menu":"0","ocean_custom_header_template":"0","ocean_custom_logo":0,"ocean_custom_retina_logo":0,"ocean_custom_logo_max_width":0,"ocean_custom_logo_tablet_max_width":0,"ocean_custom_logo_mobile_max_width":0,"ocean_custom_logo_max_height":0,"ocean_custom_logo_tablet_max_height":0,"ocean_custom_logo_mobile_max_height":0,"ocean_header_custom_menu":"0","ocean_menu_typo_font_family":"0","ocean_menu_typo_font_subset":"","ocean_menu_typo_font_size":0,"ocean_menu_typo_font_size_tablet":0,"ocean_menu_typo_font_size_mobile":0,"ocean_menu_typo_font_size_unit":"px","ocean_menu_typo_font_weight":"","ocean_menu_typo_font_weight_tablet":"","ocean_menu_typo_font_weight_mobile":"","ocean_menu_typo_transform":"","ocean_menu_typo_transform_tablet":"","ocean_menu_typo_transform_mobile":"","ocean_menu_typo_line_height":0,"ocean_menu_typo_line_height_tablet":0,"ocean_menu_typo_line_height_mobile":0,"ocean_menu_typo_line_height_unit":"","ocean_menu_typo_spacing":0,"ocean_menu_typo_spacing_tablet":0,"ocean_menu_typo_spacing_mobile":0,"ocean_menu_typo_spacing_unit":"","ocean_menu_link_color":"","ocean_menu_link_color_hover":"","ocean_menu_link_color_active":"","ocean_menu_link_background":"","ocean_menu_link_hover_background":"","ocean_menu_link_active_background":"","ocean_menu_social_links_bg":"","ocean_menu_social_hover_links_bg":"","ocean_menu_social_links_color":"","ocean_menu_social_hover_links_color":"","ocean_disable_title":"enable","ocean_disable_heading":"enable","ocean_post_title":"","ocean_post_subheading":"","ocean_post_title_style":"background-image","ocean_post_title_background_color":"","ocean_post_title_background":19292,"ocean_post_title_bg_image_position":"","ocean_post_title_bg_image_attachment":"","ocean_post_title_bg_image_repeat":"","ocean_post_title_bg_image_size":"","ocean_post_title_height":0,"ocean_post_title_bg_overlay":0.5,"ocean_post_title_bg_overlay_color":"","ocean_disable_breadcrumbs":"default","ocean_breadcrumbs_color":"","ocean_breadcrumbs_separator_color":"","ocean_breadcrumbs_links_color":"","ocean_breadcrumbs_links_hover_color":"","ocean_display_footer_widgets":"default","ocean_display_footer_bottom":"default","ocean_custom_footer_template":"0","osh_disable_topbar_sticky":"default","osh_disable_header_sticky":"default","osh_sticky_header_style":"default","osh_sticky_header_effect":"","osh_custom_sticky_logo":0,"osh_custom_retina_sticky_logo":0,"osh_custom_sticky_logo_height":0,"osh_background_color":"","osh_links_color":"","osh_links_hover_color":"","osh_links_active_color":"","osh_links_bg_color":"","osh_links_hover_bg_color":"","osh_links_active_bg_color":"","osh_menu_social_links_color":"","osh_menu_social_hover_links_color":""},"product_brand":[],"product_cat":[748,749],"product_tag":[867,869,873],"class_list":{"0":"post-133","1":"product","2":"type-product","3":"status-publish","4":"has-post-thumbnail","6":"product_cat-electronic","7":"product_cat-software","8":"product_tag-academico","9":"product_tag-iaei","10":"product_tag-todos","12":"entry","13":"has-media","15":"first","16":"instock","17":"downloadable","18":"virtual","19":"taxable","20":"purchasable","21":"product-type-simple","22":"col","23":"span_1_of_3","24":"owp-content-center","25":"owp-thumbs-layout-horizontal","26":"owp-btn-normal","27":"owp-tabs-layout-section","28":"has-no-thumbnails"},"yoast_head":"<!-- This site is optimized with the Yoast SEO plugin v27.3 - https:\/\/yoast.com\/product\/yoast-seo-wordpress\/ -->\n<title>Sistema Modular de Adquisici\u00f3n de Datos - Ra\u00fal Bartolom\u00e9<\/title>\n<meta name=\"robots\" content=\"index, follow, max-snippet:-1, max-image-preview:large, max-video-preview:-1\" \/>\n<link rel=\"canonical\" href=\"https:\/\/raulbartolome.com\/es\/producto\/sistema-modular-de-adquisicion-de-datos\/\" \/>\n<meta property=\"og:locale\" content=\"es_ES\" \/>\n<meta property=\"og:type\" content=\"article\" \/>\n<meta property=\"og:title\" content=\"Sistema Modular de Adquisici\u00f3n de Datos - Ra\u00fal Bartolom\u00e9\" \/>\n<meta property=\"og:description\" content=\"En este proyecto se describe c\u00f3mo se ha implementado un Sistema Modular de Adquisici\u00f3n de Datos. \u00c9ste consiste en una carcasa o rack en el que se conectan diversas tarjetas electr\u00f3nicas: comunicaci\u00f3n, medici\u00f3n, conmutaci\u00f3n, etc. y mediante un PC, se procesa y controla todo el sistema.  Numerosas veces se har\u00e1 referencia al Sistema de Comprobaci\u00f3n como INTE y al Sistema de Adquisici\u00f3n de Datos como AINTE que son sus nombres comerciales. \u00c9stos pertenecen a la empresa CreaSoft.  Los objetivos de este proyecto se pueden separar en dos grupos   C\u00f3mo se implement\u00f3 la transici\u00f3n del Sistema de Comprobaci\u00f3n ISA (INTE ISA) al Sistema de Comprobaci\u00f3n USB (INTE USB).  Esto consiste en el dise\u00f1o e implementaci\u00f3n de una tarjeta de comunicaciones y control USB as\u00ed como su software. Se tuvo que realizar de tal manera que pudiese soportar todo el legado del Sistema Comprobaci\u00f3n ISA (INTE ISA), es decir, que pudiese soportar tarjetas de datos digitales, hasta los 4032 puntos, compatibilidad de software, etc.   C\u00f3mo se implement\u00f3 el Sistema de Adquisici\u00f3n de Datos USB (AINTE USB)  Trabajando sobre el marco proporcionado por el Sistema de Comprobaci\u00f3n USB (INTE USB) se pretende dise\u00f1ar e implementar un Sistema de Adquisici\u00f3n de Datos USB (AINTE USB). Nuevamente se desea que soporte el legado del sistema anterior INTE USB pero que adem\u00e1s tenga la posibilidad de realizar mediciones anal\u00f3gicas de resistencias. Para alcanzar el objetivo se dise\u00f1aron e implementaron dos tarjetas, una encargada de realizar mediciones a modo de mult\u00edmetro digital y la otra encargada de realizar conmutaciones anal\u00f3gicas.  La descarga include la siguiente informaci\u00f3n: memoria del proyecto en formato pdf (el c\u00f3digo fuente est\u00e1 presente en los ap\u00e9ndices), presentaci\u00f3n en formato pptx y todo los datasheets relevantes para el dise\u00f1o electr\u00f3nico.\" \/>\n<meta property=\"og:url\" content=\"https:\/\/raulbartolome.com\/es\/producto\/sistema-modular-de-adquisicion-de-datos\/\" \/>\n<meta property=\"og:site_name\" content=\"Ra\u00fal Bartolom\u00e9\" \/>\n<meta property=\"article:publisher\" content=\"https:\/\/www.facebook.com\/rbartolomecastro\" \/>\n<meta property=\"article:modified_time\" content=\"2023-11-03T07:18:49+00:00\" \/>\n<meta property=\"og:image\" content=\"https:\/\/raulbartolome.com\/wp-content\/uploads\/2004\/02\/Cover-Proyecto-Final-de-Carrera.png\" \/>\n\t<meta property=\"og:image:width\" content=\"836\" \/>\n\t<meta property=\"og:image:height\" content=\"1170\" \/>\n\t<meta property=\"og:image:type\" content=\"image\/png\" \/>\n<meta name=\"twitter:card\" content=\"summary_large_image\" \/>\n<meta name=\"twitter:site\" content=\"@raulbartolome\" \/>\n<script type=\"application\/ld+json\" class=\"yoast-schema-graph\">{\"@context\":\"https:\\\/\\\/schema.org\",\"@graph\":[{\"@type\":\"WebPage\",\"@id\":\"https:\\\/\\\/raulbartolome.com\\\/product\\\/sistema-modular-de-adquisicion-de-datos\\\/\",\"url\":\"https:\\\/\\\/raulbartolome.com\\\/product\\\/sistema-modular-de-adquisicion-de-datos\\\/\",\"name\":\"Sistema Modular de Adquisici\u00f3n de Datos - Ra\u00fal Bartolom\u00e9\",\"isPartOf\":{\"@id\":\"https:\\\/\\\/raulbartolome.com\\\/#website\"},\"primaryImageOfPage\":{\"@id\":\"https:\\\/\\\/raulbartolome.com\\\/product\\\/sistema-modular-de-adquisicion-de-datos\\\/#primaryimage\"},\"image\":{\"@id\":\"https:\\\/\\\/raulbartolome.com\\\/product\\\/sistema-modular-de-adquisicion-de-datos\\\/#primaryimage\"},\"thumbnailUrl\":\"https:\\\/\\\/raulbartolome.com\\\/wp-content\\\/uploads\\\/2004\\\/02\\\/Cover-Proyecto-Final-de-Carrera.png\",\"datePublished\":\"2004-02-01T23:01:24+00:00\",\"dateModified\":\"2023-11-03T07:18:49+00:00\",\"breadcrumb\":{\"@id\":\"https:\\\/\\\/raulbartolome.com\\\/product\\\/sistema-modular-de-adquisicion-de-datos\\\/#breadcrumb\"},\"inLanguage\":\"es\",\"potentialAction\":[{\"@type\":\"ReadAction\",\"target\":[\"https:\\\/\\\/raulbartolome.com\\\/product\\\/sistema-modular-de-adquisicion-de-datos\\\/\"]}]},{\"@type\":\"ImageObject\",\"inLanguage\":\"es\",\"@id\":\"https:\\\/\\\/raulbartolome.com\\\/product\\\/sistema-modular-de-adquisicion-de-datos\\\/#primaryimage\",\"url\":\"https:\\\/\\\/raulbartolome.com\\\/wp-content\\\/uploads\\\/2004\\\/02\\\/Cover-Proyecto-Final-de-Carrera.png\",\"contentUrl\":\"https:\\\/\\\/raulbartolome.com\\\/wp-content\\\/uploads\\\/2004\\\/02\\\/Cover-Proyecto-Final-de-Carrera.png\",\"width\":836,\"height\":1170},{\"@type\":\"BreadcrumbList\",\"@id\":\"https:\\\/\\\/raulbartolome.com\\\/product\\\/sistema-modular-de-adquisicion-de-datos\\\/#breadcrumb\",\"itemListElement\":[{\"@type\":\"ListItem\",\"position\":1,\"name\":\"Ra\u00fal Bartolom\u00e9\",\"item\":\"https:\\\/\\\/raulbartolome.com\\\/\"},{\"@type\":\"ListItem\",\"position\":2,\"name\":\"Downloads\",\"item\":\"https:\\\/\\\/raulbartolome.com\\\/downloads\\\/\"},{\"@type\":\"ListItem\",\"position\":3,\"name\":\"Engineering\",\"item\":\"https:\\\/\\\/raulbartolome.com\\\/product-category\\\/engineering\\\/\"},{\"@type\":\"ListItem\",\"position\":4,\"name\":\"Electronic\",\"item\":\"https:\\\/\\\/raulbartolome.com\\\/product-category\\\/engineering\\\/electronic\\\/\"},{\"@type\":\"ListItem\",\"position\":5,\"name\":\"Sistema Modular de Adquisici\u00f3n de Datos\"}]},{\"@type\":\"WebSite\",\"@id\":\"https:\\\/\\\/raulbartolome.com\\\/#website\",\"url\":\"https:\\\/\\\/raulbartolome.com\\\/\",\"name\":\"Ra\u00fal Bartolom\u00e9\",\"description\":\"Engineering, Management and Finance\",\"publisher\":{\"@id\":\"https:\\\/\\\/raulbartolome.com\\\/#\\\/schema\\\/person\\\/728a70a0ee01a96dc17e5dd8c5f8e95e\"},\"potentialAction\":[{\"@type\":\"SearchAction\",\"target\":{\"@type\":\"EntryPoint\",\"urlTemplate\":\"https:\\\/\\\/raulbartolome.com\\\/?s={search_term_string}\"},\"query-input\":{\"@type\":\"PropertyValueSpecification\",\"valueRequired\":true,\"valueName\":\"search_term_string\"}}],\"inLanguage\":\"es\"},{\"@type\":[\"Person\",\"Organization\"],\"@id\":\"https:\\\/\\\/raulbartolome.com\\\/#\\\/schema\\\/person\\\/728a70a0ee01a96dc17e5dd8c5f8e95e\",\"name\":\"Ra\u00fal Bartolom\u00e9\",\"image\":{\"@type\":\"ImageObject\",\"inLanguage\":\"es\",\"@id\":\"https:\\\/\\\/raulbartolome.com\\\/wp-content\\\/uploads\\\/2020\\\/02\\\/Raul-Bartolome-IMG_1090-2.jpeg\",\"url\":\"https:\\\/\\\/raulbartolome.com\\\/wp-content\\\/uploads\\\/2020\\\/02\\\/Raul-Bartolome-IMG_1090-2.jpeg\",\"contentUrl\":\"https:\\\/\\\/raulbartolome.com\\\/wp-content\\\/uploads\\\/2020\\\/02\\\/Raul-Bartolome-IMG_1090-2.jpeg\",\"width\":640,\"height\":640,\"caption\":\"Ra\u00fal Bartolom\u00e9\"},\"logo\":{\"@id\":\"https:\\\/\\\/raulbartolome.com\\\/wp-content\\\/uploads\\\/2020\\\/02\\\/Raul-Bartolome-IMG_1090-2.jpeg\"},\"sameAs\":[\"https:\\\/\\\/raulbartolome.com\\\/\",\"https:\\\/\\\/www.facebook.com\\\/rbartolomecastro\",\"https:\\\/\\\/www.instagram.com\\\/rbartolomec\\\/\",\"https:\\\/\\\/www.linkedin.com\\\/in\\\/rbartolomecastro\",\"https:\\\/\\\/x.com\\\/raulbartolome\",\"https:\\\/\\\/www.youtube.com\\\/channel\\\/UCY7Pef7CeZf-8t9ALthQRqA\\\/\"]}]}<\/script>\n<!-- \/ Yoast SEO plugin. -->","yoast_head_json":{"title":"Sistema Modular de Adquisici\u00f3n de Datos - Ra\u00fal Bartolom\u00e9","robots":{"index":"index","follow":"follow","max-snippet":"max-snippet:-1","max-image-preview":"max-image-preview:large","max-video-preview":"max-video-preview:-1"},"canonical":"https:\/\/raulbartolome.com\/es\/producto\/sistema-modular-de-adquisicion-de-datos\/","og_locale":"es_ES","og_type":"article","og_title":"Sistema Modular de Adquisici\u00f3n de Datos - Ra\u00fal Bartolom\u00e9","og_description":"En este proyecto se describe c\u00f3mo se ha implementado un Sistema Modular de Adquisici\u00f3n de Datos. \u00c9ste consiste en una carcasa o rack en el que se conectan diversas tarjetas electr\u00f3nicas: comunicaci\u00f3n, medici\u00f3n, conmutaci\u00f3n, etc. y mediante un PC, se procesa y controla todo el sistema.  Numerosas veces se har\u00e1 referencia al Sistema de Comprobaci\u00f3n como INTE y al Sistema de Adquisici\u00f3n de Datos como AINTE que son sus nombres comerciales. \u00c9stos pertenecen a la empresa CreaSoft.  Los objetivos de este proyecto se pueden separar en dos grupos   C\u00f3mo se implement\u00f3 la transici\u00f3n del Sistema de Comprobaci\u00f3n ISA (INTE ISA) al Sistema de Comprobaci\u00f3n USB (INTE USB).  Esto consiste en el dise\u00f1o e implementaci\u00f3n de una tarjeta de comunicaciones y control USB as\u00ed como su software. Se tuvo que realizar de tal manera que pudiese soportar todo el legado del Sistema Comprobaci\u00f3n ISA (INTE ISA), es decir, que pudiese soportar tarjetas de datos digitales, hasta los 4032 puntos, compatibilidad de software, etc.   C\u00f3mo se implement\u00f3 el Sistema de Adquisici\u00f3n de Datos USB (AINTE USB)  Trabajando sobre el marco proporcionado por el Sistema de Comprobaci\u00f3n USB (INTE USB) se pretende dise\u00f1ar e implementar un Sistema de Adquisici\u00f3n de Datos USB (AINTE USB). Nuevamente se desea que soporte el legado del sistema anterior INTE USB pero que adem\u00e1s tenga la posibilidad de realizar mediciones anal\u00f3gicas de resistencias. Para alcanzar el objetivo se dise\u00f1aron e implementaron dos tarjetas, una encargada de realizar mediciones a modo de mult\u00edmetro digital y la otra encargada de realizar conmutaciones anal\u00f3gicas.  La descarga include la siguiente informaci\u00f3n: memoria del proyecto en formato pdf (el c\u00f3digo fuente est\u00e1 presente en los ap\u00e9ndices), presentaci\u00f3n en formato pptx y todo los datasheets relevantes para el dise\u00f1o electr\u00f3nico.","og_url":"https:\/\/raulbartolome.com\/es\/producto\/sistema-modular-de-adquisicion-de-datos\/","og_site_name":"Ra\u00fal Bartolom\u00e9","article_publisher":"https:\/\/www.facebook.com\/rbartolomecastro","article_modified_time":"2023-11-03T07:18:49+00:00","og_image":[{"width":836,"height":1170,"url":"https:\/\/raulbartolome.com\/wp-content\/uploads\/2004\/02\/Cover-Proyecto-Final-de-Carrera.png","type":"image\/png"}],"twitter_card":"summary_large_image","twitter_site":"@raulbartolome","schema":{"@context":"https:\/\/schema.org","@graph":[{"@type":"WebPage","@id":"https:\/\/raulbartolome.com\/product\/sistema-modular-de-adquisicion-de-datos\/","url":"https:\/\/raulbartolome.com\/product\/sistema-modular-de-adquisicion-de-datos\/","name":"Sistema Modular de Adquisici\u00f3n de Datos - Ra\u00fal Bartolom\u00e9","isPartOf":{"@id":"https:\/\/raulbartolome.com\/#website"},"primaryImageOfPage":{"@id":"https:\/\/raulbartolome.com\/product\/sistema-modular-de-adquisicion-de-datos\/#primaryimage"},"image":{"@id":"https:\/\/raulbartolome.com\/product\/sistema-modular-de-adquisicion-de-datos\/#primaryimage"},"thumbnailUrl":"https:\/\/raulbartolome.com\/wp-content\/uploads\/2004\/02\/Cover-Proyecto-Final-de-Carrera.png","datePublished":"2004-02-01T23:01:24+00:00","dateModified":"2023-11-03T07:18:49+00:00","breadcrumb":{"@id":"https:\/\/raulbartolome.com\/product\/sistema-modular-de-adquisicion-de-datos\/#breadcrumb"},"inLanguage":"es","potentialAction":[{"@type":"ReadAction","target":["https:\/\/raulbartolome.com\/product\/sistema-modular-de-adquisicion-de-datos\/"]}]},{"@type":"ImageObject","inLanguage":"es","@id":"https:\/\/raulbartolome.com\/product\/sistema-modular-de-adquisicion-de-datos\/#primaryimage","url":"https:\/\/raulbartolome.com\/wp-content\/uploads\/2004\/02\/Cover-Proyecto-Final-de-Carrera.png","contentUrl":"https:\/\/raulbartolome.com\/wp-content\/uploads\/2004\/02\/Cover-Proyecto-Final-de-Carrera.png","width":836,"height":1170},{"@type":"BreadcrumbList","@id":"https:\/\/raulbartolome.com\/product\/sistema-modular-de-adquisicion-de-datos\/#breadcrumb","itemListElement":[{"@type":"ListItem","position":1,"name":"Ra\u00fal Bartolom\u00e9","item":"https:\/\/raulbartolome.com\/"},{"@type":"ListItem","position":2,"name":"Downloads","item":"https:\/\/raulbartolome.com\/downloads\/"},{"@type":"ListItem","position":3,"name":"Engineering","item":"https:\/\/raulbartolome.com\/product-category\/engineering\/"},{"@type":"ListItem","position":4,"name":"Electronic","item":"https:\/\/raulbartolome.com\/product-category\/engineering\/electronic\/"},{"@type":"ListItem","position":5,"name":"Sistema Modular de Adquisici\u00f3n de Datos"}]},{"@type":"WebSite","@id":"https:\/\/raulbartolome.com\/#website","url":"https:\/\/raulbartolome.com\/","name":"Ra\u00fal Bartolom\u00e9","description":"Ingenier\u00eda, Gesti\u00f3n y Finanzas","publisher":{"@id":"https:\/\/raulbartolome.com\/#\/schema\/person\/728a70a0ee01a96dc17e5dd8c5f8e95e"},"potentialAction":[{"@type":"SearchAction","target":{"@type":"EntryPoint","urlTemplate":"https:\/\/raulbartolome.com\/?s={search_term_string}"},"query-input":{"@type":"PropertyValueSpecification","valueRequired":true,"valueName":"search_term_string"}}],"inLanguage":"es"},{"@type":["Person","Organization"],"@id":"https:\/\/raulbartolome.com\/#\/schema\/person\/728a70a0ee01a96dc17e5dd8c5f8e95e","name":"Ra\u00fal Bartolom\u00e9","image":{"@type":"ImageObject","inLanguage":"es","@id":"https:\/\/raulbartolome.com\/wp-content\/uploads\/2020\/02\/Raul-Bartolome-IMG_1090-2.jpeg","url":"https:\/\/raulbartolome.com\/wp-content\/uploads\/2020\/02\/Raul-Bartolome-IMG_1090-2.jpeg","contentUrl":"https:\/\/raulbartolome.com\/wp-content\/uploads\/2020\/02\/Raul-Bartolome-IMG_1090-2.jpeg","width":640,"height":640,"caption":"Ra\u00fal Bartolom\u00e9"},"logo":{"@id":"https:\/\/raulbartolome.com\/wp-content\/uploads\/2020\/02\/Raul-Bartolome-IMG_1090-2.jpeg"},"sameAs":["https:\/\/raulbartolome.com\/","https:\/\/www.facebook.com\/rbartolomecastro","https:\/\/www.instagram.com\/rbartolomec\/","https:\/\/www.linkedin.com\/in\/rbartolomecastro","https:\/\/x.com\/raulbartolome","https:\/\/www.youtube.com\/channel\/UCY7Pef7CeZf-8t9ALthQRqA\/"]}]}},"_links":{"self":[{"href":"https:\/\/raulbartolome.com\/es\/wp-json\/wp\/v2\/product\/133","targetHints":{"allow":["GET"]}}],"collection":[{"href":"https:\/\/raulbartolome.com\/es\/wp-json\/wp\/v2\/product"}],"about":[{"href":"https:\/\/raulbartolome.com\/es\/wp-json\/wp\/v2\/types\/product"}],"replies":[{"embeddable":true,"href":"https:\/\/raulbartolome.com\/es\/wp-json\/wp\/v2\/comments?post=133"}],"wp:featuredmedia":[{"embeddable":true,"href":"https:\/\/raulbartolome.com\/es\/wp-json\/wp\/v2\/media\/19292"}],"wp:attachment":[{"href":"https:\/\/raulbartolome.com\/es\/wp-json\/wp\/v2\/media?parent=133"}],"wp:term":[{"taxonomy":"product_brand","embeddable":true,"href":"https:\/\/raulbartolome.com\/es\/wp-json\/wp\/v2\/product_brand?post=133"},{"taxonomy":"product_cat","embeddable":true,"href":"https:\/\/raulbartolome.com\/es\/wp-json\/wp\/v2\/product_cat?post=133"},{"taxonomy":"product_tag","embeddable":true,"href":"https:\/\/raulbartolome.com\/es\/wp-json\/wp\/v2\/product_tag?post=133"}],"curies":[{"name":"gracias","href":"https:\/\/api.w.org\/{rel}","templated":true}]}}