{"id":131,"date":"2000-12-02T00:00:41","date_gmt":"2000-12-01T23:00:41","guid":{"rendered":"http:\/\/www.r-b-c.info\/?page_id=131"},"modified":"2023-05-18T15:54:05","modified_gmt":"2023-05-18T13:54:05","slug":"osciloscopio-basado-en-windows-95-utilizando-el-puerto-serie","status":"publish","type":"product","link":"https:\/\/raulbartolome.com\/es\/producto\/osciloscopio-basado-en-windows-95-utilizando-el-puerto-serie\/","title":{"rendered":"Osciloscopio Basado en Windows 95 Utilizando el Puerto Serie"},"content":{"rendered":"<p>El objetivo de este proyecto es desarrollar una placa de adquisici\u00f3n de datos anal\u00f3gicos, gobernada por una computadora personal o PC sobre el sistema operativo Windows 95 mediante el puerto serie. Debe presentar en pantalla e impresora las lecturas temporales adquiridas de la placa, as\u00ed como la posibilidad de guardar los datos en memoria no vol\u00e1til. Tambi\u00e9n se debe implementar los controles funcionales t\u00edpicos de un osciloscopio.<\/p>\r\n\r\n\r\n\r\n<h2 class=\"wp-block-heading\">Descripci\u00f3n general<\/h2>\r\n\r\n\r\n\r\n<p>Para la realizaci\u00f3n del osciloscopio se utiliza un ordenador del tipo PC, aprovechando la capacidad de \u00e9ste para procesar datos y poder representarlos de forma gr\u00e1fica. Mediante una tarjeta se recoger\u00e1n la informaci\u00f3n, se da\u00f1ar\u00e1n en digital y se transmitir\u00e1 al ordenador para que \u00e9ste los procese con un programa desarrollado en Visual C++ sobre el sistema operativo Windows 95.<\/p>\r\n\r\n\r\n\r\n<p>El proyecto consta de tres partes bien diferenciadas:<\/p>\r\n\r\n\r\n\r\n<ol class=\"wp-block-list\">\r\n<li>Perif\u00e9rico: configurado por una tarjeta de adquisici\u00f3n de datos anal\u00f3gicos de cuatro canales, la cual est\u00e1 conectada al PC mediante el puerto serie. El \u201ccoraz\u00f3n\u201d de esta tarjeta es un microcontrolador, que se encarga de realizar el control de la electr\u00f3nica y la transmisi\u00f3n de la informaci\u00f3n por el canal serie al PC.<\/li>\r\n<li>Software de bajo nivel: \u00e9ste es el \u201ccerebro\u201d del perif\u00e9rico, debe interpretar las \u00f3rdenes recibidas mediante el canal serie para alterar la electr\u00f3nica de<br \/>controlar y transmitir la informaci\u00f3n obtenida por los canales.<\/li>\r\n<li>Software de alto nivel: constituye la \u201cinterfaz\u201d de usuario. Tambi\u00e9n se encarga de procesar la informaci\u00f3n procedente del canal serie para presentarla como el usuario desea, as\u00ed como transmitir al perif\u00e9rico el estado que \u00e9ste debe adaptar.<\/li>\r\n<\/ol>\r\n\r\n\r\n\r\n<figure class=\"wp-block-image\"><img decoding=\"async\" class=\"wp-image-2387\" src=\"https:\/\/raulbartolome.com\/wp-content\/uploads\/2019\/04\/Capture-1024x312.png\" alt=\"\" \/><\/figure>\r\n\r\n\r\n\r\n<p>El perif\u00e9rico incluye diferentes bloques que le permiten realizar las funciones de un osciloscopio controlado mediante un PC:<\/p>\r\n\r\n\r\n\r\n<ul class=\"wp-block-list\">\r\n<li>Cuatro etapas de entrada con la posibilidad de atenuaci\u00f3n interna.<\/li>\r\n<li>Multiplexaci\u00f3n de canales.<\/li>\r\n<li>Amplificaci\u00f3n de ganancia variable.<\/li>\r\n<li>Filtrado banda pasante o filtro paso bajo.<\/li>\r\n<li>Sumador.<\/li>\r\n<li>Convertidor de analogico a digital.<\/li>\r\n<li>Microcontrolador.<\/li>\r\n<li>Memoria suplementaria.<\/li>\r\n<li>Serie de interfaz.<\/li>\r\n<\/ul>\r\n\r\n\r\n\r\n<div class=\"wp-block-image\">\r\n<figure class=\"aligncenter\"><img decoding=\"async\" class=\"wp-image-2394\" src=\"https:\/\/raulbartolome.com\/wp-content\/uploads\/2019\/04\/Capture-3-1024x1011.png\" alt=\"\" \/><\/figure>\r\n<\/div>\r\n\r\n\r\n\r\n<p>El software de bajo nivel que est\u00e1 formado por c\u00f3digo en ensamblador interpretable por el microcontrolador 8\u00d751 formado por los siguientes conceptos:<\/p>\r\n\r\n\r\n\r\n<ul class=\"wp-block-list\">\r\n<li>Inicializacion del microcontrolador y electronica externa.<\/li>\r\n<li>Muestreo de las se\u00f1ales da\u00f1adas a medir y guardar la informaci\u00f3n en<br \/>recuerdo<\/li>\r\n<li>Transmisi\u00f3n de las muestras obtenidas que est\u00e1n almacenadas en memoria.<\/li>\r\n<li>Gesti\u00f3n de las \u00f3rdenes recibidas por el PC.<\/li>\r\n<\/ul>\r\n\r\n\r\n\r\n<figure class=\"wp-block-image\"><img decoding=\"async\" class=\"wp-image-2390\" src=\"https:\/\/raulbartolome.com\/wp-content\/uploads\/2019\/04\/Capture-1-809x1024.png\" alt=\"\" \/><\/figure>\r\n\r\n\r\n\r\n<p>El software de alto nivel se ha creado mediante el lenguaje Microsoft Visual C++ versi\u00f3n 5.0, se encarga de realizar las siguientes funciones:<\/p>\r\n\r\n\r\n\r\n<figure class=\"wp-block-image\"><img decoding=\"async\" class=\"wp-image-2391\" src=\"https:\/\/raulbartolome.com\/wp-content\/uploads\/2019\/04\/Capture-2-877x1024.png\" alt=\"\" \/><\/figure>","protected":false},"excerpt":{"rendered":"<p>El objetivo de este proyecto es desarrollar una placa de adquisici\u00f3n de datos anal\u00f3gicos, gobernada por una computadora personal o PC sobre el sistema operativo Windows 95 mediante el puerto serie. Debe presentar en pantalla e impresora las lecturas temporales adquiridas de la placa, as\u00ed como la posibilidad de guardar los datos en memoria no vol\u00e1til. Tambi\u00e9n se debe implementar los controles funcionales t\u00edpicos de un osciloscopio.<\/p>\n<p>La descarga incluye la siguiente informaci\u00f3n: memoria del proyecto en formato pdf, c\u00f3digo fuente en ensamblador para el 8051 y proyecto en Visual Studio para Windows, data sheets de los componentes electr\u00f3nicos, proyecto en OrCAD para los esquem\u00e1ticos y PCB.<\/p>","protected":false},"featured_media":16661,"comment_status":"open","ping_status":"closed","template":"","meta":{"ocean_post_layout":"","ocean_both_sidebars_style":"","ocean_both_sidebars_content_width":0,"ocean_both_sidebars_sidebars_width":0,"ocean_sidebar":"0","ocean_second_sidebar":"0","ocean_disable_margins":"enable","ocean_add_body_class":"","ocean_shortcode_before_top_bar":"","ocean_shortcode_after_top_bar":"","ocean_shortcode_before_header":"","ocean_shortcode_after_header":"","ocean_has_shortcode":"","ocean_shortcode_after_title":"","ocean_shortcode_before_footer_widgets":"","ocean_shortcode_after_footer_widgets":"","ocean_shortcode_before_footer_bottom":"","ocean_shortcode_after_footer_bottom":"","ocean_display_top_bar":"default","ocean_display_header":"default","ocean_header_style":"","ocean_center_header_left_menu":"0","ocean_custom_header_template":"0","ocean_custom_logo":0,"ocean_custom_retina_logo":0,"ocean_custom_logo_max_width":0,"ocean_custom_logo_tablet_max_width":0,"ocean_custom_logo_mobile_max_width":0,"ocean_custom_logo_max_height":0,"ocean_custom_logo_tablet_max_height":0,"ocean_custom_logo_mobile_max_height":0,"ocean_header_custom_menu":"0","ocean_menu_typo_font_family":"0","ocean_menu_typo_font_subset":"","ocean_menu_typo_font_size":0,"ocean_menu_typo_font_size_tablet":0,"ocean_menu_typo_font_size_mobile":0,"ocean_menu_typo_font_size_unit":"px","ocean_menu_typo_font_weight":"","ocean_menu_typo_font_weight_tablet":"","ocean_menu_typo_font_weight_mobile":"","ocean_menu_typo_transform":"","ocean_menu_typo_transform_tablet":"","ocean_menu_typo_transform_mobile":"","ocean_menu_typo_line_height":0,"ocean_menu_typo_line_height_tablet":0,"ocean_menu_typo_line_height_mobile":0,"ocean_menu_typo_line_height_unit":"","ocean_menu_typo_spacing":0,"ocean_menu_typo_spacing_tablet":0,"ocean_menu_typo_spacing_mobile":0,"ocean_menu_typo_spacing_unit":"","ocean_menu_link_color":"","ocean_menu_link_color_hover":"","ocean_menu_link_color_active":"","ocean_menu_link_background":"","ocean_menu_link_hover_background":"","ocean_menu_link_active_background":"","ocean_menu_social_links_bg":"","ocean_menu_social_hover_links_bg":"","ocean_menu_social_links_color":"","ocean_menu_social_hover_links_color":"","ocean_disable_title":"enable","ocean_disable_heading":"enable","ocean_post_title":"","ocean_post_subheading":"","ocean_post_title_style":"background-image","ocean_post_title_background_color":"","ocean_post_title_background":16661,"ocean_post_title_bg_image_position":"","ocean_post_title_bg_image_attachment":"","ocean_post_title_bg_image_repeat":"","ocean_post_title_bg_image_size":"","ocean_post_title_height":0,"ocean_post_title_bg_overlay":0.5,"ocean_post_title_bg_overlay_color":"","ocean_disable_breadcrumbs":"default","ocean_breadcrumbs_color":"","ocean_breadcrumbs_separator_color":"","ocean_breadcrumbs_links_color":"","ocean_breadcrumbs_links_hover_color":"","ocean_display_footer_widgets":"default","ocean_display_footer_bottom":"default","ocean_custom_footer_template":"0","osh_disable_topbar_sticky":"default","osh_disable_header_sticky":"default","osh_sticky_header_style":"default","osh_sticky_header_effect":"","osh_custom_sticky_logo":0,"osh_custom_retina_sticky_logo":0,"osh_custom_sticky_logo_height":0,"osh_background_color":"","osh_links_color":"","osh_links_hover_color":"","osh_links_active_color":"","osh_links_bg_color":"","osh_links_hover_bg_color":"","osh_links_active_bg_color":"","osh_menu_social_links_color":"","osh_menu_social_hover_links_color":""},"product_brand":[],"product_cat":[748,747,749],"product_tag":[867,870,873],"class_list":{"0":"post-131","1":"product","2":"type-product","3":"status-publish","4":"has-post-thumbnail","6":"product_cat-electronic","7":"product_cat-engineering","8":"product_cat-software","9":"product_tag-academico","10":"product_tag-itiei","11":"product_tag-todos","13":"entry","14":"has-media","16":"first","17":"instock","18":"downloadable","19":"virtual","20":"taxable","21":"purchasable","22":"product-type-simple","23":"col","24":"span_1_of_3","25":"owp-content-center","26":"owp-thumbs-layout-horizontal","27":"owp-btn-normal","28":"owp-tabs-layout-section","29":"has-no-thumbnails"},"yoast_head":"<!-- This site is optimized with the Yoast SEO plugin v27.4 - https:\/\/yoast.com\/product\/yoast-seo-wordpress\/ -->\n<title>Osciloscopio Basado en Windows 95 Utilizando el Puerto Serie - Ra\u00fal Bartolom\u00e9<\/title>\n<meta name=\"robots\" content=\"index, follow, max-snippet:-1, max-image-preview:large, max-video-preview:-1\" \/>\n<link rel=\"canonical\" href=\"https:\/\/raulbartolome.com\/es\/producto\/osciloscopio-basado-en-windows-95-utilizando-el-puerto-serie\/\" \/>\n<meta property=\"og:locale\" content=\"es_ES\" \/>\n<meta property=\"og:type\" content=\"article\" \/>\n<meta property=\"og:title\" content=\"Osciloscopio Basado en Windows 95 Utilizando el Puerto Serie - Ra\u00fal Bartolom\u00e9\" \/>\n<meta property=\"og:description\" content=\"El objetivo de este proyecto es desarrollar una placa de adquisici\u00f3n de datos anal\u00f3gicos, gobernada por una computadora personal o PC sobre el sistema operativo Windows 95 mediante el puerto serie. Debe presentar en pantalla e impresora las lecturas temporales adquiridas de la placa, as\u00ed como la posibilidad de guardar los datos en memoria no vol\u00e1til. Tambi\u00e9n se debe implementar los controles funcionales t\u00edpicos de un osciloscopio. La descarga include la siguiente informaci\u00f3n: memoria del proyecto en formato pdf, c\u00f3digo fuente en ensamblador para el 8051 y proyecto en Visual Studio para Windows, data sheets de los componentes electr\u00f3nicos, proyecto en OrCAD para los esquem\u00e1ticos y PCB.\" \/>\n<meta property=\"og:url\" content=\"https:\/\/raulbartolome.com\/es\/producto\/osciloscopio-basado-en-windows-95-utilizando-el-puerto-serie\/\" \/>\n<meta property=\"og:site_name\" content=\"Ra\u00fal Bartolom\u00e9\" \/>\n<meta property=\"article:publisher\" content=\"https:\/\/www.facebook.com\/rbartolomecastro\" \/>\n<meta property=\"article:modified_time\" content=\"2023-05-18T13:54:05+00:00\" \/>\n<meta property=\"og:image\" content=\"https:\/\/raulbartolome.com\/wp-content\/uploads\/2019\/05\/Osciloscopio-Basado-en-Windows-95-Utilizando-el-Puerto-Serie.png\" \/>\n\t<meta property=\"og:image:width\" content=\"1378\" \/>\n\t<meta property=\"og:image:height\" content=\"1838\" \/>\n\t<meta property=\"og:image:type\" content=\"image\/png\" \/>\n<meta name=\"twitter:card\" content=\"summary_large_image\" \/>\n<meta name=\"twitter:site\" content=\"@raulbartolome\" \/>\n<meta name=\"twitter:label1\" content=\"Tiempo de lectura\" \/>\n\t<meta name=\"twitter:data1\" content=\"2 minutos\" \/>\n<script type=\"application\/ld+json\" class=\"yoast-schema-graph\">{\"@context\":\"https:\\\/\\\/schema.org\",\"@graph\":[{\"@type\":\"WebPage\",\"@id\":\"https:\\\/\\\/raulbartolome.com\\\/product\\\/osciloscopio-basado-en-windows-95-utilizando-el-puerto-serie\\\/\",\"url\":\"https:\\\/\\\/raulbartolome.com\\\/product\\\/osciloscopio-basado-en-windows-95-utilizando-el-puerto-serie\\\/\",\"name\":\"Osciloscopio Basado en Windows 95 Utilizando el Puerto Serie - Ra\u00fal Bartolom\u00e9\",\"isPartOf\":{\"@id\":\"https:\\\/\\\/raulbartolome.com\\\/#website\"},\"primaryImageOfPage\":{\"@id\":\"https:\\\/\\\/raulbartolome.com\\\/product\\\/osciloscopio-basado-en-windows-95-utilizando-el-puerto-serie\\\/#primaryimage\"},\"image\":{\"@id\":\"https:\\\/\\\/raulbartolome.com\\\/product\\\/osciloscopio-basado-en-windows-95-utilizando-el-puerto-serie\\\/#primaryimage\"},\"thumbnailUrl\":\"https:\\\/\\\/raulbartolome.com\\\/wp-content\\\/uploads\\\/2019\\\/05\\\/Osciloscopio-Basado-en-Windows-95-Utilizando-el-Puerto-Serie.png\",\"datePublished\":\"2000-12-01T23:00:41+00:00\",\"dateModified\":\"2023-05-18T13:54:05+00:00\",\"breadcrumb\":{\"@id\":\"https:\\\/\\\/raulbartolome.com\\\/product\\\/osciloscopio-basado-en-windows-95-utilizando-el-puerto-serie\\\/#breadcrumb\"},\"inLanguage\":\"es\",\"potentialAction\":[{\"@type\":\"ReadAction\",\"target\":[\"https:\\\/\\\/raulbartolome.com\\\/product\\\/osciloscopio-basado-en-windows-95-utilizando-el-puerto-serie\\\/\"]}]},{\"@type\":\"ImageObject\",\"inLanguage\":\"es\",\"@id\":\"https:\\\/\\\/raulbartolome.com\\\/product\\\/osciloscopio-basado-en-windows-95-utilizando-el-puerto-serie\\\/#primaryimage\",\"url\":\"https:\\\/\\\/raulbartolome.com\\\/wp-content\\\/uploads\\\/2019\\\/05\\\/Osciloscopio-Basado-en-Windows-95-Utilizando-el-Puerto-Serie.png\",\"contentUrl\":\"https:\\\/\\\/raulbartolome.com\\\/wp-content\\\/uploads\\\/2019\\\/05\\\/Osciloscopio-Basado-en-Windows-95-Utilizando-el-Puerto-Serie.png\",\"width\":1378,\"height\":1838},{\"@type\":\"BreadcrumbList\",\"@id\":\"https:\\\/\\\/raulbartolome.com\\\/product\\\/osciloscopio-basado-en-windows-95-utilizando-el-puerto-serie\\\/#breadcrumb\",\"itemListElement\":[{\"@type\":\"ListItem\",\"position\":1,\"name\":\"Ra\u00fal Bartolom\u00e9\",\"item\":\"https:\\\/\\\/raulbartolome.com\\\/\"},{\"@type\":\"ListItem\",\"position\":2,\"name\":\"Downloads\",\"item\":\"https:\\\/\\\/raulbartolome.com\\\/downloads\\\/\"},{\"@type\":\"ListItem\",\"position\":3,\"name\":\"Engineering\",\"item\":\"https:\\\/\\\/raulbartolome.com\\\/product-category\\\/engineering\\\/\"},{\"@type\":\"ListItem\",\"position\":4,\"name\":\"Electronic\",\"item\":\"https:\\\/\\\/raulbartolome.com\\\/product-category\\\/engineering\\\/electronic\\\/\"},{\"@type\":\"ListItem\",\"position\":5,\"name\":\"Osciloscopio Basado en Windows 95 Utilizando el Puerto Serie\"}]},{\"@type\":\"WebSite\",\"@id\":\"https:\\\/\\\/raulbartolome.com\\\/#website\",\"url\":\"https:\\\/\\\/raulbartolome.com\\\/\",\"name\":\"Ra\u00fal Bartolom\u00e9\",\"description\":\"Engineering, Management and Finance\",\"publisher\":{\"@id\":\"https:\\\/\\\/raulbartolome.com\\\/#\\\/schema\\\/person\\\/728a70a0ee01a96dc17e5dd8c5f8e95e\"},\"potentialAction\":[{\"@type\":\"SearchAction\",\"target\":{\"@type\":\"EntryPoint\",\"urlTemplate\":\"https:\\\/\\\/raulbartolome.com\\\/?s={search_term_string}\"},\"query-input\":{\"@type\":\"PropertyValueSpecification\",\"valueRequired\":true,\"valueName\":\"search_term_string\"}}],\"inLanguage\":\"es\"},{\"@type\":[\"Person\",\"Organization\"],\"@id\":\"https:\\\/\\\/raulbartolome.com\\\/#\\\/schema\\\/person\\\/728a70a0ee01a96dc17e5dd8c5f8e95e\",\"name\":\"Ra\u00fal Bartolom\u00e9\",\"image\":{\"@type\":\"ImageObject\",\"inLanguage\":\"es\",\"@id\":\"https:\\\/\\\/raulbartolome.com\\\/wp-content\\\/uploads\\\/2020\\\/02\\\/Raul-Bartolome-IMG_1090-2.jpeg\",\"url\":\"https:\\\/\\\/raulbartolome.com\\\/wp-content\\\/uploads\\\/2020\\\/02\\\/Raul-Bartolome-IMG_1090-2.jpeg\",\"contentUrl\":\"https:\\\/\\\/raulbartolome.com\\\/wp-content\\\/uploads\\\/2020\\\/02\\\/Raul-Bartolome-IMG_1090-2.jpeg\",\"width\":640,\"height\":640,\"caption\":\"Ra\u00fal Bartolom\u00e9\"},\"logo\":{\"@id\":\"https:\\\/\\\/raulbartolome.com\\\/wp-content\\\/uploads\\\/2020\\\/02\\\/Raul-Bartolome-IMG_1090-2.jpeg\"},\"sameAs\":[\"https:\\\/\\\/raulbartolome.com\\\/\",\"https:\\\/\\\/www.facebook.com\\\/rbartolomecastro\",\"https:\\\/\\\/www.instagram.com\\\/rbartolomec\\\/\",\"https:\\\/\\\/www.linkedin.com\\\/in\\\/rbartolomecastro\",\"https:\\\/\\\/x.com\\\/raulbartolome\",\"https:\\\/\\\/www.youtube.com\\\/channel\\\/UCY7Pef7CeZf-8t9ALthQRqA\\\/\"]}]}<\/script>\n<!-- \/ Yoast SEO plugin. -->","yoast_head_json":{"title":"Osciloscopio Basado en Windows 95 Utilizando el Puerto Serie - Ra\u00fal Bartolom\u00e9","robots":{"index":"index","follow":"follow","max-snippet":"max-snippet:-1","max-image-preview":"max-image-preview:large","max-video-preview":"max-video-preview:-1"},"canonical":"https:\/\/raulbartolome.com\/es\/producto\/osciloscopio-basado-en-windows-95-utilizando-el-puerto-serie\/","og_locale":"es_ES","og_type":"article","og_title":"Osciloscopio Basado en Windows 95 Utilizando el Puerto Serie - Ra\u00fal Bartolom\u00e9","og_description":"El objetivo de este proyecto es desarrollar una placa de adquisici\u00f3n de datos anal\u00f3gicos, gobernada por una computadora personal o PC sobre el sistema operativo Windows 95 mediante el puerto serie. Debe presentar en pantalla e impresora las lecturas temporales adquiridas de la placa, as\u00ed como la posibilidad de guardar los datos en memoria no vol\u00e1til. Tambi\u00e9n se debe implementar los controles funcionales t\u00edpicos de un osciloscopio. La descarga include la siguiente informaci\u00f3n: memoria del proyecto en formato pdf, c\u00f3digo fuente en ensamblador para el 8051 y proyecto en Visual Studio para Windows, data sheets de los componentes electr\u00f3nicos, proyecto en OrCAD para los esquem\u00e1ticos y PCB.","og_url":"https:\/\/raulbartolome.com\/es\/producto\/osciloscopio-basado-en-windows-95-utilizando-el-puerto-serie\/","og_site_name":"Ra\u00fal Bartolom\u00e9","article_publisher":"https:\/\/www.facebook.com\/rbartolomecastro","article_modified_time":"2023-05-18T13:54:05+00:00","og_image":[{"width":1378,"height":1838,"url":"https:\/\/raulbartolome.com\/wp-content\/uploads\/2019\/05\/Osciloscopio-Basado-en-Windows-95-Utilizando-el-Puerto-Serie.png","type":"image\/png"}],"twitter_card":"summary_large_image","twitter_site":"@raulbartolome","twitter_misc":{"Tiempo de lectura":"2 minutos"},"schema":{"@context":"https:\/\/schema.org","@graph":[{"@type":"WebPage","@id":"https:\/\/raulbartolome.com\/product\/osciloscopio-basado-en-windows-95-utilizando-el-puerto-serie\/","url":"https:\/\/raulbartolome.com\/product\/osciloscopio-basado-en-windows-95-utilizando-el-puerto-serie\/","name":"Osciloscopio Basado en Windows 95 Utilizando el Puerto Serie - Ra\u00fal Bartolom\u00e9","isPartOf":{"@id":"https:\/\/raulbartolome.com\/#website"},"primaryImageOfPage":{"@id":"https:\/\/raulbartolome.com\/product\/osciloscopio-basado-en-windows-95-utilizando-el-puerto-serie\/#primaryimage"},"image":{"@id":"https:\/\/raulbartolome.com\/product\/osciloscopio-basado-en-windows-95-utilizando-el-puerto-serie\/#primaryimage"},"thumbnailUrl":"https:\/\/raulbartolome.com\/wp-content\/uploads\/2019\/05\/Osciloscopio-Basado-en-Windows-95-Utilizando-el-Puerto-Serie.png","datePublished":"2000-12-01T23:00:41+00:00","dateModified":"2023-05-18T13:54:05+00:00","breadcrumb":{"@id":"https:\/\/raulbartolome.com\/product\/osciloscopio-basado-en-windows-95-utilizando-el-puerto-serie\/#breadcrumb"},"inLanguage":"es","potentialAction":[{"@type":"ReadAction","target":["https:\/\/raulbartolome.com\/product\/osciloscopio-basado-en-windows-95-utilizando-el-puerto-serie\/"]}]},{"@type":"ImageObject","inLanguage":"es","@id":"https:\/\/raulbartolome.com\/product\/osciloscopio-basado-en-windows-95-utilizando-el-puerto-serie\/#primaryimage","url":"https:\/\/raulbartolome.com\/wp-content\/uploads\/2019\/05\/Osciloscopio-Basado-en-Windows-95-Utilizando-el-Puerto-Serie.png","contentUrl":"https:\/\/raulbartolome.com\/wp-content\/uploads\/2019\/05\/Osciloscopio-Basado-en-Windows-95-Utilizando-el-Puerto-Serie.png","width":1378,"height":1838},{"@type":"BreadcrumbList","@id":"https:\/\/raulbartolome.com\/product\/osciloscopio-basado-en-windows-95-utilizando-el-puerto-serie\/#breadcrumb","itemListElement":[{"@type":"ListItem","position":1,"name":"Ra\u00fal Bartolom\u00e9","item":"https:\/\/raulbartolome.com\/"},{"@type":"ListItem","position":2,"name":"Downloads","item":"https:\/\/raulbartolome.com\/downloads\/"},{"@type":"ListItem","position":3,"name":"Engineering","item":"https:\/\/raulbartolome.com\/product-category\/engineering\/"},{"@type":"ListItem","position":4,"name":"Electronic","item":"https:\/\/raulbartolome.com\/product-category\/engineering\/electronic\/"},{"@type":"ListItem","position":5,"name":"Osciloscopio Basado en Windows 95 Utilizando el Puerto Serie"}]},{"@type":"WebSite","@id":"https:\/\/raulbartolome.com\/#website","url":"https:\/\/raulbartolome.com\/","name":"Ra\u00fal Bartolom\u00e9","description":"Ingenier\u00eda, Gesti\u00f3n y Finanzas","publisher":{"@id":"https:\/\/raulbartolome.com\/#\/schema\/person\/728a70a0ee01a96dc17e5dd8c5f8e95e"},"potentialAction":[{"@type":"SearchAction","target":{"@type":"EntryPoint","urlTemplate":"https:\/\/raulbartolome.com\/?s={search_term_string}"},"query-input":{"@type":"PropertyValueSpecification","valueRequired":true,"valueName":"search_term_string"}}],"inLanguage":"es"},{"@type":["Person","Organization"],"@id":"https:\/\/raulbartolome.com\/#\/schema\/person\/728a70a0ee01a96dc17e5dd8c5f8e95e","name":"Ra\u00fal Bartolom\u00e9","image":{"@type":"ImageObject","inLanguage":"es","@id":"https:\/\/raulbartolome.com\/wp-content\/uploads\/2020\/02\/Raul-Bartolome-IMG_1090-2.jpeg","url":"https:\/\/raulbartolome.com\/wp-content\/uploads\/2020\/02\/Raul-Bartolome-IMG_1090-2.jpeg","contentUrl":"https:\/\/raulbartolome.com\/wp-content\/uploads\/2020\/02\/Raul-Bartolome-IMG_1090-2.jpeg","width":640,"height":640,"caption":"Ra\u00fal Bartolom\u00e9"},"logo":{"@id":"https:\/\/raulbartolome.com\/wp-content\/uploads\/2020\/02\/Raul-Bartolome-IMG_1090-2.jpeg"},"sameAs":["https:\/\/raulbartolome.com\/","https:\/\/www.facebook.com\/rbartolomecastro","https:\/\/www.instagram.com\/rbartolomec\/","https:\/\/www.linkedin.com\/in\/rbartolomecastro","https:\/\/x.com\/raulbartolome","https:\/\/www.youtube.com\/channel\/UCY7Pef7CeZf-8t9ALthQRqA\/"]}]}},"_links":{"self":[{"href":"https:\/\/raulbartolome.com\/es\/wp-json\/wp\/v2\/product\/131","targetHints":{"allow":["GET"]}}],"collection":[{"href":"https:\/\/raulbartolome.com\/es\/wp-json\/wp\/v2\/product"}],"about":[{"href":"https:\/\/raulbartolome.com\/es\/wp-json\/wp\/v2\/types\/product"}],"replies":[{"embeddable":true,"href":"https:\/\/raulbartolome.com\/es\/wp-json\/wp\/v2\/comments?post=131"}],"wp:featuredmedia":[{"embeddable":true,"href":"https:\/\/raulbartolome.com\/es\/wp-json\/wp\/v2\/media\/16661"}],"wp:attachment":[{"href":"https:\/\/raulbartolome.com\/es\/wp-json\/wp\/v2\/media?parent=131"}],"wp:term":[{"taxonomy":"product_brand","embeddable":true,"href":"https:\/\/raulbartolome.com\/es\/wp-json\/wp\/v2\/product_brand?post=131"},{"taxonomy":"product_cat","embeddable":true,"href":"https:\/\/raulbartolome.com\/es\/wp-json\/wp\/v2\/product_cat?post=131"},{"taxonomy":"product_tag","embeddable":true,"href":"https:\/\/raulbartolome.com\/es\/wp-json\/wp\/v2\/product_tag?post=131"}],"curies":[{"name":"gracias","href":"https:\/\/api.w.org\/{rel}","templated":true}]}}